{"id":937,"date":"2019-03-30T13:28:43","date_gmt":"2019-03-30T12:28:43","guid":{"rendered":"http:\/\/216642.w42.wedos.ws\/?page_id=937"},"modified":"2025-05-28T12:23:53","modified_gmt":"2025-05-28T10:23:53","slug":"catamaran","status":"publish","type":"page","link":"https:\/\/www.escapetonature.eu\/cz\/catamaran\/","title":{"rendered":"Expedi\u010dn\u00ed Katamar\u00e1n"},"content":{"rendered":"\n<p>N\u00e1zev katamar\u00e1nu vych\u00e1z\u00ed z loga na\u0161eho dlouhodob\u00e9ho projektu \u201e<strong>Escape to Nature\u201c<\/strong>. Na novou expedici se vyd\u00e1me z Evropy ve druh\u00e9 polovin\u011b 2025.<\/p>\n\n\n\n<div class=\"wp-block-media-text alignwide is-stacked-on-mobile\" style=\"grid-template-columns:55% auto\"><figure class=\"wp-block-media-text__media\"><img fetchpriority=\"high\" decoding=\"async\" width=\"1024\" height=\"745\" src=\"https:\/\/www.escapetonature.eu\/wp-content\/uploads\/2024\/12\/PacificMapLogo-1024x745.jpg\" alt=\"\" class=\"wp-image-4508 size-full\" srcset=\"https:\/\/www.escapetonature.eu\/wp-content\/uploads\/2024\/12\/PacificMapLogo-1024x745.jpg 1024w, https:\/\/www.escapetonature.eu\/wp-content\/uploads\/2024\/12\/PacificMapLogo-300x218.jpg 300w, https:\/\/www.escapetonature.eu\/wp-content\/uploads\/2024\/12\/PacificMapLogo-150x109.jpg 150w, https:\/\/www.escapetonature.eu\/wp-content\/uploads\/2024\/12\/PacificMapLogo-768x559.jpg 768w, https:\/\/www.escapetonature.eu\/wp-content\/uploads\/2024\/12\/PacificMapLogo-1536x1118.jpg 1536w, https:\/\/www.escapetonature.eu\/wp-content\/uploads\/2024\/12\/PacificMapLogo-2048x1490.jpg 2048w, https:\/\/www.escapetonature.eu\/wp-content\/uploads\/2024\/12\/PacificMapLogo-2000x1455.jpg 2000w, https:\/\/www.escapetonature.eu\/wp-content\/uploads\/2024\/12\/PacificMapLogo-1000x728.jpg 1000w, https:\/\/www.escapetonature.eu\/wp-content\/uploads\/2024\/12\/PacificMapLogo-1800x1310.jpg 1800w, https:\/\/www.escapetonature.eu\/wp-content\/uploads\/2024\/12\/PacificMapLogo-770x560.jpg 770w, https:\/\/www.escapetonature.eu\/wp-content\/uploads\/2024\/12\/PacificMapLogo-600x437.jpg 600w\" sizes=\"(max-width: 1024px) 100vw, 1024px\" \/><\/figure><div class=\"wp-block-media-text__content\">\n<p class=\"has-large-font-size\"><strong>Katamar\u00e1n<\/strong><\/p>\n\n\n\n<p>Na z\u00e1klad\u011b partnerstv\u00ed s v\u00fdrobcem katamar\u00e1n\u016f Lagoon (Francie) a Altumare (ofici\u00e1ln\u00ed z\u00e1stupce prodejc\u016f Lagoon) zah\u00e1j\u00edme n\u00e1\u0161 dlouhodob\u00fd filmov\u00fd a v\u011bdeck\u00fd projekt v Pacifiku na nov\u00e9m modelu <a href=\"https:\/\/www.catamarans-lagoon.com\/boats\/lagoon-51\" target=\"_blank\" rel=\"noreferrer noopener\"><strong>Lagoon 51<\/strong><\/a>. Projekt a partnerstv\u00ed mezi Lagoon a Escape to Nature byly ofici\u00e1ln\u011b odhaleny na tiskov\u00e9 konferenci 8. z\u00e1\u0159\u00ed 2021 na <strong><a href=\"https:\/\/www.cannesyachtingfestival.com\/en-gb.html\" target=\"_blank\" rel=\"noreferrer noopener\">Cannes Yachting Festival<\/a><\/strong> nejv\u011bt\u0161\u00ed lodn\u00ed veletrh v Evrop\u011b.<\/p>\n\n\n\n<p><strong>A jak projekt spust\u00edme?<\/strong><br>Na na\u0161em expedi\u010dn\u00edm katamar\u00e1nu vyplujeme p\u0159\u00edmo z Evropy na Gran Canaria. Pot\u00e9 budeme pokra\u010dovat p\u0159es Atlantik do Svat\u00e9 Lucie v Karibiku. Pot\u00e9 poplujeme karibsk\u00fdmi ostrovy, Mexick\u00fdm z\u00e1livem a Panamsk\u00fdm pr\u016fplavem na Galap\u00e1gy. Zde zah\u00e1j\u00edme plavby p\u0159es Pacifik; zam\u00ed\u0159\u00edme na Mark\u00e9zsk\u00e9 ostrovy a Francouzskou Polyn\u00e9sii. B\u011bhem n\u011bkolika p\u0159\u00ed\u0161t\u00edch let zakotv\u00edme u nejvzd\u00e1len\u011bj\u0161\u00edch lokalit v\u011bt\u0161iny souostrov\u00ed Pacifiku.<\/p>\n<\/div><\/div>\n\n\n\n<p><\/p>\n\n\n\n<figure class=\"wp-block-image size-large\"><img decoding=\"async\" width=\"1024\" height=\"497\" src=\"https:\/\/www.escapetonature.eu\/wp-content\/uploads\/2022\/08\/Map_voyage-1024x497.jpg\" alt=\"\" class=\"wp-image-3942\" srcset=\"https:\/\/www.escapetonature.eu\/wp-content\/uploads\/2022\/08\/Map_voyage-1024x497.jpg 1024w, https:\/\/www.escapetonature.eu\/wp-content\/uploads\/2022\/08\/Map_voyage-300x146.jpg 300w, https:\/\/www.escapetonature.eu\/wp-content\/uploads\/2022\/08\/Map_voyage-150x73.jpg 150w, https:\/\/www.escapetonature.eu\/wp-content\/uploads\/2022\/08\/Map_voyage-768x372.jpg 768w, https:\/\/www.escapetonature.eu\/wp-content\/uploads\/2022\/08\/Map_voyage-1536x745.jpg 1536w, https:\/\/www.escapetonature.eu\/wp-content\/uploads\/2022\/08\/Map_voyage-2048x993.jpg 2048w, https:\/\/www.escapetonature.eu\/wp-content\/uploads\/2022\/08\/Map_voyage-2000x970.jpg 2000w, https:\/\/www.escapetonature.eu\/wp-content\/uploads\/2022\/08\/Map_voyage-1000x485.jpg 1000w, https:\/\/www.escapetonature.eu\/wp-content\/uploads\/2022\/08\/Map_voyage-1800x873.jpg 1800w, https:\/\/www.escapetonature.eu\/wp-content\/uploads\/2022\/08\/Map_voyage-1155x560.jpg 1155w, https:\/\/www.escapetonature.eu\/wp-content\/uploads\/2022\/08\/Map_voyage-600x291.jpg 600w\" sizes=\"(max-width: 1024px) 100vw, 1024px\" \/><figcaption class=\"wp-element-caption\"><strong>Pl\u00e1novan\u00e1 plavba z Francie do Papuy-Nov\u00e9 Guineje<\/strong><\/figcaption><\/figure>\n\n\n\n<p><\/p>\n\n\n\n<figure class=\"wp-block-image size-large\"><img decoding=\"async\" width=\"1024\" height=\"515\" src=\"https:\/\/www.escapetonature.eu\/wp-content\/uploads\/2021\/09\/E2N_Lagoon_3www_4-1024x515.jpg\" alt=\"\" class=\"wp-image-3255\" srcset=\"https:\/\/www.escapetonature.eu\/wp-content\/uploads\/2021\/09\/E2N_Lagoon_3www_4-1024x515.jpg 1024w, https:\/\/www.escapetonature.eu\/wp-content\/uploads\/2021\/09\/E2N_Lagoon_3www_4-300x151.jpg 300w, https:\/\/www.escapetonature.eu\/wp-content\/uploads\/2021\/09\/E2N_Lagoon_3www_4-150x75.jpg 150w, https:\/\/www.escapetonature.eu\/wp-content\/uploads\/2021\/09\/E2N_Lagoon_3www_4-768x386.jpg 768w, https:\/\/www.escapetonature.eu\/wp-content\/uploads\/2021\/09\/E2N_Lagoon_3www_4-1536x773.jpg 1536w, https:\/\/www.escapetonature.eu\/wp-content\/uploads\/2021\/09\/E2N_Lagoon_3www_4-2048x1031.jpg 2048w, https:\/\/www.escapetonature.eu\/wp-content\/uploads\/2021\/09\/E2N_Lagoon_3www_4-2000x1006.jpg 2000w, https:\/\/www.escapetonature.eu\/wp-content\/uploads\/2021\/09\/E2N_Lagoon_3www_4-1000x503.jpg 1000w, https:\/\/www.escapetonature.eu\/wp-content\/uploads\/2021\/09\/E2N_Lagoon_3www_4-1800x906.jpg 1800w, https:\/\/www.escapetonature.eu\/wp-content\/uploads\/2021\/09\/E2N_Lagoon_3www_4-1113x560.jpg 1113w, https:\/\/www.escapetonature.eu\/wp-content\/uploads\/2021\/09\/E2N_Lagoon_3www_4-600x302.jpg 600w\" sizes=\"(max-width: 1024px) 100vw, 1024px\" \/><\/figure>\n\n\n\n<p><\/p>\n\n\n\n<p><strong>Chcete se st\u00e1t \u010dlenem filmov\u00e9ho \u0161t\u00e1bu a st\u00e1t u zrodu nov\u00fdch film\u016f? Zaj\u00edm\u00e1 v\u00e1s pr\u00e1ce a v\u00fdzkum na\u0161ich mo\u0159sk\u00fdch biolog\u016f? Chcete str\u00e1vit n\u011bjak\u00fd \u010das na palub\u011b expedi\u010dn\u00edho katamar\u00e1nu pod veden\u00edm zku\u0161en\u00fdch kapit\u00e1n\u016f? Zaj\u00edm\u00e1 v\u00e1s nat\u00e1\u010den\u00ed a fotografov\u00e1n\u00ed na nejvzd\u00e1len\u011bj\u0161\u00edch m\u00edstech na\u0161\u00ed planety? Chcete se zdokonalit ve fotografov\u00e1n\u00ed pod vodou za asistence zku\u0161en\u00fdch profesion\u00e1l\u016f? <\/strong>Ano, tyto mo\u017enosti nab\u00edz\u00edme. V na\u0161em rezerva\u010dn\u00edm syst\u00e9mu, na kter\u00e9m pracujeme, si budete moci vybrat term\u00edn a vydat se za n\u00e1mi do m\u00edsta p\u016fsoben\u00ed na\u0161eho t\u00fdmu. Ti, kte\u0159\u00ed se stanou partnery projektu, podpo\u0159\u00ed n\u00e1\u0161 projekt finan\u010dn\u011b, nebo jin\u00fdm zp\u016fsobem, budou m\u00edt p\u0159ednost p\u0159ed ostatn\u00edmi v na\u0161em rezerva\u010dn\u00edm syst\u00e9mu a z\u00edskaj\u00ed zv\u00fdhodn\u011bnou cenu s 20 % diskontem oproti b\u011b\u017en\u00fdm cen\u00e1m. Ka\u017ed\u00fd bude m\u00edt mo\u017enost plavit se s n\u00e1mi na p\u011btikajutov\u00e9 verzi nadstandardn\u011b vybaven\u00e9ho katamar\u00e1nu, kter\u00fd spln\u00ed pot\u0159eby a po\u017eadavky i nejn\u00e1ro\u010dn\u011bj\u0161\u00edm cestovatel\u016fm.<\/p>\n\n\n\n<p>Krom\u011b b\u011b\u017en\u00e9ho nat\u00e1\u010den\u00ed, budeme po\u0159izovat z\u00e1b\u011bry pod mo\u0159skou hladinou pro virtu\u00e1ln\u00ed realitu ve 360 stupn\u00edch. D\u00edky br\u00fdl\u00edm pro virtu\u00e1ln\u00ed realitu budete moci nahl\u00e9dnout do na\u0161eho projektu z jak\u00e9hokoliv m\u00edsta na na\u0161\u00ed planet\u011b.<\/p>\n\n\n\n<p>Budeme spolupracovat se zku\u0161en\u00fdmi mo\u0159sk\u00fdmi biology a v\u011bdci v tichomo\u0159sk\u00e9 oblasti. Projekt tak oslov\u00ed dal\u0161\u00ed z\u00e1jemce, partnery a dobrovoln\u00edky. <strong><a href=\"https:\/\/www.escapetonature.eu\/cz\/escape-to-pacific\/\" target=\"_blank\" rel=\"noreferrer noopener\">\u00dat\u011bk do Pacifiku<\/a><\/strong> se bude \u0161\u00ed\u0159it sd\u00edlen\u00edm na soci\u00e1ln\u00ed s\u00edt\u00ed (Facebook, Linked In, Twitter, Instagram, Discord, YouTube, Vimeo). Tak\u00e9 p\u0159ipravujeme vlastn\u00ed YouTube kan\u00e1l, kde se budete moci dozv\u011bd\u011bt o na\u0161ich zku\u0161enostech, v\u00fdzkumu, objevech a p\u0159\u00edb\u011bz\u00edch o \u017eivot\u011b a pr\u00e1ci t\u00fdmu na palub\u011b katamar\u00e1nu.<\/p>\n\n\n\n<p>Nav\u00e1zali jsme spolupr\u00e1ci s dal\u0161\u00edmi v\u011bdci po cel\u00e9m sv\u011bt\u011b se zam\u011b\u0159en\u00edm na mo\u0159skou biologii a ochranu voln\u011b \u017eij\u00edc\u00edch \u017eivo\u010dich\u016f. Sta\u0148te se i Vy v\u00fdznamn\u00fdm partnerem, sponzorem nebo d\u00e1rcem a osobn\u011b se zapojte do vytv\u00e1\u0159en\u00ed projektu Escape to Pacific.<\/p>\n\n\n\n<p>V\u011bdci a dobrovoln\u00edci z cel\u00e9ho sv\u011bta zam\u011b\u0159eni na mo\u0159skou biologii a ochranu voln\u011b \u017eij\u00edc\u00edch zv\u00ed\u0159at jsou zv\u00e1ni na palubu katamar\u00e1nu.<\/p>\n\n\n\n<p>V\u00e1\u017e\u00edme si ka\u017ed\u00e9 podpory nebo spolupr\u00e1ce v\u0161ech, kte\u0159\u00ed se o Projekt zaj\u00edmaj\u00ed. Sta\u0148te se sou\u010d\u00e1st\u00ed mimo\u0159\u00e1dn\u00e9ho projektu dle sv\u00e9ho v\u00fdb\u011bru, mo\u017enost\u00ed, preferenc\u00ed:<\/p>\n\n\n\n<ul class=\"wp-block-list\">\n<li>M\u016f\u017eete n\u00e1s podpo\u0159it finan\u010dn\u011b.<\/li>\n\n\n\n<li>St\u00e1t se partnerem Projektu.<\/li>\n\n\n\n<li>Sledovat a sd\u00edlet informace o projektu Escape to Pacific na internetu, soci\u00e1ln\u00edch s\u00edt\u00edch (Facebook, LinkedIn, Twitter, Instagram, YouTube.)<\/li>\n\n\n\n<li>Na\u0161im partner\u016fm, sponzor\u016fm, d\u00e1rc\u016fm nab\u00edz\u00edme n\u011bkolik dn\u016f na palub\u011b katamar\u00e1nu a mo\u017enost pod\u00edlet se osobn\u011b na nat\u00e1\u010den\u00ed v r\u016fzn\u00fdch oblastech Pacifiku<\/li>\n<\/ul>\n\n\n\n<p><strong>Projekt je a promov\u00e1n na\u0161i spole\u010dnost\u00ed Escape to Nature B.V. a d\u00edky na\u0161im partner\u016fm do r\u016fzn\u00fd m\u00e9di\u00ed po cel\u00e9m sv\u011bt\u011b.<\/strong><\/p>\n","protected":false},"excerpt":{"rendered":"<p>N\u00e1zev katamar\u00e1nu vych\u00e1z\u00ed z loga na\u0161eho dlouhodob\u00e9ho projektu \u201eEscape to Nature\u201c. Na novou expedici se vyd\u00e1me z Evropy ve druh\u00e9 polovin\u011b 2025. Katamar\u00e1n Na z\u00e1klad\u011b partnerstv\u00ed s v\u00fdrobcem katamar\u00e1n\u016f Lagoon (Francie) a Altumare (ofici\u00e1ln\u00ed z\u00e1stupce prodejc\u016f Lagoon) zah\u00e1j\u00edme n\u00e1\u0161 dlouhodob\u00fd filmov\u00fd a v\u011bdeck\u00fd projekt v Pacifiku na nov\u00e9m modelu Lagoon [&hellip;]<\/p>\n","protected":false},"author":2,"featured_media":2986,"parent":0,"menu_order":0,"comment_status":"closed","ping_status":"closed","template":"","meta":{"jetpack_post_was_ever_published":false,"inspiro_page_layout":"narrow","inspiro_hide_title":false,"footnotes":""},"class_list":["post-937","page","type-page","status-publish","has-post-thumbnail","hentry"],"translation":{"provider":"WPGlobus","version":"3.0.2","language":"cz","enabled_languages":["en","cz"],"languages":{"en":{"title":true,"content":true,"excerpt":false},"cz":{"title":true,"content":true,"excerpt":false}}},"jetpack_sharing_enabled":true,"jetpack_shortlink":"https:\/\/wp.me\/PaSTm9-f7","jetpack_likes_enabled":false,"_links":{"self":[{"href":"https:\/\/www.escapetonature.eu\/cz\/wp-json\/wp\/v2\/pages\/937","targetHints":{"allow":["GET"]}}],"collection":[{"href":"https:\/\/www.escapetonature.eu\/cz\/wp-json\/wp\/v2\/pages"}],"about":[{"href":"https:\/\/www.escapetonature.eu\/cz\/wp-json\/wp\/v2\/types\/page"}],"author":[{"embeddable":true,"href":"https:\/\/www.escapetonature.eu\/cz\/wp-json\/wp\/v2\/users\/2"}],"replies":[{"embeddable":true,"href":"https:\/\/www.escapetonature.eu\/cz\/wp-json\/wp\/v2\/comments?post=937"}],"version-history":[{"count":233,"href":"https:\/\/www.escapetonature.eu\/cz\/wp-json\/wp\/v2\/pages\/937\/revisions"}],"predecessor-version":[{"id":4549,"href":"https:\/\/www.escapetonature.eu\/cz\/wp-json\/wp\/v2\/pages\/937\/revisions\/4549"}],"wp:featuredmedia":[{"embeddable":true,"href":"https:\/\/www.escapetonature.eu\/cz\/wp-json\/wp\/v2\/media\/2986"}],"wp:attachment":[{"href":"https:\/\/www.escapetonature.eu\/cz\/wp-json\/wp\/v2\/media?parent=937"}],"curies":[{"name":"wp","href":"https:\/\/api.w.org\/{rel}","templated":true}]}}