{"id":72,"date":"2019-03-22T11:10:04","date_gmt":"2019-03-22T10:10:04","guid":{"rendered":"http:\/\/216642.w42.wedos.ws\/?page_id=72"},"modified":"2019-07-15T11:48:29","modified_gmt":"2019-07-15T09:48:29","slug":"escape-to-mauritius","status":"publish","type":"page","link":"https:\/\/www.escapetonature.eu\/cz\/escape-to-mauritius\/","title":{"rendered":"\u00dat\u011bk na Mauricius"},"content":{"rendered":"\n<p><strong>\u00daT\u011aK NA MAURICIUS<\/strong> (2009)<\/p>\n\n\n\n<p>Debut na\u0161i produkce Escape to Nature \u2013 fotografie, film a p\u0159\u00edb\u011bhy v prvn\u00ed \u010d\u00e1sti Escape to Nature<\/p>\n\n\n\n<p>Prvn\u00edm spole\u010dn\u00fdm rozs\u00e1hl\u00fdm projektem je dokument\u00e1rn\u00ed film \u00dat\u011bk na Mauricius. Libor s Petrou spojili sv\u00e9 dosavadn\u00ed zku\u0161enosti a zachytili kr\u00e1sy ostrova Mauricius ze zem\u011b, hlubin i z nebe.<\/p>\n\n\n\n<p><strong>Synopsis:<\/strong><\/p>\n\n\n\n<p>Poeticko-dobrodru\u017en\u00fd dokument odhaluj\u00edc\u00ed paralely neprob\u00e1dan\u00e9ho oce\u00e1nu a \u017eivota obyvatel jednoho z nejkr\u00e1sn\u011bj\u0161\u00edch m\u00edst na Zemi. Dvojice cestovatel\u016f objevuje p\u0159ekvapiv\u00e9 paralely neprob\u00e1dan\u00e9ho oce\u00e1nu se \u017eivotem v\u00fdjime\u010dn\u011b tolerantn\u00edho multikulturn\u00edho n\u00e1roda i pozemsk\u00e9 p\u0159\u00edrody. Poeticko-dobrodru\u017en\u00fd dokument prov\u00e1z\u00ed z\u00e1hadn\u00e9 zjeven\u00ed d\u00edvky pod hladinou, o kter\u00e9m hovo\u0159\u00ed nejzn\u00e1m\u011bj\u0161\u00ed legenda ostrova \u2013 p\u0159\u00edb\u011bh Virginie a Paula. V situac\u00edch pozm\u011bn\u011bn\u00e9ho vn\u00edm\u00e1n\u00ed, ke kter\u00e9mu p\u0159i pot\u00e1p\u011bn\u00ed m\u016f\u017ee doj\u00edt, m\u00e1me schopnost proniknout i do hlubin vlastn\u00edho v\u011bdom\u00ed a nahl\u00e9dneme do sv\u011bt\u016f, kter\u00e9 n\u00e1m byly dosud utajeny. \u00dat\u011bk na Mauricius odkr\u00fdv\u00e1 pozad\u00ed prvn\u00ed technicky n\u00e1ro\u010dn\u00e9 v\u00fdpravy i zku\u0161enosti tv\u016frc\u016f z oblasti podmo\u0159sk\u00e9 fotografie a filmov\u00e1n\u00ed.<\/p>\n\n\n\n<ul class=\"wp-block-list\"><li>d\u00e9lka filmu: 51 min<\/li><li>Produkce: Escape to Nature<\/li><li>N\u00e1m\u011bt a Sc\u00e9n\u00e1\u0159: Libor \u0160pa\u010dek a Petra Dole\u017ealov\u00e1<\/li><li>Re\u017eie: Libor \u0160pa\u010dek<\/li><li>Kamera: Libor \u0160pa\u010dek<\/li><li>St\u0159ih a dramaturgie: Lucie Haladov\u00e1<\/li><li>Hudba: Michal Pavl\u00ed\u010dek<\/li><li>Zvuk: KlenkaSound<\/li><li><\/li><\/ul>\n\n\n\n<p>Verze: \u010cesk\u00e1 a Anglick\u00e1<\/p>\n\n\n\n<p>Film je ke shl\u00e9dnut\u00ed v sekci \u201eFilmy a videa\u201c.<\/p>\n\n\n\n<figure class=\"wp-block-image is-resized\"><a href=\"https:\/\/www.escapetonature.eu\/wp-content\/uploads\/2019\/03\/1_Mauritius_w.jpg\"><img fetchpriority=\"high\" decoding=\"async\" src=\"https:\/\/www.escapetonature.eu\/wp-content\/uploads\/2019\/03\/1_Mauritius_w-717x1024.jpg\" alt=\"\" class=\"wp-image-877\" width=\"359\" height=\"512\" srcset=\"https:\/\/www.escapetonature.eu\/wp-content\/uploads\/2019\/03\/1_Mauritius_w-717x1024.jpg 717w, https:\/\/www.escapetonature.eu\/wp-content\/uploads\/2019\/03\/1_Mauritius_w-105x150.jpg 105w, https:\/\/www.escapetonature.eu\/wp-content\/uploads\/2019\/03\/1_Mauritius_w-210x300.jpg 210w, https:\/\/www.escapetonature.eu\/wp-content\/uploads\/2019\/03\/1_Mauritius_w-768x1097.jpg 768w, https:\/\/www.escapetonature.eu\/wp-content\/uploads\/2019\/03\/1_Mauritius_w-1000x1429.jpg 1000w, https:\/\/www.escapetonature.eu\/wp-content\/uploads\/2019\/03\/1_Mauritius_w-600x857.jpg 600w, https:\/\/www.escapetonature.eu\/wp-content\/uploads\/2019\/03\/1_Mauritius_w-392x560.jpg 392w, https:\/\/www.escapetonature.eu\/wp-content\/uploads\/2019\/03\/1_Mauritius_w.jpg 1120w\" sizes=\"(max-width: 359px) 100vw, 359px\" \/><\/a><\/figure>\n","protected":false},"excerpt":{"rendered":"<p>\u00daT\u011aK NA MAURICIUS (2009) Debut na\u0161i produkce Escape to Nature \u2013 fotografie, film a p\u0159\u00edb\u011bhy v prvn\u00ed \u010d\u00e1sti Escape to Nature Prvn\u00edm spole\u010dn\u00fdm rozs\u00e1hl\u00fdm projektem je dokument\u00e1rn\u00ed film \u00dat\u011bk na Mauricius. Libor s Petrou spojili sv\u00e9 dosavadn\u00ed zku\u0161enosti a zachytili kr\u00e1sy ostrova Mauricius ze zem\u011b, hlubin i z nebe. Synopsis: [&hellip;]<\/p>\n","protected":false},"author":2,"featured_media":988,"parent":0,"menu_order":0,"comment_status":"closed","ping_status":"closed","template":"","meta":{"jetpack_post_was_ever_published":false,"inspiro_page_layout":"narrow","inspiro_hide_title":false,"footnotes":""},"class_list":["post-72","page","type-page","status-publish","has-post-thumbnail","hentry"],"translation":{"provider":"WPGlobus","version":"3.0.2","language":"cz","enabled_languages":["en","cz"],"languages":{"en":{"title":true,"content":true,"excerpt":false},"cz":{"title":true,"content":true,"excerpt":false}}},"jetpack_sharing_enabled":true,"jetpack_shortlink":"https:\/\/wp.me\/PaSTm9-1a","jetpack_likes_enabled":false,"_links":{"self":[{"href":"https:\/\/www.escapetonature.eu\/cz\/wp-json\/wp\/v2\/pages\/72","targetHints":{"allow":["GET"]}}],"collection":[{"href":"https:\/\/www.escapetonature.eu\/cz\/wp-json\/wp\/v2\/pages"}],"about":[{"href":"https:\/\/www.escapetonature.eu\/cz\/wp-json\/wp\/v2\/types\/page"}],"author":[{"embeddable":true,"href":"https:\/\/www.escapetonature.eu\/cz\/wp-json\/wp\/v2\/users\/2"}],"replies":[{"embeddable":true,"href":"https:\/\/www.escapetonature.eu\/cz\/wp-json\/wp\/v2\/comments?post=72"}],"version-history":[{"count":17,"href":"https:\/\/www.escapetonature.eu\/cz\/wp-json\/wp\/v2\/pages\/72\/revisions"}],"predecessor-version":[{"id":1374,"href":"https:\/\/www.escapetonature.eu\/cz\/wp-json\/wp\/v2\/pages\/72\/revisions\/1374"}],"wp:featuredmedia":[{"embeddable":true,"href":"https:\/\/www.escapetonature.eu\/cz\/wp-json\/wp\/v2\/media\/988"}],"wp:attachment":[{"href":"https:\/\/www.escapetonature.eu\/cz\/wp-json\/wp\/v2\/media?parent=72"}],"curies":[{"name":"wp","href":"https:\/\/api.w.org\/{rel}","templated":true}]}}