{"id":71,"date":"2019-03-22T11:10:04","date_gmt":"2019-03-22T10:10:04","guid":{"rendered":"http:\/\/216642.w42.wedos.ws\/?page_id=71"},"modified":"2019-07-15T11:42:38","modified_gmt":"2019-07-15T09:42:38","slug":"escape-to-tahiti-and-her-islands","status":"publish","type":"page","link":"https:\/\/www.escapetonature.eu\/cz\/escape-to-tahiti-and-her-islands\/","title":{"rendered":"\u00dat\u011bk na Tahiti a jeho ostrovy"},"content":{"rendered":"\n<p><strong>\u00daT\u011aK NA TAHITI A JEHO OSTROVY<\/strong> (2011)<\/p>\n\n\n\n<p>\u00dat\u011bk na Tahiti a jeho ostrovy (Escape to Tahiti and Her Islands) \u2013 dokument\u00e1rn\u00ed cestopis, fotografie a p\u0159\u00edb\u011bhy ve druh\u00e9 \u010d\u00e1sti projektu Escape to Nature. Nat\u00e1\u010den\u00ed dokumentu prob\u011bhlo na sedmi ostrovech Francouzsk\u00e9 Polyn\u00e9sie: Tahiti, Moorea, Huahine, Maupiti, Raiatea, Tahaa a Bora Bora.<br><\/p>\n\n\n\n<p><strong>Synopsis:<\/strong><\/p>\n\n\n\n<p>Dokument\u00e1rn\u00ed cestopis z cyklu \u00dat\u011bk do p\u0159\u00edrody\/Documentary travelogue of serie Escape to Nature<\/p>\n\n\n\n<p>Druh\u00fd ze s\u00e9rie cestopisn\u00fdch dokument\u016f \u201e\u00dat\u011bk do p\u0159\u00edrody\u201d nab\u00edz\u00ed nev\u0161edn\u00ed pohled na dal\u0161\u00ed z nejkr\u00e1sn\u011bj\u0161\u00edch m\u00edst na Zemi \u2013 Spole\u010densk\u00e9 ostrovy Francouzsk\u00e9 Polyn\u00e9sie. Jak\u00e1 je dne\u0161n\u00ed podoba ostrov\u016f, kter\u00e9 se ji\u017e p\u0159ed dv\u011bma stalet\u00edmi proslavily \u00fachvatnou p\u0159\u00edrodou, magick\u00fdmi ritu\u00e1ly a tancem pln\u00fdm nespoutan\u00e9 v\u00e1\u0161n\u011b? Existuj\u00ed tajupln\u00e9 ob\u0159ady i v 21. stolet\u00ed, nebo jsou to jen pouh\u00e1 p\u0159edstaven\u00ed pro turisty? Zachovali si m\u00edstn\u00ed obyvatel\u00e9 vztah k p\u0159\u00edrod\u011b, z n\u00ed\u017e po stalet\u00ed \u010derpali hlubok\u00e9 pozn\u00e1n\u00ed? Nitky vz\u00e1jemn\u00fdch souvislost\u00ed protk\u00e1vaj\u00ed p\u0159\u00edb\u011bhy tv\u016frc\u016f \u00dat\u011bku nejen na Zemi, ale i pod hladinou oce\u00e1nu. Vzru\u0161uj\u00edc\u00ed setk\u00e1n\u00ed autor\u016f s inteligentn\u00edmi \u017eraloky bo\u0159\u00ed m\u00fdty o krvela\u010dn\u00fdch pred\u00e1torech a l\u00ed\u010d\u00ed nezapomenuteln\u00e9 dojmy z prvn\u00edch setk\u00e1n\u00ed s t\u011bmito vl\u00e1dci hlubin. \u017draloci, stejn\u011b jako mo\u0159sk\u00e9 \u017eelvy, p\u0159e\u017eili stovky milion\u016f let, aby se dnes d\u00edky \u010dlov\u011bku ocitli na pokraji vyhuben\u00ed.<\/p>\n\n\n\n<p>Poetick\u00e9 lad\u011bn\u00ed, ale i ak\u010dn\u00ed z\u00e1b\u011bry pred\u00e1tor\u016f, p\u0159ibli\u017euj\u00edc\u00edch se \u010dasto na dosah, vzbuzuj\u00ed v div\u00e1c\u00edch mnoho asociac\u00ed s vlastn\u00edmi pro\u017eitky. \u0158ada dokresluj\u00edc\u00edch t\u00e9mat dotv\u00e1\u0159\u00ed st\u011b\u017eejn\u00ed ideu dokumentu, a oslovuje \u0161irokou \u0161k\u00e1lu div\u00e1k\u016f. Harmonick\u00e9 souzn\u011bn\u00ed obrazu, hudby a koment\u00e1\u0159e poskytuje nev\u0161edn\u00ed intimn\u00ed z\u00e1\u017eitek. \u00dat\u011bk na Tahiti prov\u00e1z\u00ed div\u00e1ka nen\u00e1siln\u011b, ale p\u0159esto nal\u00e9hav\u011b p\u0159i pokorn\u00e9m vstupu do n\u00e1dhern\u00e9ho chr\u00e1mu matky p\u0159\u00edrody.<\/p>\n\n\n\n<ul class=\"wp-block-list\"><li>Produkce\/Production: Escape to Nature<\/li><li>Sc\u00e9n\u00e1\u0159\/Script: Libor \u0160pa\u010dek a Petra Dole\u017ealov\u00e1<\/li><li>Re\u017eie\/Director: Libor \u0160pa\u010dek<\/li><li>Kamera\/DoP: Libor \u0160pa\u010dek<\/li><li>Komen\u00e1\u0159\/Commentary: Petra Dole\u017ealov\u00e1<\/li><li>Zvuk\/Sound: Klenka Sound, Ji\u0159\u00ed Klenka<\/li><li>St\u0159ih\/Edit: \u0160t\u011bp\u00e1n Nepra\u0161, Libor \u0160pa\u010dek<\/li><li>Hudba\/Music: Ole Johrn Myklebust, Viola Juju<\/li><\/ul>\n\n\n\n<p>odborn\u00fd poradce\/Expert advisor: JUDr ET PhDr Miloslav Stingl, Ladislava J\u00edrov\u00e1<\/p>\n\n\n\n<p>d\u00e9lka\/Running time: 52 min : 16 sec<br>form\u00e1t\/Format: PAL, 16:9, Dolby Digital 5.1 Surround<\/p>\n\n\n\n<p>verze: \u010cesky, Anglicky, Francouzsky<\/p>\n\n\n\n<p>Film je ke shl\u00e9dnut\u00ed v sekci \u201eFilmy a videa\u201c.<\/p>\n\n\n\n<figure class=\"wp-block-image is-resized\"><a href=\"https:\/\/www.escapetonature.eu\/wp-content\/uploads\/2019\/03\/2_Tahiti_w.jpg\"><img fetchpriority=\"high\" decoding=\"async\" src=\"https:\/\/www.escapetonature.eu\/wp-content\/uploads\/2019\/03\/2_Tahiti_w-717x1024.jpg\" alt=\"\" class=\"wp-image-878\" width=\"359\" height=\"512\" srcset=\"https:\/\/www.escapetonature.eu\/wp-content\/uploads\/2019\/03\/2_Tahiti_w-717x1024.jpg 717w, https:\/\/www.escapetonature.eu\/wp-content\/uploads\/2019\/03\/2_Tahiti_w-105x150.jpg 105w, https:\/\/www.escapetonature.eu\/wp-content\/uploads\/2019\/03\/2_Tahiti_w-210x300.jpg 210w, https:\/\/www.escapetonature.eu\/wp-content\/uploads\/2019\/03\/2_Tahiti_w-768x1097.jpg 768w, https:\/\/www.escapetonature.eu\/wp-content\/uploads\/2019\/03\/2_Tahiti_w-1000x1429.jpg 1000w, https:\/\/www.escapetonature.eu\/wp-content\/uploads\/2019\/03\/2_Tahiti_w-600x857.jpg 600w, https:\/\/www.escapetonature.eu\/wp-content\/uploads\/2019\/03\/2_Tahiti_w-392x560.jpg 392w, https:\/\/www.escapetonature.eu\/wp-content\/uploads\/2019\/03\/2_Tahiti_w.jpg 1120w\" sizes=\"(max-width: 359px) 100vw, 359px\" \/><\/a><\/figure>\n","protected":false},"excerpt":{"rendered":"<p>\u00daT\u011aK NA TAHITI A JEHO OSTROVY (2011) \u00dat\u011bk na Tahiti a jeho ostrovy (Escape to Tahiti and Her Islands) \u2013 dokument\u00e1rn\u00ed cestopis, fotografie a p\u0159\u00edb\u011bhy ve druh\u00e9 \u010d\u00e1sti projektu Escape to Nature. Nat\u00e1\u010den\u00ed dokumentu prob\u011bhlo na sedmi ostrovech Francouzsk\u00e9 Polyn\u00e9sie: Tahiti, Moorea, Huahine, Maupiti, Raiatea, Tahaa a Bora Bora. Synopsis: [&hellip;]<\/p>\n","protected":false},"author":2,"featured_media":987,"parent":0,"menu_order":0,"comment_status":"closed","ping_status":"closed","template":"","meta":{"jetpack_post_was_ever_published":false,"inspiro_page_layout":"narrow","inspiro_hide_title":false,"footnotes":""},"class_list":["post-71","page","type-page","status-publish","has-post-thumbnail","hentry"],"translation":{"provider":"WPGlobus","version":"3.0.2","language":"cz","enabled_languages":["en","cz"],"languages":{"en":{"title":true,"content":true,"excerpt":false},"cz":{"title":true,"content":true,"excerpt":false}}},"jetpack_sharing_enabled":true,"jetpack_shortlink":"https:\/\/wp.me\/PaSTm9-19","jetpack_likes_enabled":false,"_links":{"self":[{"href":"https:\/\/www.escapetonature.eu\/cz\/wp-json\/wp\/v2\/pages\/71","targetHints":{"allow":["GET"]}}],"collection":[{"href":"https:\/\/www.escapetonature.eu\/cz\/wp-json\/wp\/v2\/pages"}],"about":[{"href":"https:\/\/www.escapetonature.eu\/cz\/wp-json\/wp\/v2\/types\/page"}],"author":[{"embeddable":true,"href":"https:\/\/www.escapetonature.eu\/cz\/wp-json\/wp\/v2\/users\/2"}],"replies":[{"embeddable":true,"href":"https:\/\/www.escapetonature.eu\/cz\/wp-json\/wp\/v2\/comments?post=71"}],"version-history":[{"count":16,"href":"https:\/\/www.escapetonature.eu\/cz\/wp-json\/wp\/v2\/pages\/71\/revisions"}],"predecessor-version":[{"id":1370,"href":"https:\/\/www.escapetonature.eu\/cz\/wp-json\/wp\/v2\/pages\/71\/revisions\/1370"}],"wp:featuredmedia":[{"embeddable":true,"href":"https:\/\/www.escapetonature.eu\/cz\/wp-json\/wp\/v2\/media\/987"}],"wp:attachment":[{"href":"https:\/\/www.escapetonature.eu\/cz\/wp-json\/wp\/v2\/media?parent=71"}],"curies":[{"name":"wp","href":"https:\/\/api.w.org\/{rel}","templated":true}]}}