{"id":70,"date":"2019-03-22T11:10:04","date_gmt":"2019-03-22T10:10:04","guid":{"rendered":"http:\/\/216642.w42.wedos.ws\/?page_id=70"},"modified":"2019-07-15T11:30:53","modified_gmt":"2019-07-15T09:30:53","slug":"escape-to-saint-lucia","status":"publish","type":"page","link":"https:\/\/www.escapetonature.eu\/cz\/escape-to-saint-lucia\/","title":{"rendered":"\u00dat\u011bk na Svatou Lucii"},"content":{"rendered":"\n<p><strong>\u00daT\u011aK NA SVATOU LUCII<\/strong> (2013)<\/p>\n\n\n\n<p>Svat\u00e1 Lucie, jeden z nejkr\u00e1sn\u011bj\u0161\u00edch ostrov\u016f Karibiku, se stala c\u00edlem dal\u0161\u00edho \u201e\u00fat\u011bku\u201c dokument\u00e1rn\u00ed s\u00e9rie Escape to Nature. Nat\u00e1\u010den\u00ed ji\u017e t\u0159et\u00edho ze s\u00e9rie cestopis\u016f v\u011bnovan\u00fdch nejkr\u00e1sn\u011bj\u0161\u00edm m\u00edst\u016fm planety, zam\u011b\u0159en\u00fdch p\u0159edev\u0161\u00edm na \u017eivot pod vodou, prob\u011bhla v b\u0159eznu a kv\u011btnu 2012. Film byl dokon\u010den v lednu 2013.<\/p>\n\n\n\n<ul class=\"wp-block-list\"><li>Produkce: Escape to Nature<\/li><li>N\u00e1m\u011bt a Sc\u00e9n\u00e1\u0159: Libor \u0160pa\u010dek and Petra Dole\u017ealov\u00e1<\/li><li>Re\u017eie: Libor \u0160pa\u010dek<\/li><li>Kamera: Libor \u0160pa\u010dek<\/li><li>Koment\u00e1\u0159 napsala: Petra Dole\u017ealov\u00e1<\/li><li>Koment\u00e1\u0159 \u010detli: Jitka Mou\u010dkov\u00e1, Martin Str\u00e1nsk\u00fd, Vladislav Bene\u0161<\/li><li>Zvuk: Ji\u0159\u00ed Klenka, KlenkaSound<\/li><li>Dramaturgie: Ladislava J\u00edrov\u00e1<\/li><li>St\u0159ih: Libor \u0160pa\u010dek<\/li><li>Hudba: Ond\u0159ej Toul<\/li><\/ul>\n\n\n\n<p>d\u00e9lka filmu: 52min : 40sec<br>form\u00e1t: PAL, 16:9, Dolby Digital 2.0, Dolby Digital 5.1 Surround<br>verze: \u010cesky, Anglicky<\/p>\n\n\n\n<p>Film je ke shl\u00e9dnut\u00ed v sekci \u201eFilmy a videa\u201c.<\/p>\n\n\n\n<figure class=\"wp-block-image is-resized\"><a href=\"https:\/\/www.escapetonature.eu\/wp-content\/uploads\/2019\/03\/3_SaintLucia_w.jpg\"><img fetchpriority=\"high\" decoding=\"async\" src=\"https:\/\/www.escapetonature.eu\/wp-content\/uploads\/2019\/03\/3_SaintLucia_w-717x1024.jpg\" alt=\"\" class=\"wp-image-879\" width=\"359\" height=\"512\" srcset=\"https:\/\/www.escapetonature.eu\/wp-content\/uploads\/2019\/03\/3_SaintLucia_w-717x1024.jpg 717w, https:\/\/www.escapetonature.eu\/wp-content\/uploads\/2019\/03\/3_SaintLucia_w-105x150.jpg 105w, https:\/\/www.escapetonature.eu\/wp-content\/uploads\/2019\/03\/3_SaintLucia_w-210x300.jpg 210w, https:\/\/www.escapetonature.eu\/wp-content\/uploads\/2019\/03\/3_SaintLucia_w-768x1097.jpg 768w, https:\/\/www.escapetonature.eu\/wp-content\/uploads\/2019\/03\/3_SaintLucia_w-1000x1429.jpg 1000w, https:\/\/www.escapetonature.eu\/wp-content\/uploads\/2019\/03\/3_SaintLucia_w-600x857.jpg 600w, https:\/\/www.escapetonature.eu\/wp-content\/uploads\/2019\/03\/3_SaintLucia_w-392x560.jpg 392w, https:\/\/www.escapetonature.eu\/wp-content\/uploads\/2019\/03\/3_SaintLucia_w.jpg 1120w\" sizes=\"(max-width: 359px) 100vw, 359px\" \/><\/a><\/figure>\n","protected":false},"excerpt":{"rendered":"<p>\u00daT\u011aK NA SVATOU LUCII (2013) Svat\u00e1 Lucie, jeden z nejkr\u00e1sn\u011bj\u0161\u00edch ostrov\u016f Karibiku, se stala c\u00edlem dal\u0161\u00edho \u201e\u00fat\u011bku\u201c dokument\u00e1rn\u00ed s\u00e9rie Escape to Nature. Nat\u00e1\u010den\u00ed ji\u017e t\u0159et\u00edho ze s\u00e9rie cestopis\u016f v\u011bnovan\u00fdch nejkr\u00e1sn\u011bj\u0161\u00edm m\u00edst\u016fm planety, zam\u011b\u0159en\u00fdch p\u0159edev\u0161\u00edm na \u017eivot pod vodou, prob\u011bhla v b\u0159eznu a kv\u011btnu 2012. Film byl dokon\u010den v lednu 2013. [&hellip;]<\/p>\n","protected":false},"author":2,"featured_media":985,"parent":0,"menu_order":0,"comment_status":"closed","ping_status":"closed","template":"","meta":{"jetpack_post_was_ever_published":false,"inspiro_page_layout":"narrow","inspiro_hide_title":false,"footnotes":""},"class_list":["post-70","page","type-page","status-publish","has-post-thumbnail","hentry"],"translation":{"provider":"WPGlobus","version":"3.0.2","language":"cz","enabled_languages":["en","cz"],"languages":{"en":{"title":true,"content":true,"excerpt":false},"cz":{"title":true,"content":true,"excerpt":false}}},"jetpack_sharing_enabled":true,"jetpack_shortlink":"https:\/\/wp.me\/PaSTm9-18","jetpack_likes_enabled":false,"_links":{"self":[{"href":"https:\/\/www.escapetonature.eu\/cz\/wp-json\/wp\/v2\/pages\/70","targetHints":{"allow":["GET"]}}],"collection":[{"href":"https:\/\/www.escapetonature.eu\/cz\/wp-json\/wp\/v2\/pages"}],"about":[{"href":"https:\/\/www.escapetonature.eu\/cz\/wp-json\/wp\/v2\/types\/page"}],"author":[{"embeddable":true,"href":"https:\/\/www.escapetonature.eu\/cz\/wp-json\/wp\/v2\/users\/2"}],"replies":[{"embeddable":true,"href":"https:\/\/www.escapetonature.eu\/cz\/wp-json\/wp\/v2\/comments?post=70"}],"version-history":[{"count":15,"href":"https:\/\/www.escapetonature.eu\/cz\/wp-json\/wp\/v2\/pages\/70\/revisions"}],"predecessor-version":[{"id":1368,"href":"https:\/\/www.escapetonature.eu\/cz\/wp-json\/wp\/v2\/pages\/70\/revisions\/1368"}],"wp:featuredmedia":[{"embeddable":true,"href":"https:\/\/www.escapetonature.eu\/cz\/wp-json\/wp\/v2\/media\/985"}],"wp:attachment":[{"href":"https:\/\/www.escapetonature.eu\/cz\/wp-json\/wp\/v2\/media?parent=70"}],"curies":[{"name":"wp","href":"https:\/\/api.w.org\/{rel}","templated":true}]}}