{"id":69,"date":"2019-03-22T11:10:04","date_gmt":"2019-03-22T10:10:04","guid":{"rendered":"http:\/\/216642.w42.wedos.ws\/?page_id=69"},"modified":"2019-07-15T11:45:26","modified_gmt":"2019-07-15T09:45:26","slug":"escape-to-vanuatu","status":"publish","type":"page","link":"https:\/\/www.escapetonature.eu\/cz\/escape-to-vanuatu\/","title":{"rendered":"\u00dat\u011bk na Vanuatu"},"content":{"rendered":"\n<p>Pro \u0159adu cestovatel\u016f je magnetem, kter\u00fd je p\u0159itahuje na Vanuatu, porcel\u00e1nov\u00fd obraz tajemn\u00e9 Lady s jednoro\u017ecem ukryt\u00fd ve vraku zaoce\u00e1nsk\u00e9ho parn\u00edku SS President Coolidge. Pro jin\u00e9 to mohou b\u00fdt poz\u016fstatky v\u00e1le\u010dn\u00e9 historie roztrou\u0161en\u00e9 po vnitrozem\u00ed souostrov\u00ed, dal\u0161\u00ed l\u00e1kaj\u00ed legendy \u010di neobvykl\u00e1 p\u0159\u00edv\u011btivost m\u00edstn\u00edch obyvatel, kte\u0159\u00ed byli u\u017e dvakr\u00e1t vyhodnoceni jako nej\u0161\u0165astn\u011bj\u0161\u00ed n\u00e1rod sv\u011bta. A to navzdory tomu, \u017ee vanuatsk\u00e9 souostrov\u00ed pat\u0159\u00ed mezi nejnebezpe\u010dn\u011bj\u0161\u00ed oblasti Zem\u011b z hlediska hrozby p\u0159\u00edrodn\u00edch \u017eivl\u016f. Tajemn\u00e1 Lady p\u0159il\u00e1kala i australsk\u00e9 l\u00e9ka\u0159e, kte\u0159\u00ed ji\u017e l\u00e9ta pe\u010duj\u00ed o zdrav\u00ed m\u00edstn\u00edch domorod\u00fdch obyvatel. Podobn\u011b jako mnoho dal\u0161\u00edch cizinc\u016f, kte\u0159\u00ed unikli hektick\u00e9mu rytmu z\u00e1padn\u00ed civilizace a rozhodli se zdej\u0161\u00edm ostrov\u016fm pom\u00e1hat, tu na\u0161li nov\u00fd domov. O pr\u00e1ci t\u011bch, kte\u0159\u00ed m\u00edstn\u00edm pom\u00e1haj\u00ed udr\u017eovat \u017eiv\u00e9 p\u016fvodn\u00ed tradice, o tajemn\u00fdch ob\u0159adech, tabu a p\u0159\u00edrodn\u00ed medic\u00edn\u011b a samoz\u0159ejm\u011b o bohatstv\u00ed okoln\u00edho podmo\u0159sk\u00e9ho \u017eivota a doposud neprob\u00e1dan\u00fdch kor\u00e1lov\u00fdch \u00fates\u016f, vypr\u00e1v\u00ed cestopis dvojice \u010desk\u00fdch dokumentarist\u016f Libora \u0160pa\u010dka a Petry Dole\u017ealov\u00e9, kter\u00fd je v po\u0159ad\u00ed ji\u017e \u010dtvrt\u00fdm sn\u00edmkem ze s\u00e9rie \u00dat\u011bky do p\u0159\u00edrody, ov\u011bn\u010den\u00e9 des\u00edtkami mezin\u00e1rodn\u00edch filmov\u00fdch cen.<\/p>\n\n\n\n<ul class=\"wp-block-list\"><li>Hlavn\u00ed produkce: Escape to Nature<\/li><li>N\u00e1m\u011bt a Sc\u00e9n\u00e1\u0159: Libor \u0160pa\u010dek and Petra Dole\u017ealov\u00e1<\/li><li>Re\u017eie: Libor \u0160pa\u010dek<\/li><li>Kamera: Libor \u0160pa\u010dek<\/li><li>Druh\u00e1 kamera: Tom\u00e1\u0161 Dole\u017eal<\/li><li>Koment\u00e1\u0159 napsala: Petra Dole\u017ealov\u00e1 a Tom\u00e1\u0161 Dole\u017eal<\/li><li>Koment\u00e1\u0159 \u010detli: Jitka Mou\u010dkov\u00e1, Martin Str\u00e1nsk\u00fd, Vladislav Bene\u0161, Hana Sh\u00e1n\u011blov\u00e1<\/li><li>Zvuk: KlenkaSound<\/li><li>Dramaturgie: Ladislava J\u00edrov\u00e1<\/li><li>St\u0159ih: Vil\u00e9m \u0160rail<\/li><li>Hudba: Ji\u0159\u00ed \u0160korp\u00edk<\/li><\/ul>\n\n\n\n<p>Koprodukce: \u010cesk\u00e1 televize<br>Vedouc\u00ed produkce: Lucie Plockov\u00e1<br>V\u00fdkonn\u00fd producent: Robert Riedl<br>Kreativn\u00ed producentka: Alena M\u0171llerov\u00e1<\/p>\n\n\n\n<p>Vyrobila Escape to Nature ve spolupr\u00e1ci tv\u016fr\u010d\u00ed producentsk\u00e9 skupiny Aleny M\u0171llerov\u00e9, \u010cesk\u00e1 televize<\/p>\n\n\n\n<p>Hlavn\u00ed partner filmu: Investi\u010dn\u00ed spole\u010dnost \u010cesk\u00e9 spo\u0159itelny, a.s.<\/p>\n\n\n\n<p>\u00a9 Escape to Nature a \u010cesk\u00e1 televize 2014<\/p>\n\n\n\n<p>d\u00e9lka filmu: 52min<br>Form\u00e1t: PAL, 16:9, Dolby Digital 2.0, Dolby Digital 5.1 Surround (5.0 pro \u010ceskou televizi)<br>Verze: \u010cesky, Anglicky<\/p>\n\n\n\n<p>Na z\u00e1klad\u011b spolupr\u00e1ce s \u010ceskou televizi na\u0161e produkce podepsala smlouvu na v\u00fdrobu t\u0159\u00ed dokument\u00e1rn\u00edch film\u016f ze s\u00e9rie \u00dat\u011bky do p\u0159\u00edrody (Escape to Nature). V koprodukci jsme vyrobili t\u0159i epizody t\u00e9to s\u00e9rie. \u00dat\u011bk na Vanuatu, kter\u00fd jsme nat\u00e1\u010deli od srpna do \u0159\u00edjna 2013, byl prvn\u00edm z nich.<\/p>\n\n\n\n<p>Film je ke shl\u00e9dnut\u00ed v sekci \u201eFilmy a videa\u201c.<\/p>\n\n\n\n<figure class=\"wp-block-image is-resized\"><a href=\"https:\/\/www.escapetonature.eu\/wp-content\/uploads\/2019\/03\/4_Vanuatu_w.jpg\"><img fetchpriority=\"high\" decoding=\"async\" src=\"https:\/\/www.escapetonature.eu\/wp-content\/uploads\/2019\/03\/4_Vanuatu_w-717x1024.jpg\" alt=\"\" class=\"wp-image-880\" width=\"359\" height=\"512\" srcset=\"https:\/\/www.escapetonature.eu\/wp-content\/uploads\/2019\/03\/4_Vanuatu_w-717x1024.jpg 717w, https:\/\/www.escapetonature.eu\/wp-content\/uploads\/2019\/03\/4_Vanuatu_w-105x150.jpg 105w, https:\/\/www.escapetonature.eu\/wp-content\/uploads\/2019\/03\/4_Vanuatu_w-210x300.jpg 210w, https:\/\/www.escapetonature.eu\/wp-content\/uploads\/2019\/03\/4_Vanuatu_w-768x1097.jpg 768w, https:\/\/www.escapetonature.eu\/wp-content\/uploads\/2019\/03\/4_Vanuatu_w-1000x1429.jpg 1000w, https:\/\/www.escapetonature.eu\/wp-content\/uploads\/2019\/03\/4_Vanuatu_w-600x857.jpg 600w, https:\/\/www.escapetonature.eu\/wp-content\/uploads\/2019\/03\/4_Vanuatu_w-392x560.jpg 392w, https:\/\/www.escapetonature.eu\/wp-content\/uploads\/2019\/03\/4_Vanuatu_w.jpg 1120w\" sizes=\"(max-width: 359px) 100vw, 359px\" \/><\/a><\/figure>\n","protected":false},"excerpt":{"rendered":"<p>Pro \u0159adu cestovatel\u016f je magnetem, kter\u00fd je p\u0159itahuje na Vanuatu, porcel\u00e1nov\u00fd obraz tajemn\u00e9 Lady s jednoro\u017ecem ukryt\u00fd ve vraku zaoce\u00e1nsk\u00e9ho parn\u00edku SS President Coolidge. Pro jin\u00e9 to mohou b\u00fdt poz\u016fstatky v\u00e1le\u010dn\u00e9 historie roztrou\u0161en\u00e9 po vnitrozem\u00ed souostrov\u00ed, dal\u0161\u00ed l\u00e1kaj\u00ed legendy \u010di neobvykl\u00e1 p\u0159\u00edv\u011btivost m\u00edstn\u00edch obyvatel, kte\u0159\u00ed byli u\u017e dvakr\u00e1t vyhodnoceni jako [&hellip;]<\/p>\n","protected":false},"author":2,"featured_media":993,"parent":0,"menu_order":0,"comment_status":"closed","ping_status":"closed","template":"","meta":{"jetpack_post_was_ever_published":false,"inspiro_page_layout":"narrow","inspiro_hide_title":false,"footnotes":""},"class_list":["post-69","page","type-page","status-publish","has-post-thumbnail","hentry"],"translation":{"provider":"WPGlobus","version":"3.0.2","language":"cz","enabled_languages":["en","cz"],"languages":{"en":{"title":true,"content":true,"excerpt":false},"cz":{"title":true,"content":true,"excerpt":false}}},"jetpack_sharing_enabled":true,"jetpack_shortlink":"https:\/\/wp.me\/PaSTm9-17","jetpack_likes_enabled":false,"_links":{"self":[{"href":"https:\/\/www.escapetonature.eu\/cz\/wp-json\/wp\/v2\/pages\/69","targetHints":{"allow":["GET"]}}],"collection":[{"href":"https:\/\/www.escapetonature.eu\/cz\/wp-json\/wp\/v2\/pages"}],"about":[{"href":"https:\/\/www.escapetonature.eu\/cz\/wp-json\/wp\/v2\/types\/page"}],"author":[{"embeddable":true,"href":"https:\/\/www.escapetonature.eu\/cz\/wp-json\/wp\/v2\/users\/2"}],"replies":[{"embeddable":true,"href":"https:\/\/www.escapetonature.eu\/cz\/wp-json\/wp\/v2\/comments?post=69"}],"version-history":[{"count":17,"href":"https:\/\/www.escapetonature.eu\/cz\/wp-json\/wp\/v2\/pages\/69\/revisions"}],"predecessor-version":[{"id":1372,"href":"https:\/\/www.escapetonature.eu\/cz\/wp-json\/wp\/v2\/pages\/69\/revisions\/1372"}],"wp:featuredmedia":[{"embeddable":true,"href":"https:\/\/www.escapetonature.eu\/cz\/wp-json\/wp\/v2\/media\/993"}],"wp:attachment":[{"href":"https:\/\/www.escapetonature.eu\/cz\/wp-json\/wp\/v2\/media?parent=69"}],"curies":[{"name":"wp","href":"https:\/\/api.w.org\/{rel}","templated":true}]}}