{"id":66,"date":"2019-03-22T11:10:04","date_gmt":"2019-03-22T10:10:04","guid":{"rendered":"http:\/\/216642.w42.wedos.ws\/?page_id=66"},"modified":"2019-07-15T11:28:13","modified_gmt":"2019-07-15T09:28:13","slug":"escape-to-maldives","status":"publish","type":"page","link":"https:\/\/www.escapetonature.eu\/cz\/escape-to-maldives\/","title":{"rendered":"\u00dat\u011bk na Maledivy"},"content":{"rendered":"\n<p><strong>\u00daT\u011aK NA MALEDIVY<\/strong> (2015)<\/p>\n\n\n\n<p>Dv\u011b des\u00edtky kor\u00e1lov\u00fdch atol\u016f, kter\u00e9 tvo\u0159\u00ed souostrov\u00ed Maledivy, charakterizuje netradi\u010dn\u00ed vazba mezi ojedin\u011bl\u00fdm ostrovn\u00edm kr\u00e1lovstv\u00edm a jeho obyvateli pod hladinou i nad n\u00ed. V hlubin\u00e1ch oce\u00e1nu p\u016fsob\u00ed kor\u00e1lov\u00fd \u00fates jako rozkvetl\u00e1 zahrada, v n\u00ed\u017e je ka\u017ed\u00fd prvek dokonale zapojen do fungov\u00e1n\u00ed okoln\u00edho mikrosv\u011bta. Z bohatstv\u00ed tohoto fascinuj\u00edc\u00edho podmo\u0159sk\u00e9ho r\u00e1je t\u011b\u017e\u00ed domorod\u00ed obyvatel\u00e9 ji\u017e po stalet\u00ed. Maledivy jsou n\u00e1zorn\u00fdm p\u0159\u00edkladem k\u0159ehk\u00e9, av\u0161ak l\u00e9ty zpevn\u011bn\u00e9 prov\u00e1zanosti \u017eivota na pevnin\u011b a v oce\u00e1nu. Toto pevn\u00e9 pouto, hrani\u010d\u00edc\u00ed a\u017e se z\u00e1vislost\u00ed, zachytili Libor \u0160pa\u010dek a Petra Dole\u017ealov\u00e1 v dal\u0161\u00edm cestopisu ze s\u00e9rie \u00dat\u011bky do p\u0159\u00edrody. Okem kamery objevuj\u00ed maledivsk\u00e9 tradice a \u017eivot na domorod\u00fdch ostrovech \u010di regulovan\u00fd rybolov coby podm\u00ednku pro zachov\u00e1n\u00ed rovnov\u00e1hy \u017eivo\u010di\u0161n\u00fdch druh\u016f, aby vz\u00e1p\u011bt\u00ed pod hladinou zachytili \u017eivotn\u00ed cyklus kor\u00e1lov\u00e9ho atolu se stovkami jeho neuv\u011b\u0159iteln\u00fdch obyvatel. Jedno z posledn\u00edch skute\u010dn\u00fdch h\u00e1jemstv\u00ed mant a spousty druh\u016f \u017eralok\u016f d\u011bl\u00e1 z t\u011bchto ostrov\u016f sen ka\u017ed\u00e9ho pot\u00e1p\u011b\u010de\u2026. Dokument z cestopisn\u00e9 s\u00e9rie (kter\u00e1 z\u00edskala ji\u017e des\u00edtky mezin\u00e1rodn\u00edch ocen\u011bn\u00ed) z\u00e1rove\u0148 coby zdvi\u017een\u00fd prst upozor\u0148uje na k\u0159ehkost a ohro\u017eenost jednoho z posledn\u00edch pozemsk\u00fdch r\u00e1j\u016f.<\/p>\n\n\n\n<ul class=\"wp-block-list\"><li>produkce: Escape to Nature<\/li><li>n\u00e1m\u011bt a sc\u00e9n\u00e1\u0159: Libor \u0160pa\u010dek and Petra Dole\u017ealov\u00e1<\/li><li>re\u017eis\u00e9r: Libor \u0160pa\u010dek<\/li><li>hlavn\u00ed kameraman: Libor \u0160pa\u010dek<\/li><li>kamera: Jakub \u0160im\u016fnek, Gomes Gogo Gon\u00e7alo<\/li><li>koment\u00e1\u0159: Petra Dole\u017ealov\u00e1, Tom\u00e1\u0161 Dole\u017eal<\/li><li>koment\u00e1\u0159 \u010detli: Martin Str\u00e1nsk\u00fd, Jitka Mou\u010dkov\u00e1<\/li><li>zvuk: KlenkaSound<\/li><li>hudba: Vladivojna La Chia<\/li><li>dramaturgie: Ladislava J\u00edrov\u00e1<\/li><li>st\u0159ich: Vil\u00e9m \u0160rail<\/li><\/ul>\n\n\n\n<p>d\u00e9lka filmu: 52min<br>Form\u00e1t: PAL, 16:9, Dolby Digital 2.0, Dolby Digital 5.1 Surround (5.0 pro \u010ceskou televizi)<br>Verze: \u010cesky, Anglicky<\/p>\n\n\n\n<p>Koprodukce: \u010cesk\u00e1 televize<br>Vedouc\u00ed produkce: Lucie Plockov\u00e1<br>V\u00fdkonn\u00fd producent: Robert Riedl<br>Kreativn\u00ed producentka: Alena M\u0171llerov\u00e1<\/p>\n\n\n\n<p>Vyrobila Escape to Nature ve spolupr\u00e1ci tv\u016fr\u010d\u00ed producentsk\u00e9 skupiny Aleny M\u0171llerov\u00e9, \u010cesk\u00e1 televize<\/p>\n\n\n\n<p>Hlavn\u00edm partner filmu: Investi\u010dn\u00ed spole\u010dnost \u010cesk\u00e9 spo\u0159itelny, a.s.<\/p>\n\n\n\n<p>Film je ke shl\u00e9dnut\u00ed v sekci \u201eFilmy a videa\u201c.<\/p>\n\n\n\n<figure class=\"wp-block-image is-resized\"><a href=\"https:\/\/www.escapetonature.eu\/wp-content\/uploads\/2019\/03\/6_Maldives_w.jpg\"><img fetchpriority=\"high\" decoding=\"async\" src=\"https:\/\/www.escapetonature.eu\/wp-content\/uploads\/2019\/03\/6_Maldives_w-717x1024.jpg\" alt=\"\" class=\"wp-image-882\" width=\"359\" height=\"512\" srcset=\"https:\/\/www.escapetonature.eu\/wp-content\/uploads\/2019\/03\/6_Maldives_w-717x1024.jpg 717w, https:\/\/www.escapetonature.eu\/wp-content\/uploads\/2019\/03\/6_Maldives_w-105x150.jpg 105w, https:\/\/www.escapetonature.eu\/wp-content\/uploads\/2019\/03\/6_Maldives_w-210x300.jpg 210w, https:\/\/www.escapetonature.eu\/wp-content\/uploads\/2019\/03\/6_Maldives_w-768x1097.jpg 768w, https:\/\/www.escapetonature.eu\/wp-content\/uploads\/2019\/03\/6_Maldives_w-1000x1429.jpg 1000w, https:\/\/www.escapetonature.eu\/wp-content\/uploads\/2019\/03\/6_Maldives_w-600x857.jpg 600w, https:\/\/www.escapetonature.eu\/wp-content\/uploads\/2019\/03\/6_Maldives_w-392x560.jpg 392w, https:\/\/www.escapetonature.eu\/wp-content\/uploads\/2019\/03\/6_Maldives_w.jpg 1120w\" sizes=\"(max-width: 359px) 100vw, 359px\" \/><\/a><\/figure>\n","protected":false},"excerpt":{"rendered":"<p>\u00daT\u011aK NA MALEDIVY (2015) Dv\u011b des\u00edtky kor\u00e1lov\u00fdch atol\u016f, kter\u00e9 tvo\u0159\u00ed souostrov\u00ed Maledivy, charakterizuje netradi\u010dn\u00ed vazba mezi ojedin\u011bl\u00fdm ostrovn\u00edm kr\u00e1lovstv\u00edm a jeho obyvateli pod hladinou i nad n\u00ed. V hlubin\u00e1ch oce\u00e1nu p\u016fsob\u00ed kor\u00e1lov\u00fd \u00fates jako rozkvetl\u00e1 zahrada, v n\u00ed\u017e je ka\u017ed\u00fd prvek dokonale zapojen do fungov\u00e1n\u00ed okoln\u00edho mikrosv\u011bta. Z bohatstv\u00ed tohoto [&hellip;]<\/p>\n","protected":false},"author":2,"featured_media":982,"parent":0,"menu_order":0,"comment_status":"closed","ping_status":"closed","template":"","meta":{"jetpack_post_was_ever_published":false,"inspiro_page_layout":"narrow","inspiro_hide_title":false,"footnotes":""},"class_list":["post-66","page","type-page","status-publish","has-post-thumbnail","hentry"],"translation":{"provider":"WPGlobus","version":"3.0.2","language":"cz","enabled_languages":["en","cz"],"languages":{"en":{"title":true,"content":true,"excerpt":false},"cz":{"title":true,"content":true,"excerpt":false}}},"jetpack_sharing_enabled":true,"jetpack_shortlink":"https:\/\/wp.me\/PaSTm9-14","jetpack_likes_enabled":false,"_links":{"self":[{"href":"https:\/\/www.escapetonature.eu\/cz\/wp-json\/wp\/v2\/pages\/66","targetHints":{"allow":["GET"]}}],"collection":[{"href":"https:\/\/www.escapetonature.eu\/cz\/wp-json\/wp\/v2\/pages"}],"about":[{"href":"https:\/\/www.escapetonature.eu\/cz\/wp-json\/wp\/v2\/types\/page"}],"author":[{"embeddable":true,"href":"https:\/\/www.escapetonature.eu\/cz\/wp-json\/wp\/v2\/users\/2"}],"replies":[{"embeddable":true,"href":"https:\/\/www.escapetonature.eu\/cz\/wp-json\/wp\/v2\/comments?post=66"}],"version-history":[{"count":13,"href":"https:\/\/www.escapetonature.eu\/cz\/wp-json\/wp\/v2\/pages\/66\/revisions"}],"predecessor-version":[{"id":1366,"href":"https:\/\/www.escapetonature.eu\/cz\/wp-json\/wp\/v2\/pages\/66\/revisions\/1366"}],"wp:featuredmedia":[{"embeddable":true,"href":"https:\/\/www.escapetonature.eu\/cz\/wp-json\/wp\/v2\/media\/982"}],"wp:attachment":[{"href":"https:\/\/www.escapetonature.eu\/cz\/wp-json\/wp\/v2\/media?parent=66"}],"curies":[{"name":"wp","href":"https:\/\/api.w.org\/{rel}","templated":true}]}}