{"id":65,"date":"2019-03-22T11:10:03","date_gmt":"2019-03-22T10:10:03","guid":{"rendered":"http:\/\/216642.w42.wedos.ws\/?page_id=65"},"modified":"2021-12-18T00:39:48","modified_gmt":"2021-12-17T23:39:48","slug":"escape-to-costa-rica","status":"publish","type":"page","link":"https:\/\/www.escapetonature.eu\/cz\/escape-to-costa-rica\/","title":{"rendered":"\u00dat\u011bk na Kostariku"},"content":{"rendered":"\n<p><strong>\u00daT\u011aK NA KOSTARIKU<\/strong> (2017) &#8211; trilogie nato\u010den\u00e9 ve 4k rozli\u0161en\u00ed<br><\/p>\n\n\n\n<p>\u017div\u00e9 tradice a neb\u00fdvale \u00fazk\u00e9, a\u017e intimn\u00ed propojen\u00ed \u010dlov\u011bka s&nbsp;p\u0159\u00edrodou. To je \u00fast\u0159edn\u00ed tematick\u00e1 linie t\u0159\u00edd\u00edln\u00e9ho dokument\u00e1rn\u00edho cyklu \u00dat\u011bk do Kostariky, jen\u017e je voln\u00fdm pokra\u010dov\u00e1n\u00edm \u00fasp\u011b\u0161n\u00e9 s\u00e9rie \u00dat\u011bky do p\u0159\u00edrody autorsk\u00e9 dvojice Petry Dole\u017ealov\u00e9 a Libora \u0160pa\u010dka.<\/p>\n\n\n\n<p><strong>Premi\u00e9ry<\/strong> v\u0161ech t\u0159\u00ed dokument\u016f <strong>\u00dat\u011bk na Kostariku <\/strong>prob\u011bhly na velk\u00e9m pl\u00e1tn\u011b v kin\u011b Dlaba\u010dov (Hotel Pyramida) &nbsp;a <a href=\"https:\/\/www.ceskatelevize.cz\/porady\/11687467225-uteky-na-kostariku\/dily\/\"><strong>\u010cesk\u00e1 televize<\/strong><\/a>&nbsp;je uvedla na programu \u010cT2 v prosinci 2018. Prom\u00edt\u00e1n\u00ed v kin\u011b bylo pro fajn\u0161mekry v rozli\u0161en\u00ed 4k, zvuk v 5.1. Podle ohlas\u016f se n\u00e1m to povedlo. Cel\u00fd ve\u010der moderoval pohotov\u00fd a vtipn\u00fd Michael Rozsypal, redaktor a novin\u00e1\u0159 \u010cRo Plus, kter\u00e9mu t\u00edmto moc d\u011bkujeme!!!<\/p>\n\n\n\n<p>\u201eStr\u00e1vili jsme v Kostarice cel\u00e9 z\u00e1\u0159\u00ed a \u0159\u00edjen 2016, dal\u0161\u00ed nat\u00e1\u010dn\u00ed prob\u00edhalo v \u00fanoru a b\u0159eznu 2017. Vr\u00e1tili jsme se z posledn\u00edho nat\u00e1\u010den\u00ed na Kostarice koncem z\u00e1\u0159\u00ed 2017.\u201c<\/p>\n\n\n\n<p>Nov\u00e9 filmy \u2013 trilogie t\u0159\u00ed dokument\u00e1rn\u00edch film\u016f (3x 52 minut):<\/p>\n\n\n\n<ol class=\"wp-block-list\"><li><strong>SPOJENI SE ZEM\u00cd<\/strong> \u2013 Na Kostarice \u017eili lid\u00e9 u\u017e p\u0159ed v\u00edce ne\u017e 10 000 lety. Indi\u00e1ni kmene Bribri jsou p\u016fvodn\u00edmi obyvateli sou\u010dasn\u00e9ho \u00fazem\u00ed Kostarick\u00e9 republiky. Jsou v\u00fdjime\u010dn\u00ed svou snahou o uchov\u00e1n\u00ed p\u016fvodn\u00edho jazyka, tradic i nez\u00e1vislosti pevn\u011b spojen\u00e9 s pln\u011b sob\u011bsta\u010dn\u00fdm \u017eivotem v pralese. Zaj\u00edmav\u00fd je i jejich soci\u00e1ln\u00ed syst\u00e9m se st\u011b\u017eejn\u00ed rol\u00ed matriarch\u00e1tu a inspirace v moudrosti p\u0159\u00edrody, kterou p\u0159enesli do sv\u00e9ho ka\u017edodenn\u00edho \u017eivota. P\u0159irozen\u00fd respekt lidu Bribri k p\u0159\u00edrod\u011b p\u0159ejali za vlastn\u00ed i cizinci, kte\u0159\u00ed se na Kostarice trvale usadili a jejich\u017e p\u0159\u00edb\u011bhy rovn\u011b\u017e dokument p\u0159in\u00e1\u0161\u00ed. P\u0159\u00edroda sama si je podmanila a oni se nau\u010dili naslouchat j\u00ed, rozum\u011bt a vn\u00edmat ji zcela p\u0159irozen\u011b. Podv\u011bdom\u011b tak poskytuj\u00ed n\u00e1vod v\u0161em ostatn\u00edm, jak s na\u0161\u00ed Zem\u00ed zach\u00e1zet, abychom jej\u00ed \u017eivot postupn\u011b nezadusili.<\/li><li><strong>P\u0158\u00cdB\u011aH PRALESA<\/strong> \u2013 Kostarick\u00fd prales je domovem v\u00edce ne\u017e p\u011bti set tis\u00edc\u016f \u017eivo\u010di\u0161n\u00fdch druh\u016f. Ukr\u00fdv\u00e1 nev\u00eddan\u00e9 tajemstv\u00ed \u017eivota, z n\u011bho\u017e lid\u00e9 odhalili dosud jen nepatrn\u00fd zlomek. V\u011bt\u0161ina \u017eivo\u010dich\u016f, kter\u00e9 auto\u0159i filmu b\u011bhem sv\u00e9ho putov\u00e1n\u00ed zachytili, vynik\u00e1 neobvykl\u00fdmi schopnostmi \u2013 bazili\u0161ci b\u011bhaj\u00edc\u00ed po vodn\u00ed hladin\u011b, \u017e\u00e1by m\u011bn\u00edc\u00ed se v listy, lenochodi v\u011b\u010dn\u011b \u017eij\u00edc\u00ed vzh\u016fru nohama \u010di mravenci Atta, jim\u017e by jejich produkci vlastn\u00edho antibiotika z\u00e1vid\u011bl nejeden farmaceutick\u00fd gigant. O slovo se hl\u00e1s\u00ed i ope\u0159en\u00ed obyvatel\u00e9 pralesa, od tukan\u016f p\u0159es tangary a\u017e po ary, o jejich\u017e z\u00e1chranu a op\u011btovn\u00e9 roz\u0161\u00ed\u0159en\u00ed do p\u016fvodn\u00edch stav\u016f usiluje Projekt Ara. Kostari\u010dan\u00e9 jsou si dob\u0159e v\u011bdomi sv\u00e9ho neoby\u010dejn\u00e9ho bohatstv\u00ed a sv\u016fj p\u0159\u00edrodn\u00ed poklad opatruj\u00ed v\u00fdjime\u010dn\u00fdm rozsahem n\u00e1rodn\u00edch park\u016f a chr\u00e1n\u011bn\u00fdch \u00fazem\u00ed. Tropick\u00fd prales v\u0161ak um\u00ed b\u00fdt i nebezpe\u010dn\u00fd. V\u00fdprava do n\u011bj je pro \u010dlov\u011bka testem \u2013 prales vyzkou\u0161\u00ed jeho odhodl\u00e1n\u00ed, odvahu a schopnost pozorovat, naslouchat a splynout. Odm\u011bnou jsou ne\u010dekan\u00e1 sebepozn\u00e1n\u00ed.<\/li><li><strong>VOL\u00c1N\u00cd OCE\u00c1NU<\/strong> \u2013 Kostarick\u00e1 pob\u0159e\u017e\u00ed s mo\u0159em a oce\u00e1nem, kter\u00e9 je om\u00fdvaj\u00ed, jsou stejn\u011b vyhled\u00e1van\u00e1 jako nespoutan\u00e1 p\u0159\u00edroda ve vnitrozem\u00ed. M\u00edstn\u00ed pl\u00e1\u017ee l\u00e1kaj\u00ed nejen svou malebnou kr\u00e1sou, ale tak\u00e9 z\u00e1zrakem stvo\u0159en\u00ed. Sami\u010dky karety zelenav\u00e9 se sem pravideln\u011b vracej\u00ed, aby p\u0159es ve\u0161ker\u00e9 nebezpe\u010d\u00ed, kter\u00e9 je ohro\u017euje, znovu a znovu kladly sv\u00e1 vejce. Mal\u00e9 \u017eelvi\u010dky pak mohou poprv\u00e9 okusit s\u00edlu proud\u016f Tich\u00e9ho oce\u00e1nu. D\u016fkazem neutuchaj\u00edc\u00ed fantazie matky p\u0159\u00edrody je poloostrov Osa. Vyskytuj\u00ed se na n\u011bm pob\u0159e\u017en\u00ed mok\u0159ady a n\u00ed\u017einn\u00e9 i horsk\u00e9 de\u0161tn\u00e9 lesy. V\u00fdjime\u010dn\u00e9 mno\u017estv\u00ed m\u00edstn\u00edch ekosyst\u00e9m\u016f umo\u017e\u0148uje je\u0161t\u011b dnes vznik nov\u00fdch \u017eivo\u010di\u0161n\u00fdch i rostlinn\u00fdch druh\u016f. N\u011bkter\u00e9 z nich ne\u017eij\u00ed nikde jinde na sv\u011bt\u011b. Stejnou pestrost a r\u016fznorodost je mo\u017en\u00e9 spat\u0159it i pod hladinou. Fascinuj\u00edc\u00ed scen\u00e9rie je umocn\u011bna t\u00e1hl\u00fdm zp\u011bvem keporkak\u016f, kte\u0159\u00ed v obdob\u00ed n\u00e1mluv \u010di p\u00e1\u0159en\u00ed zp\u00edvaj\u00ed p\u00edsn\u011b trvaj\u00edc\u00ed a\u017e t\u0159icet minut. Pod hladinou jsou zp\u00edvaj\u00edc\u00ed velryby sly\u0161et p\u0159es \u010dty\u0159icet kilometr\u016f, ov\u0161em spat\u0159it je zdaleka nen\u00ed tak snadn\u00e9.<\/li><\/ol>\n\n\n\n<p>Vznikly t\u0159i samostatn\u00e9 dokumenty o t\u00e9to \u00fa\u017easn\u00e9 zemi le\u017e\u00edc\u00ed ve St\u0159edn\u00ed Americe mezi st\u00e1ty Panama a Nikaragua. Pob\u0159e\u017e\u00ed na v\u00fdchod\u011b je om\u00fdv\u00e1no Karibsk\u00fdm mo\u0159em, del\u0161\u00ed \u010d\u00e1st pob\u0159e\u017e\u00ed na z\u00e1pad\u011b Kostariky le\u017e\u00ed v Tich\u00e9m oce\u00e1nu.<\/p>\n\n\n\n<ul class=\"wp-block-list\"><li>Produkce: Escape to Nature<\/li><li>Koprodukce: \u010cesk\u00e1 televize<\/li><li>Hudba: Varhan Orchestrovi\u010d Bauer<\/li><li>Zvuk: Ji\u0159\u00ed Klenka, Vla\u010fka Cafourkov\u00e1<\/li><li>St\u0159ih: Vil\u00e9m \u0160rail<\/li><li>Hlavn\u00ed kameraman (DoP): Libor \u0160pa\u010dek<\/li><li>Kameramani: Libor \u0160pa\u010dek, Tom\u00e1\u0161 Dole\u017eal, Jakub \u0160im\u016fnek, Miloslav Mejla Dole\u017eal<\/li><li>Fotograf: Petra Dole\u017ealov\u00e1<\/li><li>Koment\u00e1\u0159 napsala: Petra Dole\u017ealov\u00e1<\/li><li>Koment\u00e1\u0159 namluvil: Vladislav Bene\u0161<\/li><li>Re\u017eie: Libor \u0160pa\u010dek<\/li><\/ul>\n\n\n\n<p>Odborn\u00fd poradce: Ji\u0159\u00ed Val\u0161uba<\/p>\n\n\n\n<p>Zku\u0161en\u00ed pr\u016fvodci: Michal Kop\u0159iva, Abel Bustamante Cerdas, K\u00ebysh Mayorga<\/p>\n\n\n\n<p>Film je ke shl\u00e9dnut\u00ed v sekci \u201eFilmy a videa\u201c.<\/p>\n\n\n\n<figure class=\"wp-block-image is-resized\"><a href=\"http:\/\/216642.w42.wedos.ws\/wp-content\/uploads\/2019\/04\/7_CostaRica_trilogy_W.jpg\"><img fetchpriority=\"high\" decoding=\"async\" src=\"http:\/\/216642.w42.wedos.ws\/wp-content\/uploads\/2019\/04\/7_CostaRica_trilogy_W-717x1024.jpg\" alt=\"\" class=\"wp-image-1072\" width=\"359\" height=\"512\" srcset=\"https:\/\/www.escapetonature.eu\/wp-content\/uploads\/2019\/04\/7_CostaRica_trilogy_W-717x1024.jpg 717w, https:\/\/www.escapetonature.eu\/wp-content\/uploads\/2019\/04\/7_CostaRica_trilogy_W-105x150.jpg 105w, https:\/\/www.escapetonature.eu\/wp-content\/uploads\/2019\/04\/7_CostaRica_trilogy_W-210x300.jpg 210w, https:\/\/www.escapetonature.eu\/wp-content\/uploads\/2019\/04\/7_CostaRica_trilogy_W-768x1097.jpg 768w, https:\/\/www.escapetonature.eu\/wp-content\/uploads\/2019\/04\/7_CostaRica_trilogy_W-1000x1429.jpg 1000w, https:\/\/www.escapetonature.eu\/wp-content\/uploads\/2019\/04\/7_CostaRica_trilogy_W-600x857.jpg 600w, https:\/\/www.escapetonature.eu\/wp-content\/uploads\/2019\/04\/7_CostaRica_trilogy_W-392x560.jpg 392w, https:\/\/www.escapetonature.eu\/wp-content\/uploads\/2019\/04\/7_CostaRica_trilogy_W.jpg 1120w\" sizes=\"(max-width: 359px) 100vw, 359px\" \/><\/a><\/figure>\n","protected":false},"excerpt":{"rendered":"<p>\u00daT\u011aK NA KOSTARIKU (2017) &#8211; trilogie nato\u010den\u00e9 ve 4k rozli\u0161en\u00ed \u017div\u00e9 tradice a neb\u00fdvale \u00fazk\u00e9, a\u017e intimn\u00ed propojen\u00ed \u010dlov\u011bka s&nbsp;p\u0159\u00edrodou. To je \u00fast\u0159edn\u00ed tematick\u00e1 linie t\u0159\u00edd\u00edln\u00e9ho dokument\u00e1rn\u00edho cyklu \u00dat\u011bk do Kostariky, jen\u017e je voln\u00fdm pokra\u010dov\u00e1n\u00edm \u00fasp\u011b\u0161n\u00e9 s\u00e9rie \u00dat\u011bky do p\u0159\u00edrody autorsk\u00e9 dvojice Petry Dole\u017ealov\u00e9 a Libora \u0160pa\u010dka. Premi\u00e9ry v\u0161ech t\u0159\u00ed [&hellip;]<\/p>\n","protected":false},"author":2,"featured_media":981,"parent":0,"menu_order":0,"comment_status":"closed","ping_status":"closed","template":"","meta":{"jetpack_post_was_ever_published":false,"inspiro_page_layout":"narrow","inspiro_hide_title":false,"footnotes":""},"class_list":["post-65","page","type-page","status-publish","has-post-thumbnail","hentry"],"translation":{"provider":"WPGlobus","version":"3.0.2","language":"cz","enabled_languages":["en","cz"],"languages":{"en":{"title":true,"content":true,"excerpt":false},"cz":{"title":true,"content":true,"excerpt":false}}},"jetpack_sharing_enabled":true,"jetpack_shortlink":"https:\/\/wp.me\/PaSTm9-13","jetpack_likes_enabled":false,"_links":{"self":[{"href":"https:\/\/www.escapetonature.eu\/cz\/wp-json\/wp\/v2\/pages\/65","targetHints":{"allow":["GET"]}}],"collection":[{"href":"https:\/\/www.escapetonature.eu\/cz\/wp-json\/wp\/v2\/pages"}],"about":[{"href":"https:\/\/www.escapetonature.eu\/cz\/wp-json\/wp\/v2\/types\/page"}],"author":[{"embeddable":true,"href":"https:\/\/www.escapetonature.eu\/cz\/wp-json\/wp\/v2\/users\/2"}],"replies":[{"embeddable":true,"href":"https:\/\/www.escapetonature.eu\/cz\/wp-json\/wp\/v2\/comments?post=65"}],"version-history":[{"count":32,"href":"https:\/\/www.escapetonature.eu\/cz\/wp-json\/wp\/v2\/pages\/65\/revisions"}],"predecessor-version":[{"id":3150,"href":"https:\/\/www.escapetonature.eu\/cz\/wp-json\/wp\/v2\/pages\/65\/revisions\/3150"}],"wp:featuredmedia":[{"embeddable":true,"href":"https:\/\/www.escapetonature.eu\/cz\/wp-json\/wp\/v2\/media\/981"}],"wp:attachment":[{"href":"https:\/\/www.escapetonature.eu\/cz\/wp-json\/wp\/v2\/media?parent=65"}],"curies":[{"name":"wp","href":"https:\/\/api.w.org\/{rel}","templated":true}]}}