{"id":3953,"date":"2022-08-24T11:32:15","date_gmt":"2022-08-24T09:32:15","guid":{"rendered":"https:\/\/www.escapetonature.eu\/?page_id=3953"},"modified":"2022-11-02T16:48:16","modified_gmt":"2022-11-02T15:48:16","slug":"nft-collection","status":"publish","type":"page","link":"https:\/\/www.escapetonature.eu\/cz\/nft-collection\/","title":{"rendered":"NFT kolekce"},"content":{"rendered":"\n<div class=\"wp-block-columns is-layout-flex wp-container-core-columns-is-layout-28f84493 wp-block-columns-is-layout-flex\">\n<div class=\"wp-block-column is-layout-flow wp-block-column-is-layout-flow\">\n<p><strong>NFTs<\/strong><br>V <a href=\"https:\/\/opensea.io\/Escape-to-Nature\" target=\"_blank\" rel=\"noreferrer noopener\"><strong>kolekci NFT<\/strong><\/a> projektu <strong><a rel=\"noreferrer noopener\" href=\"https:\/\/www.escapetonature.eu\/escape-to-pacific\/\" target=\"_blank\">Escape to Pacific<\/a><\/strong> p\u0159ipravujeme jednu z nejkreativn\u011bj\u0161\u00edch kolekc\u00ed NFT na t\u00e9ma ochrany mo\u0159sk\u00e9ho \u017eivota. Nov\u00e9 kolekce NFT budeme razit pr\u016fb\u011b\u017en\u011b b\u011bhem n\u011bkolikalet\u00e9ho projektu. Prvn\u00ed z nich p\u0159ijde ji\u017e brzy s p\u0159ipravovan\u00fdm projektem Escape to Pacific. Je pro n\u00e1s d\u016fle\u017eit\u00e9 poskytnout sb\u011bratel\u016fm NFT jedine\u010dn\u00fd inovativn\u00ed z\u00e1\u017eitek a z\u00e1rove\u0148 posouvat limity.<\/p>\n\n\n\n<p><strong>Benefity<\/strong><br>Pro dr\u017eitele NFT z kolekce Marine Life chyst\u00e1me \u0159adu p\u0159ekvapen\u00ed a benefit\u016f. Prodej jednotliv\u00fdch NFT podpo\u0159\u00ed projekt Escape to Pacific a ve\u0161ker\u00e9 v\u00fdnosy z prodeje NFT budou pou\u017eity na pokryt\u00ed n\u00e1klad\u016f projektu a jeho propagaci. B\u011bhem plavby z\u00edsk\u00e1me obsah pro v\u00fdrobu unik\u00e1tn\u00edho dokument\u00e1rn\u00edho cyklu zam\u011b\u0159en\u00e9ho na v\u00fdzkum a ochranu mo\u0159sk\u00e9ho \u017eivota. <\/p>\n\n\n\n<p><strong>Dal\u0161\u00ed benefity pro majitel\u00e9 NFT<\/strong><br>&#8211; P\u0159\u00edstup k na\u0161im epizod\u00e1m na YouTube d\u0159\u00edve ne\u017e kdokoli jin\u00fd.<br>&#8211; P\u0159\u00edstup ke sledov\u00e1n\u00ed speci\u00e1ln\u011b vytvo\u0159en\u00fdch vide\u00ed.<br>&#8211; Pozv\u00e1nka do na\u0161\u00ed soukrom\u00e9 skupiny NFT na Discord.<br>&#8211; Pozv\u00e1nka k \u017eiv\u00fdm chat\u016fm nebo videokonferenc\u00edm.<br>&#8211; P\u0159istup a sledov\u00e1n\u00ed polohy GPS, abyste v\u017edy vid\u011bli, kde p\u0159esn\u011b se nach\u00e1z\u00edme.<\/p>\n<\/div>\n\n\n\n<div class=\"wp-block-column is-layout-flow wp-block-column-is-layout-flow\">\n<p><strong>Chcete se osobn\u011b z\u00fa\u010dastnit nat\u00e1\u010den\u00ed?<\/strong> I takovou mo\u017enost pro dr\u017eitele NFT p\u0159ipravujeme. Za ka\u017ed\u00e9 zakoupen\u00e9 NFT, kter\u00e9 v dob\u011b slosov\u00e1n\u00ed vlastn\u00edte, z\u00edsk\u00e1te mo\u017enost z\u00fa\u010dastnit se ZDARMA 5denn\u00edho jedine\u010dn\u00e9ho dobrodru\u017estv\u00ed a z\u00e1\u017eitku s na\u0161\u00edm t\u00fdmem na katamar\u00e1nu Escape to Nature se spole\u010dn\u00edkem dle vlastn\u00edho v\u00fdb\u011bru!!! Losovat budeme ka\u017ed\u00e9 t\u0159i m\u011bs\u00edce a vybereme t\u0159i v\u00fdherce a jejich spole\u010dn\u00edky!<\/p>\n\n\n\n<p><strong>Kdo jsme<\/strong><br>Jsme zku\u0161en\u00ed filma\u0159i, fotografov\u00e9 a mo\u0159\u0161t\u00ed biologov\u00e9 s dlouholet\u00fdmi zku\u0161enostmi. S nejv\u011bt\u0161\u00ed pravd\u011bpodobnost\u00ed jste vid\u011bli na\u0161e dokumenty, videa a um\u011bleckou tvorbu na televizn\u00edch kan\u00e1lech, v reklam\u00e1ch a na webov\u00fdch str\u00e1nk\u00e1ch po cel\u00e9m sv\u011bt\u011b. Jsme nad\u0161eni pro sv\u011bt NFT, virtu\u00e1ln\u00ed realitu a metaverze. Pevn\u011b v\u011b\u0159\u00edme, \u017ee pr\u00e1v\u011b tyto technologie podporuj\u00ed na\u0161e vize a projekty do budoucna. R\u00e1di se setk\u00e1v\u00e1me s pokrokov\u011b sm\u00fd\u0161lej\u00edc\u00edmi lidmi, kte\u0159\u00ed si spojen\u00ed mezi filmy, divokou p\u0159\u00edrodou, ochranou mo\u0159sk\u00e9ho \u017eivota, cestov\u00e1n\u00edm, dobrodru\u017estv\u00edm a vzd\u011bl\u00e1v\u00e1n\u00edm u\u017eij\u00ed v\u00edc, ne\u017e si dok\u00e1\u017eou p\u0159edstavit. <strong><a rel=\"noreferrer noopener\" href=\"https:\/\/www.escapetonature.eu\/cz\/team\/\" target=\"_blank\">Mezin\u00e1rodn\u00ed t\u00fdm<\/a><\/strong> tvo\u0159\u00ed profesion\u00e1ln\u00ed filma\u0159i a mo\u0159\u0161t\u00ed biologov\u00e9. T\u00fdm bude n\u011bkolik let operovat na expedi\u010dn\u00edm katamar\u00e1nu na nejodlehlej\u0161\u00edch m\u00edstech na\u0161\u00ed planety. <\/p>\n<\/div>\n<\/div>\n\n\n\n<figure class=\"wp-block-image size-large\"><a href=\"https:\/\/opensea.io\/Escape-to-Nature\" target=\"_blank\" rel=\"https:\/\/opensea.io\/Escape-to-Nature noopener\"><img fetchpriority=\"high\" decoding=\"async\" width=\"1024\" height=\"512\" src=\"https:\/\/www.escapetonature.eu\/wp-content\/uploads\/2022\/10\/NFT_collection_3500-1024x512.jpg\" alt=\"\" class=\"wp-image-4040\" srcset=\"https:\/\/www.escapetonature.eu\/wp-content\/uploads\/2022\/10\/NFT_collection_3500-1024x512.jpg 1024w, https:\/\/www.escapetonature.eu\/wp-content\/uploads\/2022\/10\/NFT_collection_3500-300x150.jpg 300w, https:\/\/www.escapetonature.eu\/wp-content\/uploads\/2022\/10\/NFT_collection_3500-150x75.jpg 150w, https:\/\/www.escapetonature.eu\/wp-content\/uploads\/2022\/10\/NFT_collection_3500-768x384.jpg 768w, https:\/\/www.escapetonature.eu\/wp-content\/uploads\/2022\/10\/NFT_collection_3500-1536x768.jpg 1536w, https:\/\/www.escapetonature.eu\/wp-content\/uploads\/2022\/10\/NFT_collection_3500-2048x1024.jpg 2048w, https:\/\/www.escapetonature.eu\/wp-content\/uploads\/2022\/10\/NFT_collection_3500-2000x1000.jpg 2000w, https:\/\/www.escapetonature.eu\/wp-content\/uploads\/2022\/10\/NFT_collection_3500-1000x500.jpg 1000w, https:\/\/www.escapetonature.eu\/wp-content\/uploads\/2022\/10\/NFT_collection_3500-1800x900.jpg 1800w, https:\/\/www.escapetonature.eu\/wp-content\/uploads\/2022\/10\/NFT_collection_3500-1120x560.jpg 1120w, https:\/\/www.escapetonature.eu\/wp-content\/uploads\/2022\/10\/NFT_collection_3500-600x300.jpg 600w\" sizes=\"(max-width: 1024px) 100vw, 1024px\" \/><\/a><figcaption class=\"wp-element-caption\">NFTs<\/figcaption><\/figure>\n","protected":false},"excerpt":{"rendered":"<p>NFTsV kolekci NFT projektu Escape to Pacific p\u0159ipravujeme jednu z nejkreativn\u011bj\u0161\u00edch kolekc\u00ed NFT na t\u00e9ma ochrany mo\u0159sk\u00e9ho \u017eivota. Nov\u00e9 kolekce NFT budeme razit pr\u016fb\u011b\u017en\u011b b\u011bhem n\u011bkolikalet\u00e9ho projektu. Prvn\u00ed z nich p\u0159ijde ji\u017e brzy s p\u0159ipravovan\u00fdm projektem Escape to Pacific. Je pro n\u00e1s d\u016fle\u017eit\u00e9 poskytnout sb\u011bratel\u016fm NFT jedine\u010dn\u00fd inovativn\u00ed z\u00e1\u017eitek a [&hellip;]<\/p>\n","protected":false},"author":2,"featured_media":4034,"parent":0,"menu_order":0,"comment_status":"closed","ping_status":"closed","template":"","meta":{"jetpack_post_was_ever_published":false,"inspiro_page_layout":"narrow","inspiro_hide_title":false,"footnotes":""},"class_list":["post-3953","page","type-page","status-publish","has-post-thumbnail","hentry"],"translation":{"provider":"WPGlobus","version":"3.0.2","language":"cz","enabled_languages":["en","cz"],"languages":{"en":{"title":true,"content":true,"excerpt":false},"cz":{"title":true,"content":true,"excerpt":false}}},"jetpack_sharing_enabled":true,"jetpack_shortlink":"https:\/\/wp.me\/PaSTm9-11L","jetpack_likes_enabled":false,"_links":{"self":[{"href":"https:\/\/www.escapetonature.eu\/cz\/wp-json\/wp\/v2\/pages\/3953","targetHints":{"allow":["GET"]}}],"collection":[{"href":"https:\/\/www.escapetonature.eu\/cz\/wp-json\/wp\/v2\/pages"}],"about":[{"href":"https:\/\/www.escapetonature.eu\/cz\/wp-json\/wp\/v2\/types\/page"}],"author":[{"embeddable":true,"href":"https:\/\/www.escapetonature.eu\/cz\/wp-json\/wp\/v2\/users\/2"}],"replies":[{"embeddable":true,"href":"https:\/\/www.escapetonature.eu\/cz\/wp-json\/wp\/v2\/comments?post=3953"}],"version-history":[{"count":47,"href":"https:\/\/www.escapetonature.eu\/cz\/wp-json\/wp\/v2\/pages\/3953\/revisions"}],"predecessor-version":[{"id":4067,"href":"https:\/\/www.escapetonature.eu\/cz\/wp-json\/wp\/v2\/pages\/3953\/revisions\/4067"}],"wp:featuredmedia":[{"embeddable":true,"href":"https:\/\/www.escapetonature.eu\/cz\/wp-json\/wp\/v2\/media\/4034"}],"wp:attachment":[{"href":"https:\/\/www.escapetonature.eu\/cz\/wp-json\/wp\/v2\/media?parent=3953"}],"curies":[{"name":"wp","href":"https:\/\/api.w.org\/{rel}","templated":true}]}}