{"id":36,"date":"2019-03-22T10:58:16","date_gmt":"2019-03-22T09:58:16","guid":{"rendered":"http:\/\/216642.w42.wedos.ws\/?page_id=36"},"modified":"2019-04-08T00:30:12","modified_gmt":"2019-04-07T22:30:12","slug":"trailers","status":"publish","type":"page","link":"https:\/\/www.escapetonature.eu\/cz\/trailers\/","title":{"rendered":"Trailery k film\u016fm"},"content":{"rendered":"\n\n\t\t<style>\n            <\/style>\n\n    \n<script>\n    var GKIT_NO_PRIV_AJAX_URL = '\/wp-admin\/admin-ajax.php';\n    var CRP_DATASOURCE_6 = {};\n    var CRP_GALLERY_DATASOURCE_6 = new Array();\n<\/script>\n\n<script>var gkitPermalink = '\/cz\/wp-json\/wp\/v2\/pages\/36';<\/script><div id=\"crp-content-6\" class=\"crp-content  crp-clearfix\"><div class=\"crp-wrapper crp-wrapper-gallery\"><div data-lazy-load=\"0\" id=\"gallery-6\" class=\"gallery-6\" style=\"display:none;\"><div id=\"ftg-items\" class=\"ftg-items\"><div id=\"crp-tile-424\" class=\"crp-tile ftg- \" data-url=\"\" data-id=\"424\" data-catalog-id=\"6\"><div id='424'  class='crp-tile-inner crp-tile-youtube  button06 overlay00 share20 details46  crp-fix-explore-icon-pos ' ><img class='crp-tile-img' src='https:\/\/img.youtube.com\/vi\/bDKarlkp-hc\/mqdefault.jpg' alt='' title='' caption='' description='' data-width='320' data-height='180' \/><span class=\"crp-video-play-icon crp-youtube-play-ic\"><\/span><\/div><div class=\"crp-additional-block2\"><div class='details'><\/div><\/div><script>CRP_GALLERY_DATASOURCE_6.push({'facebookShareUrl': 'https:\/\/img.youtube.com\/vi\/bDKarlkp-hc\/maxresdefault.jpg','twitterShareUrl': 'https:\/\/img.youtube.com\/vi\/bDKarlkp-hc\/maxresdefault.jpg','pinterestShareUrl': 'https:\/\/img.youtube.com\/vi\/bDKarlkp-hc\/maxresdefault.jpg','googleplusShareUrl': 'https:\/\/img.youtube.com\/vi\/bDKarlkp-hc\/maxresdefault.jpg', 'tweetText': 'Trailer - \u00dat\u011bk na Fuerteventura', 'pinterestText': 'Trailer - \u00dat\u011bk na Fuerteventura','id': '424', 'src': 'https:\/\/www.youtube.com\/watch?v=bDKarlkp-hc', 'thumb': 'https:\/\/img.youtube.com\/vi\/bDKarlkp-hc\/maxresdefault.jpg', 'subHtml': '<h4 class=\\'crp-popup-title\\'>Trailer - \u00dat\u011bk na Fuerteventura<\/h4><p class=\\'crp-popup-desc\\'>Nov\u00fd projekt pro rok 2026<\/p>', 'downloadUrl': false});<\/script><\/div><div id=\"crp-tile-295\" class=\"crp-tile ftg- \" data-url=\"\" data-id=\"295\" data-catalog-id=\"6\"><div id='295'  class='crp-tile-inner crp-tile-vimeo  button06 overlay00 share20 details46  crp-fix-explore-icon-pos ' ><img class='crp-tile-img' src='https:\/\/i.vimeocdn.com\/video\/1272621796-68fbeb3bcfd41f7306c19e146cbd254bccae29933341132c3_200x150?region=us' alt='' title='' caption='' description='' data-width='200' data-height='150' \/><i class=\"crp-video-play-icon fa fa-play crp-vimeo-play-ic\"><\/i><\/div><div class=\"crp-additional-block2\"><div class='details'><\/div><\/div><script>CRP_GALLERY_DATASOURCE_6.push({'facebookShareUrl': 'https:\/\/i.vimeocdn.com\/video\/1272621796-68fbeb3bcfd41f7306c19e146cbd254bccae29933341132c3_640?region=us','twitterShareUrl': 'https:\/\/i.vimeocdn.com\/video\/1272621796-68fbeb3bcfd41f7306c19e146cbd254bccae29933341132c3_640?region=us','pinterestShareUrl': 'https:\/\/i.vimeocdn.com\/video\/1272621796-68fbeb3bcfd41f7306c19e146cbd254bccae29933341132c3_640?region=us','googleplusShareUrl': 'https:\/\/i.vimeocdn.com\/video\/1272621796-68fbeb3bcfd41f7306c19e146cbd254bccae29933341132c3_640?region=us', 'tweetText': '\u00dat\u011bk do Pacifiku', 'pinterestText': '\u00dat\u011bk do Pacifiku','id': '295', 'src': 'https:\/\/vimeo.com\/469432812', 'thumb': 'https:\/\/i.vimeocdn.com\/video\/1272621796-68fbeb3bcfd41f7306c19e146cbd254bccae29933341132c3_640?region=us', 'subHtml': '<h4 class=\\'crp-popup-title\\'>\u00dat\u011bk do Pacifiku<\/h4><p class=\\'crp-popup-desc\\'>P\u0159ipravujeme nat\u00e1\u010den\u00ed nov\u00e9ho p\u011btilet\u00e9ho projektu v Pacifiku<\/p>', 'downloadUrl': false});<\/script><\/div><div id=\"crp-tile-34\" class=\"crp-tile ftg- \" data-url=\"\" data-id=\"34\" data-catalog-id=\"6\"><div id='34'  class='crp-tile-inner crp-tile-vimeo  button06 overlay00 share20 details46  crp-fix-explore-icon-pos ' ><img class='crp-tile-img' src='https:\/\/i.vimeocdn.com\/video\/673624536-6f08147573c2c83cca22208d652f0200fc900b75793bd87f25acbb81132bf59f-d_200x150?region=us' alt='' title='' caption='' description='' data-width='200' data-height='150' \/><i class=\"crp-video-play-icon fa fa-play crp-vimeo-play-ic\"><\/i><\/div><div class=\"crp-additional-block2\"><div class='details'><\/div><\/div><script>CRP_GALLERY_DATASOURCE_6.push({'facebookShareUrl': 'https:\/\/i.vimeocdn.com\/video\/673624536-6f08147573c2c83cca22208d652f0200fc900b75793bd87f25acbb81132bf59f-d_640?region=us','twitterShareUrl': 'https:\/\/i.vimeocdn.com\/video\/673624536-6f08147573c2c83cca22208d652f0200fc900b75793bd87f25acbb81132bf59f-d_640?region=us','pinterestShareUrl': 'https:\/\/i.vimeocdn.com\/video\/673624536-6f08147573c2c83cca22208d652f0200fc900b75793bd87f25acbb81132bf59f-d_640?region=us','googleplusShareUrl': 'https:\/\/i.vimeocdn.com\/video\/673624536-6f08147573c2c83cca22208d652f0200fc900b75793bd87f25acbb81132bf59f-d_640?region=us', 'tweetText': 'Trailer - \u00dat\u011bk na Kostariku', 'pinterestText': 'Trailer - \u00dat\u011bk na Kostariku','id': '34', 'src': 'https:\/\/vimeo.com\/248173137', 'thumb': 'https:\/\/i.vimeocdn.com\/video\/673624536-6f08147573c2c83cca22208d652f0200fc900b75793bd87f25acbb81132bf59f-d_640?region=us', 'subHtml': '<h4 class=\\'crp-popup-title\\'>Trailer - \u00dat\u011bk na Kostariku<\/h4><p class=\\'crp-popup-desc\\'>Kr\u00e1tk\u00e1 uk\u00e1zka z nat\u00e1\u010den\u00ed trilogie na Kostarice<\/p>', 'downloadUrl': false});<\/script><\/div><div id=\"crp-tile-35\" class=\"crp-tile ftg- \" data-url=\"\" data-id=\"35\" data-catalog-id=\"6\"><div id='35'  class='crp-tile-inner crp-tile-vimeo  button06 overlay00 share20 details46  crp-fix-explore-icon-pos ' ><img class='crp-tile-img' src='https:\/\/i.vimeocdn.com\/video\/515700493-71c6fd7020422770f9bc1bd72e359e7be5739abf84d7e52d08981cc33e5ac920-d_200x150?region=us' alt='' title='' caption='' description='' data-width='200' data-height='150' \/><i class=\"crp-video-play-icon fa fa-play crp-vimeo-play-ic\"><\/i><\/div><div class=\"crp-additional-block2\"><div class='details'><\/div><\/div><script>CRP_GALLERY_DATASOURCE_6.push({'facebookShareUrl': 'https:\/\/i.vimeocdn.com\/video\/515700493-71c6fd7020422770f9bc1bd72e359e7be5739abf84d7e52d08981cc33e5ac920-d_640?region=us','twitterShareUrl': 'https:\/\/i.vimeocdn.com\/video\/515700493-71c6fd7020422770f9bc1bd72e359e7be5739abf84d7e52d08981cc33e5ac920-d_640?region=us','pinterestShareUrl': 'https:\/\/i.vimeocdn.com\/video\/515700493-71c6fd7020422770f9bc1bd72e359e7be5739abf84d7e52d08981cc33e5ac920-d_640?region=us','googleplusShareUrl': 'https:\/\/i.vimeocdn.com\/video\/515700493-71c6fd7020422770f9bc1bd72e359e7be5739abf84d7e52d08981cc33e5ac920-d_640?region=us', 'tweetText': 'Trailer - \u00dat\u011bk na Maledivy', 'pinterestText': 'Trailer - \u00dat\u011bk na Maledivy','id': '35', 'src': 'https:\/\/vimeo.com\/125559201', 'thumb': 'https:\/\/i.vimeocdn.com\/video\/515700493-71c6fd7020422770f9bc1bd72e359e7be5739abf84d7e52d08981cc33e5ac920-d_640?region=us', 'subHtml': '<h4 class=\\'crp-popup-title\\'>Trailer - \u00dat\u011bk na Maledivy<\/h4><p class=\\'crp-popup-desc\\'>Kr\u00e1tk\u00e1 uk\u00e1zka k filmu o Malediv\u00e1ch<\/p>', 'downloadUrl': false});<\/script><\/div><div id=\"crp-tile-36\" class=\"crp-tile ftg- \" data-url=\"\" data-id=\"36\" data-catalog-id=\"6\"><div id='36'  class='crp-tile-inner crp-tile-vimeo  button06 overlay00 share20 details46  crp-fix-explore-icon-pos ' ><img class='crp-tile-img' src='https:\/\/i.vimeocdn.com\/video\/479479567-177493c410b7e5c9e8e0e97322e78cbe5b40dae7f7ba71df945eae3d09144146-d_200x150?region=us' alt='' title='' caption='' description='' data-width='200' data-height='150' \/><i class=\"crp-video-play-icon fa fa-play crp-vimeo-play-ic\"><\/i><\/div><div class=\"crp-additional-block2\"><div class='details'><\/div><\/div><script>CRP_GALLERY_DATASOURCE_6.push({'facebookShareUrl': 'https:\/\/i.vimeocdn.com\/video\/479479567-177493c410b7e5c9e8e0e97322e78cbe5b40dae7f7ba71df945eae3d09144146-d_640?region=us','twitterShareUrl': 'https:\/\/i.vimeocdn.com\/video\/479479567-177493c410b7e5c9e8e0e97322e78cbe5b40dae7f7ba71df945eae3d09144146-d_640?region=us','pinterestShareUrl': 'https:\/\/i.vimeocdn.com\/video\/479479567-177493c410b7e5c9e8e0e97322e78cbe5b40dae7f7ba71df945eae3d09144146-d_640?region=us','googleplusShareUrl': 'https:\/\/i.vimeocdn.com\/video\/479479567-177493c410b7e5c9e8e0e97322e78cbe5b40dae7f7ba71df945eae3d09144146-d_640?region=us', 'tweetText': 'Trailer - \u00dat\u011bk na Papuu-Novou Guineu', 'pinterestText': 'Trailer - \u00dat\u011bk na Papuu-Novou Guineu','id': '36', 'src': 'https:\/\/vimeo.com\/98482649', 'thumb': 'https:\/\/i.vimeocdn.com\/video\/479479567-177493c410b7e5c9e8e0e97322e78cbe5b40dae7f7ba71df945eae3d09144146-d_640?region=us', 'subHtml': '<h4 class=\\'crp-popup-title\\'>Trailer - \u00dat\u011bk na Papuu-Novou Guineu<\/h4><p class=\\'crp-popup-desc\\'>Kr\u00e1tk\u00e1 uk\u00e1zka k filmu o Papue-Nov\u00e9 Guinei<\/p>', 'downloadUrl': false});<\/script><\/div><div id=\"crp-tile-337\" class=\"crp-tile ftg- \" data-url=\"\" data-id=\"337\" data-catalog-id=\"6\"><div id='337'  class='crp-tile-inner crp-tile-vimeo  button06 overlay00 share20 details46  crp-fix-explore-icon-pos ' ><img class='crp-tile-img' src='https:\/\/i.vimeocdn.com\/video\/468565899-900e4d6ec70f1fd550c5bd047465a4cbeef16e68986e05b9f43260653cf73048-d_200x150?region=us' alt='' title='' caption='' description='' data-width='200' data-height='150' \/><i class=\"crp-video-play-icon fa fa-play crp-vimeo-play-ic\"><\/i><\/div><div class=\"crp-additional-block2\"><div class='details'><\/div><\/div><script>CRP_GALLERY_DATASOURCE_6.push({'facebookShareUrl': 'https:\/\/i.vimeocdn.com\/video\/468565899-900e4d6ec70f1fd550c5bd047465a4cbeef16e68986e05b9f43260653cf73048-d_640?region=us','twitterShareUrl': 'https:\/\/i.vimeocdn.com\/video\/468565899-900e4d6ec70f1fd550c5bd047465a4cbeef16e68986e05b9f43260653cf73048-d_640?region=us','pinterestShareUrl': 'https:\/\/i.vimeocdn.com\/video\/468565899-900e4d6ec70f1fd550c5bd047465a4cbeef16e68986e05b9f43260653cf73048-d_640?region=us','googleplusShareUrl': 'https:\/\/i.vimeocdn.com\/video\/468565899-900e4d6ec70f1fd550c5bd047465a4cbeef16e68986e05b9f43260653cf73048-d_640?region=us', 'tweetText': 'Trailer - \u00dat\u011bk na Vanuatu', 'pinterestText': 'Trailer - \u00dat\u011bk na Vanuatu','id': '337', 'src': 'https:\/\/vimeo.com\/89664764', 'thumb': 'https:\/\/i.vimeocdn.com\/video\/468565899-900e4d6ec70f1fd550c5bd047465a4cbeef16e68986e05b9f43260653cf73048-d_640?region=us', 'subHtml': '<h4 class=\\'crp-popup-title\\'>Trailer - \u00dat\u011bk na Vanuatu<\/h4><p class=\\'crp-popup-desc\\'>Kr\u00e1tk\u00e1 uk\u00e1zka k filmu o Vanuatu<\/p>', 'downloadUrl': false});<\/script><\/div><div id=\"crp-tile-38\" class=\"crp-tile ftg- \" data-url=\"\" data-id=\"38\" data-catalog-id=\"6\"><div id='38'  class='crp-tile-inner crp-tile-vimeo  button06 overlay00 share20 details46  crp-fix-explore-icon-pos ' ><img class='crp-tile-img' src='https:\/\/i.vimeocdn.com\/video\/374679870-91967cec23ac3c19b300c79ecb9f4c256cb9e9633a5bcc80a00883a2446064d9-d_200x150?region=us' alt='' title='' caption='' description='' data-width='200' data-height='150' \/><i class=\"crp-video-play-icon fa fa-play crp-vimeo-play-ic\"><\/i><\/div><div class=\"crp-additional-block2\"><div class='details'><\/div><\/div><script>CRP_GALLERY_DATASOURCE_6.push({'facebookShareUrl': 'https:\/\/i.vimeocdn.com\/video\/374679870-91967cec23ac3c19b300c79ecb9f4c256cb9e9633a5bcc80a00883a2446064d9-d_640?region=us','twitterShareUrl': 'https:\/\/i.vimeocdn.com\/video\/374679870-91967cec23ac3c19b300c79ecb9f4c256cb9e9633a5bcc80a00883a2446064d9-d_640?region=us','pinterestShareUrl': 'https:\/\/i.vimeocdn.com\/video\/374679870-91967cec23ac3c19b300c79ecb9f4c256cb9e9633a5bcc80a00883a2446064d9-d_640?region=us','googleplusShareUrl': 'https:\/\/i.vimeocdn.com\/video\/374679870-91967cec23ac3c19b300c79ecb9f4c256cb9e9633a5bcc80a00883a2446064d9-d_640?region=us', 'tweetText': 'Trailer - \u00dat\u011bk na Svatou Lucii', 'pinterestText': 'Trailer - \u00dat\u011bk na Svatou Lucii','id': '38', 'src': 'https:\/\/vimeo.com\/54057000', 'thumb': 'https:\/\/i.vimeocdn.com\/video\/374679870-91967cec23ac3c19b300c79ecb9f4c256cb9e9633a5bcc80a00883a2446064d9-d_640?region=us', 'subHtml': '<h4 class=\\'crp-popup-title\\'>Trailer - \u00dat\u011bk na Svatou Lucii<\/h4><p class=\\'crp-popup-desc\\'>Kr\u00e1tk\u00e1 uk\u00e1zka z nat\u00e1\u010den\u00ed na Svat\u00e9 Lucii<\/p>', 'downloadUrl': false});<\/script><\/div><div id=\"crp-tile-336\" class=\"crp-tile ftg- \" data-url=\"\" data-id=\"336\" data-catalog-id=\"6\"><div id='336'  class='crp-tile-inner crp-tile-vimeo  button06 overlay00 share20 details46  crp-fix-explore-icon-pos ' ><img class='crp-tile-img' src='https:\/\/i.vimeocdn.com\/video\/128840778-891695d6be5f61662ade92f7ff631b17d7e94f8483d1a0f7c0e277686b781f0e-d_200x150?region=us' alt='' title='' caption='' description='' data-width='200' data-height='150' \/><i class=\"crp-video-play-icon fa fa-play crp-vimeo-play-ic\"><\/i><\/div><div class=\"crp-additional-block2\"><div class='details'><\/div><\/div><script>CRP_GALLERY_DATASOURCE_6.push({'facebookShareUrl': 'https:\/\/i.vimeocdn.com\/video\/128840778-891695d6be5f61662ade92f7ff631b17d7e94f8483d1a0f7c0e277686b781f0e-d_640?region=us','twitterShareUrl': 'https:\/\/i.vimeocdn.com\/video\/128840778-891695d6be5f61662ade92f7ff631b17d7e94f8483d1a0f7c0e277686b781f0e-d_640?region=us','pinterestShareUrl': 'https:\/\/i.vimeocdn.com\/video\/128840778-891695d6be5f61662ade92f7ff631b17d7e94f8483d1a0f7c0e277686b781f0e-d_640?region=us','googleplusShareUrl': 'https:\/\/i.vimeocdn.com\/video\/128840778-891695d6be5f61662ade92f7ff631b17d7e94f8483d1a0f7c0e277686b781f0e-d_640?region=us', 'tweetText': 'Trailer - \u00dat\u011bk na Tahiti a jeho ostrovy', 'pinterestText': 'Trailer - \u00dat\u011bk na Tahiti a jeho ostrovy','id': '336', 'src': 'https:\/\/vimeo.com\/20147226', 'thumb': 'https:\/\/i.vimeocdn.com\/video\/128840778-891695d6be5f61662ade92f7ff631b17d7e94f8483d1a0f7c0e277686b781f0e-d_640?region=us', 'subHtml': '<h4 class=\\'crp-popup-title\\'>Trailer - \u00dat\u011bk na Tahiti a jeho ostrovy<\/h4><p class=\\'crp-popup-desc\\'>Kr\u00e1tk\u00e1 uk\u00e1zka z nat\u00e1\u010den\u00ed z Francouzsk\u00e9 Polyn\u00e9sie<\/p>', 'downloadUrl': false});<\/script><\/div><div id=\"crp-tile-40\" class=\"crp-tile ftg- \" data-url=\"\" data-id=\"40\" data-catalog-id=\"6\"><div id='40'  class='crp-tile-inner crp-tile-vimeo  button06 overlay00 share20 details46  crp-fix-explore-icon-pos ' ><img class='crp-tile-img' src='https:\/\/i.vimeocdn.com\/video\/22939008-eebd5e1d10fca27df8424fdcf8ebc430c2a1824e92c4942401f4f0a7418c80c2-d_200x150?region=us' alt='' title='' caption='' description='' data-width='200' data-height='150' \/><i class=\"crp-video-play-icon fa fa-play crp-vimeo-play-ic\"><\/i><\/div><div class=\"crp-additional-block2\"><div class='details'><\/div><\/div><script>CRP_GALLERY_DATASOURCE_6.push({'facebookShareUrl': 'https:\/\/i.vimeocdn.com\/video\/22939008-eebd5e1d10fca27df8424fdcf8ebc430c2a1824e92c4942401f4f0a7418c80c2-d_640?region=us','twitterShareUrl': 'https:\/\/i.vimeocdn.com\/video\/22939008-eebd5e1d10fca27df8424fdcf8ebc430c2a1824e92c4942401f4f0a7418c80c2-d_640?region=us','pinterestShareUrl': 'https:\/\/i.vimeocdn.com\/video\/22939008-eebd5e1d10fca27df8424fdcf8ebc430c2a1824e92c4942401f4f0a7418c80c2-d_640?region=us','googleplusShareUrl': 'https:\/\/i.vimeocdn.com\/video\/22939008-eebd5e1d10fca27df8424fdcf8ebc430c2a1824e92c4942401f4f0a7418c80c2-d_640?region=us', 'tweetText': 'Trailer - \u00dat\u011bk na Mauricius', 'pinterestText': 'Trailer - \u00dat\u011bk na Mauricius','id': '40', 'src': 'https:\/\/vimeo.com\/6179558', 'thumb': 'https:\/\/i.vimeocdn.com\/video\/22939008-eebd5e1d10fca27df8424fdcf8ebc430c2a1824e92c4942401f4f0a7418c80c2-d_640?region=us', 'subHtml': '<h4 class=\\'crp-popup-title\\'>Trailer - \u00dat\u011bk na Mauricius<\/h4><p class=\\'crp-popup-desc\\'>Kr\u00e1tk\u00e1 uk\u00e1zka z nat\u00e1\u010den\u00ed na Mauriciu<\/p>', 'downloadUrl': false});<\/script><\/div><\/div><\/div><\/div><\/div>\n<script>\n    gkitWinReady(function(){\n        gkitConfigureGrid(\n            6,\n            {layoutType: 3,approxTileWidth: 320,approxTileHeight: 170,addBlock1Height: false,addBlock2Height: 80,freeAddBlocks: false,margin: 20,minTileWidth: 200,gridCellSize: 10,lazy: false,dontCropImage: false,columnCalcAlgo: 'Dynamic',},\n            {\n                kEnableGridLazyLoad : 0,\n                kDirectLinking : 0,\n                kLoadUrlBlank : 1,\n                kDisableAlbumStylePresentation : 1,\n                kViewerBackdropClass: 'crp-1-popup-backdrop',\n                albumViewerTypeIsGrid: 0            },\n            {hash: false,autoplayFirstVideo: true,videojs: true,controls: true,actualSize: false,mode: 'lg-fade',addClass: 'crp-full-popup crp-popup-full-theme-dark ',counter: true,zoom: false,pager: false,autoplayControls: false,fullScreen: false,autoplay: false,thumbnail: false,showThumbByDefault: true,animateThumb: true,thumbContHeight: 80,thumbHeight: '60px',share: false,download: false,showTextToggle: true,},\n            CRP_GALLERY_DATASOURCE_6,\n            CRP_DATASOURCE_6        );\n    });\n<\/script>\n\n","protected":false},"excerpt":{"rendered":"","protected":false},"author":2,"featured_media":0,"parent":0,"menu_order":0,"comment_status":"closed","ping_status":"closed","template":"","meta":{"inspiro_page_layout":"narrow","inspiro_hide_title":false,"footnotes":""},"class_list":["post-36","page","type-page","status-publish","hentry"],"translation":{"provider":"WPGlobus","version":"3.0.2","language":"cz","enabled_languages":["en","cz"],"languages":{"en":{"title":true,"content":true,"excerpt":false},"cz":{"title":true,"content":true,"excerpt":false}}},"jetpack_sharing_enabled":true,"jetpack_shortlink":"https:\/\/wp.me\/PaSTm9-A","jetpack_likes_enabled":false,"_links":{"self":[{"href":"https:\/\/www.escapetonature.eu\/cz\/wp-json\/wp\/v2\/pages\/36","targetHints":{"allow":["GET"]}}],"collection":[{"href":"https:\/\/www.escapetonature.eu\/cz\/wp-json\/wp\/v2\/pages"}],"about":[{"href":"https:\/\/www.escapetonature.eu\/cz\/wp-json\/wp\/v2\/types\/page"}],"author":[{"embeddable":true,"href":"https:\/\/www.escapetonature.eu\/cz\/wp-json\/wp\/v2\/users\/2"}],"replies":[{"embeddable":true,"href":"https:\/\/www.escapetonature.eu\/cz\/wp-json\/wp\/v2\/comments?post=36"}],"version-history":[{"count":7,"href":"https:\/\/www.escapetonature.eu\/cz\/wp-json\/wp\/v2\/pages\/36\/revisions"}],"predecessor-version":[{"id":678,"href":"https:\/\/www.escapetonature.eu\/cz\/wp-json\/wp\/v2\/pages\/36\/revisions\/678"}],"wp:attachment":[{"href":"https:\/\/www.escapetonature.eu\/cz\/wp-json\/wp\/v2\/media?parent=36"}],"curies":[{"name":"wp","href":"https:\/\/api.w.org\/{rel}","templated":true}]}}