{"id":3352,"date":"2021-10-10T23:24:57","date_gmt":"2021-10-10T21:24:57","guid":{"rendered":"https:\/\/www.escapetonature.eu\/?page_id=3352"},"modified":"2023-04-08T13:47:36","modified_gmt":"2023-04-08T11:47:36","slug":"pressrelease","status":"publish","type":"page","link":"https:\/\/www.escapetonature.eu\/cz\/pressrelease\/","title":{"rendered":"Tiskov\u00e1 zpr\u00e1va"},"content":{"rendered":"\n<p><strong>LAGOON 55, PRVN\u00cd KATAMAR\u00c1N LAGOON VE VIRTU\u00c1LN\u00cd REALIT\u011a<\/strong><\/p>\n\n\n\n\t\t<div id=\"wppdfemb-frame-container-4109\" style=\"-webkit-overflow-scrolling:auto;\">\n\t\t\t<iframe src=\"https:\/\/www.escapetonature.eu\/cz\/?pdfID=4109&#038;url=https:\/\/www.escapetonature.eu\/wp-content\/uploads\/2023\/02\/press-release-escape-to-nature-x-lagon-en.pdf&#038;index=1\"\n\t\t\t\tid=\"wppdf-emb-iframe-4109\"\n\t\t\t\tdata-pdf-index=\"1\"\n\t\t\t\tclass=\"pdfembed-iframe nonfullscreen\"\n\t\t\t\tstyle=\"border:none;width:100%;max-width:100%;min-height:1000px\"\n\t\t\t\tscrolling=\"yes\">\n\t\t\t<\/iframe>\n\t\t<\/div>\n\n\t\t\n<p class=\"wp-block-pdfemb-pdf-embedder-viewer\"><\/p>\n\n\n\n<p>&#8212;&#8212;&#8212;&#8212;&#8212;&#8212;&#8212;&#8211;<\/p>\n\n\n\n<p><strong>Partnerstv\u00ed a spolupr\u00e1ce mezi v\u00fdrobcem katamar\u00e1n\u016f Lagoon a na\u0161i produkc\u00ed Escape to Nature<\/strong><\/p>\n\n\n\n<p>Lagoon Katamaran &#8211; <a rel=\"noreferrer noopener\" href=\"https:\/\/www.cata-lagoon.com\/en\/news\/743\/escape-to-nature-the-new-lagoon-partnership\" target=\"_blank\"><strong>ofici\u00e1ln\u00ed webov\u00e9 str\u00e1nky<\/strong><\/a><\/p>\n\n\n\n\t\t<div id=\"wppdfemb-frame-container-3373\" style=\"-webkit-overflow-scrolling:auto;\">\n\t\t\t<iframe src=\"https:\/\/www.escapetonature.eu\/cz\/?pdfID=3373&#038;url=https:\/\/www.escapetonature.eu\/wp-content\/uploads\/2021\/10\/Escape_to_Nature_CP_EN-1.pdf&#038;index=2\"\n\t\t\t\tid=\"wppdf-emb-iframe-3373\"\n\t\t\t\tdata-pdf-index=\"2\"\n\t\t\t\tclass=\"pdfembed-iframe nonfullscreen\"\n\t\t\t\tstyle=\"border:none;width:100%;max-width:100%;min-height:1000px\"\n\t\t\t\tscrolling=\"yes\">\n\t\t\t<\/iframe>\n\t\t<\/div>\n\n\t\t\n<p class=\"wp-block-pdfemb-pdf-embedder-viewer\"><\/p>\n\n\n\n<p>&#8212;&#8212;&#8212;&#8212;&#8212;&#8212;&#8212;&#8211;<\/p>\n","protected":false},"excerpt":{"rendered":"<p>LAGOON 55, PRVN\u00cd KATAMAR\u00c1N LAGOON VE VIRTU\u00c1LN\u00cd REALIT\u011a &#8212;&#8212;&#8212;&#8212;&#8212;&#8212;&#8212;&#8211; Partnerstv\u00ed a spolupr\u00e1ce mezi v\u00fdrobcem katamar\u00e1n\u016f Lagoon a na\u0161i produkc\u00ed Escape to Nature Lagoon Katamaran &#8211; ofici\u00e1ln\u00ed webov\u00e9 str\u00e1nky &#8212;&#8212;&#8212;&#8212;&#8212;&#8212;&#8212;&#8211;<\/p>\n","protected":false},"author":2,"featured_media":0,"parent":0,"menu_order":0,"comment_status":"closed","ping_status":"closed","template":"","meta":{"jetpack_post_was_ever_published":false,"inspiro_page_layout":"narrow","inspiro_hide_title":false,"footnotes":""},"class_list":["post-3352","page","type-page","status-publish","hentry"],"translation":{"provider":"WPGlobus","version":"3.0.2","language":"cz","enabled_languages":["en","cz"],"languages":{"en":{"title":true,"content":true,"excerpt":false},"cz":{"title":true,"content":true,"excerpt":false}}},"jetpack_sharing_enabled":true,"jetpack_shortlink":"https:\/\/wp.me\/PaSTm9-S4","jetpack_likes_enabled":false,"_links":{"self":[{"href":"https:\/\/www.escapetonature.eu\/cz\/wp-json\/wp\/v2\/pages\/3352","targetHints":{"allow":["GET"]}}],"collection":[{"href":"https:\/\/www.escapetonature.eu\/cz\/wp-json\/wp\/v2\/pages"}],"about":[{"href":"https:\/\/www.escapetonature.eu\/cz\/wp-json\/wp\/v2\/types\/page"}],"author":[{"embeddable":true,"href":"https:\/\/www.escapetonature.eu\/cz\/wp-json\/wp\/v2\/users\/2"}],"replies":[{"embeddable":true,"href":"https:\/\/www.escapetonature.eu\/cz\/wp-json\/wp\/v2\/comments?post=3352"}],"version-history":[{"count":21,"href":"https:\/\/www.escapetonature.eu\/cz\/wp-json\/wp\/v2\/pages\/3352\/revisions"}],"predecessor-version":[{"id":4290,"href":"https:\/\/www.escapetonature.eu\/cz\/wp-json\/wp\/v2\/pages\/3352\/revisions\/4290"}],"wp:attachment":[{"href":"https:\/\/www.escapetonature.eu\/cz\/wp-json\/wp\/v2\/media?parent=3352"}],"curies":[{"name":"wp","href":"https:\/\/api.w.org\/{rel}","templated":true}]}}