{"id":33,"date":"2019-03-22T10:58:16","date_gmt":"2019-03-22T09:58:16","guid":{"rendered":"http:\/\/216642.w42.wedos.ws\/?page_id=33"},"modified":"2024-06-21T17:48:41","modified_gmt":"2024-06-21T15:48:41","slug":"awards","status":"publish","type":"page","link":"https:\/\/www.escapetonature.eu\/cz\/awards\/","title":{"rendered":"Ocen\u011bn\u00ed"},"content":{"rendered":"\n<figure class=\"wp-block-image size-medium\"><img fetchpriority=\"high\" decoding=\"async\" width=\"300\" height=\"202\" src=\"https:\/\/www.escapetonature.eu\/wp-content\/uploads\/2020\/05\/Lio_NYF_11w-300x202.jpg\" alt=\"\" class=\"wp-image-1955\" srcset=\"https:\/\/www.escapetonature.eu\/wp-content\/uploads\/2020\/05\/Lio_NYF_11w-300x202.jpg 300w, https:\/\/www.escapetonature.eu\/wp-content\/uploads\/2020\/05\/Lio_NYF_11w-1024x689.jpg 1024w, https:\/\/www.escapetonature.eu\/wp-content\/uploads\/2020\/05\/Lio_NYF_11w-150x101.jpg 150w, https:\/\/www.escapetonature.eu\/wp-content\/uploads\/2020\/05\/Lio_NYF_11w-768x517.jpg 768w, https:\/\/www.escapetonature.eu\/wp-content\/uploads\/2020\/05\/Lio_NYF_11w-1536x1034.jpg 1536w, https:\/\/www.escapetonature.eu\/wp-content\/uploads\/2020\/05\/Lio_NYF_11w-1000x673.jpg 1000w, https:\/\/www.escapetonature.eu\/wp-content\/uploads\/2020\/05\/Lio_NYF_11w-600x404.jpg 600w, https:\/\/www.escapetonature.eu\/wp-content\/uploads\/2020\/05\/Lio_NYF_11w-832x560.jpg 832w, https:\/\/www.escapetonature.eu\/wp-content\/uploads\/2020\/05\/Lio_NYF_11w.jpg 1600w\" sizes=\"(max-width: 300px) 100vw, 300px\" \/><\/figure>\n\n\n\n<p><strong>Escape to Nature<\/strong> z\u00edskala p\u0159es <strong>stovku ocen\u011bn\u00ed<\/strong> na mezin\u00e1rodn\u00edch filmov\u00fdch festivalech v \u010cech\u00e1ch a v zahrani\u010d\u00ed (nap\u0159. USA, Francie, Finsko, Anglie, Braz\u00edlie, N\u011bmecko, \u0158ecko, Polsko, Rakousko, Portugalsko, Chorvatsko, Srbsko, Makedonie, Estonsko, Bulharsko, Rumunsko, Braz\u00edlie, Slovensko, Slovinsko, Turecko, Azerbajd\u017e\u00e1n, a dal\u0161\u00edch)<\/p>\n\n\n\n<p class=\"has-medium-font-size\"><strong>\u00dat\u011bk na Kostariku<\/strong> (2017) \u2013 trilogie (3x 52\u2032)<\/p>\n\n\n\n<ul class=\"wp-block-list\">\n<li>&#8220;2. Cena&#8221; za film \u00dat\u011bk na Kostariku &#8211; P\u0159\u00edb\u011bh pralesa v kategorii Documentary v Braz\u00edlii na Finisterra Brasil Film Art &amp; Tourism Festival 2022<\/li>\n\n\n\n<li>&#8220;3. Cena&#8221; \u00dat\u011bk na Kostariku &#8211; P\u0159\u00edb\u011bh pralesa v kategorii Nature &amp; Wildlife v Braz\u00edlii na Finisterra Brasil Film Art &amp; Tourism Festival 2022<\/li>\n\n\n\n<li>\u201e1. Cena\u201c v kategorii Nature &amp; Wildlife na 9. Amorgos Tourism Film Festival za dokument \u201eP\u0159\u00edb\u011bh pralesa\u201c v \u0158ecku (2018)<\/li>\n\n\n\n<li>Mezi nejlep\u0161\u00ed sn\u00edmky festivalu Royal Starr Film Festival 2018 v americk\u00e9m Michiganu byla vybr\u00e1na epizoda P\u0159\u00edb\u011bh pralesa kategorii Documentary Feature Films<\/li>\n\n\n\n<li> Trilogie \u201e\u00dat\u011bk na Kostariku\u201c obdr\u017eela cenu jako nejlep\u0161\u00ed s\u00e9rie za \u017divotn\u00ed prost\u0159ed\u00ed a Ekologie v kategorii Dokument\u00e1rn\u00ed a televizn\u00ed filmy na 13. ro\u010dn\u00edku mezin\u00e1rodn\u00edho festivalu FilmAT Festival (Var\u0161ava, Polsko 2018)<\/li>\n\n\n\n<li> Ocen\u011bn\u00ed \u201eThe Best Regional Film: Central\/South America\u201c z\u00edskal P\u0159\u00edb\u011bh pralesa z trilogie \u00dat\u011bk na Kostariku na Wildlife Conservation Film Festival (WCFF) v New Yorku (USA)<\/li>\n\n\n\n<li> \u201eCreative Excellence\u201c obdr\u017eel dokument P\u0159\u00edb\u011bh pralesa na mezin\u00e1rodn\u00edm filmov\u00e9m festivalu Green Awards Festival v Deauville, Francie 2018<\/li>\n\n\n\n<li> Dv\u011b hlavn\u00ed nominace na mezin\u00e1rodn\u00edm festivalu \u201eChina International Green Film Week\u201c za epizodu P\u0159\u00edb\u011bh pralesa v Beijingu, \u010c\u00edna (2018)<\/li>\n\n\n\n<li> \u2026 jako \u201eBest Natural Environment Documentary Film\u201c<\/li>\n\n\n\n<li> \u2026 jako \u201eBest Documentary Film\u201c<\/li>\n\n\n\n<li> \u2013 P\u0159\u00edb\u011bh pralesa z trilogie \u00dat\u011bk na Kostariku z\u00edskal ocen\u011bn\u00ed \u201eThe Best Documentary\u201c na \u201eParagon Film Festival 2018\u201c v Los Angeles (Kalifornie \u2013 USA)<\/li>\n\n\n\n<li> P\u0159\u00edb\u011bh pralesa z trilogie \u00dat\u011bk na Kostariku z\u00edskal ocen\u011bn\u00ed \u201eThe Best Wildlife Tourism Film 2018\u201c na 7. ro\u010dn\u00edku mezin\u00e1rodn\u00edho festivalu Zagreb Tourfilm Festival (Chorvatsko).<\/li>\n\n\n\n<li> Dokument\u00e1rn\u00ed film Spojeni se Zem\u00ed usp\u011bl jako nejlep\u0161\u00ed zahrani\u010dn\u00ed sn\u00edmek \u2013 \u201eThe Best Foreign Feature Documentary\u201c \u2013 na mezin\u00e1rodn\u00edm filmov\u00e9m festivalu Royal Starr Film Festival v Emagine Theater v Royal Oak v americk\u00e9m Michiganu.<\/li>\n\n\n\n<li> Sn\u00edmek Spojeni se Zem\u00ed z kostarick\u00e9 trilogie z\u00edskal druhou cenu na 51. Mezin\u00e1rodn\u00edm filmov\u00e9m festivalu TOURFILM Karlovy Vary.<\/li>\n\n\n\n<li> Dokument P\u0159\u00edb\u011bh pralesa z kostarick\u00e9 trilogie \u00dat\u011bk na Kostariku se stal v\u00edt\u011bzem na mezin\u00e1rodn\u00edm filmov\u00e9m festivalu v Hollywoodu za m\u011bs\u00edc duben 2018. Toto ocen\u011bn\u00ed garantuje postup mezi 12 nejlep\u0161\u00edch dokument\u00e1rn\u00edch film\u016f na Hollywood International Independent Documentary Awards za rok 2018.<\/li>\n\n\n\n<li> 1. cenu v kategorii Eco Tourism z\u00edskal P\u0159\u00edb\u011bh pralesa na mezin\u00e1rodn\u00edm filmov\u00e9m festivalu Istanbul Tourism Film Festival (2018)<\/li>\n\n\n\n<li> 2. cenu v kategorii Nature and Wildlife z\u00edskal \u201eP\u0159\u00edb\u011bh pralesa\u201c (Jungle Story) na mezin\u00e1rodn\u00edm filmov\u00e9m festivalu Finisterra Arr\u00e1bida Film Art &amp; Tourism Festival v Sesimbra and Arrabida, Portugalsko (2018)<\/li>\n<\/ul>\n\n\n\n<p><\/p>\n\n\n\n<p class=\"has-medium-font-size\"><strong>\u00dat\u011bk na Maledivy<\/strong> (2015):<\/p>\n\n\n\n<ul class=\"wp-block-list\">\n<li>\u201e1. cena\u201c v kategorii \u201ePublicistick\u00fdch a dokument\u00e1rn\u00edch film\u016f del\u0161\u00edch ne\u017e 25 minut\u201c na 49. Mezin\u00e1rodn\u00edm filmov\u00e9m festivalu TOURFILM Karlovy Vary (Carlsbad), \u010cesk\u00e1 republika (2016)<\/li>\n\n\n\n<li> \u201e2. cena\u201c v kategorii \u201eTourism Destinations\u201c na mezin\u00e1rodn\u00edm filmov\u00e9m festivalu ArtTur 2016, Porto, Portugalsko<\/li>\n\n\n\n<li> \u201eBronzov\u00e1 Medaile\u201c z mezin\u00e1rodn\u00edho filmov\u00e9ho festivalu \u201eNew York International Festivals\u00ae televizn\u00edch seri\u00e1l\u016f a film\u016f\u201c v kategorii \u201eCinematography\u201c (kamera). P\u0159ed\u00e1n\u00ed ocen\u011bn\u00ed prob\u011bhlo dne 19. dubna na nejv\u011bt\u0161\u00edm sv\u011btov\u00e9m veletrhu televizn\u00ed techniky a technologie \u2013 NAB Show 2016 v Las Vegas.<\/li>\n\n\n\n<li> T\u0159i ocen\u011bn\u00ed na festivalu International film festival \u201eFinisterra Arrabida Film Art Tourism Festival 2016\u201c v Sesimbra, Portugalsko:<\/li>\n\n\n\n<li> \u2026 1. cena v kategorii \u201eNature and Wildlife\u201c<\/li>\n\n\n\n<li> \u2026 2. cena v kategorii \u201eSea-Beach\u201c<\/li>\n\n\n\n<li> \u2026 3. cena v kategorii \u201eDiving\u201c<\/li>\n\n\n\n<li> The Official Selection na mezin\u00e1rodn\u00edm filmov\u00e9m festivalu Wildlife Conservation Film Festival (WCFF) 2015 v New Yorku<\/li>\n<\/ul>\n\n\n\n<p><\/p>\n\n\n\n<p class=\"has-medium-font-size\"><strong>\u00dat\u011bk na Papuu-Novou Guineu<\/strong> (2015):<\/p>\n\n\n\n<ul class=\"wp-block-list\">\n<li>\u201eSt\u0159\u00edbro\u201c v kategorii TV Reports (televizn\u00ed report\u00e1\u017e) na III. Baku International Tourism Film Festival, Azerbajd\u017e\u00e1n (2016)<\/li>\n\n\n\n<li> \u201eNominated for the Grand Prix CIFFT 2015\u201c for \u201eThe Best Film 2015\u201c \u2013 at the Comit\u00e9 International des Festivals du Film Touristique (CIFFT), in Vienna, Austria (2015)<\/li>\n\n\n\n<li> \u201e2nd Prize\u201c in category \u201eEcology Biodiversity\u201c at International film festival ArtTur in Porto, Portugal<\/li>\n\n\n\n<li> \u201eSpecial Mention\u201c at Tourfilm 2015 \u2013 Karlovy Vary (Carlsbad), Czech Republic<\/li>\n\n\n\n<li> \u201eGolden Wave\u201c for \u201eThe Best Film\u201c in category \u2013 \u201eEkology\u201c at International film festival Silafest 2015, Veliko Gradiste, Serbia<\/li>\n\n\n\n<li> \u201e2nd Prize\u201c in category \u201eBest film up to 60 minutes\u201c at International film festival \u201eZagreb Tourfilm Festival\u201c, Zagreb, Croatia<\/li>\n\n\n\n<li> \u201eSilver Screen\u201c in category \u201eTourism Films\u201c at International film festival \u201ethe US International Film Video Festival Award\u201c, Los Angeles, USA<\/li>\n\n\n\n<li> \u201eSilver Trophy\u201c in category \u201e\u00c9co-Tourisme &amp; Voyages Responsables\u201d at International film festival \u201eDeauville Green Awards\u201c in Normandy, Deauville, France<\/li>\n\n\n\n<li> \u201eThe Grand Prix Ecology\u201c at International film festival \u201eFilmAt Film\u201c, Art Tourism Festival, Warsaw, Poland<\/li>\n\n\n\n<li> FIVE AWARDS at International film festival \u201eFinisterra Arrabida Film Art Tourism Festival\u201c in Sesimbra, Portugal:<\/li>\n\n\n\n<li> \u2026 \u201eSpecial Mention\u201c for \u201eBest Cinematography\u201c<\/li>\n\n\n\n<li> \u2026 \u201e1st Prize\u201c in category \u201eHuman and Life\u201c<\/li>\n\n\n\n<li> \u2026 \u201e1st Prize\u201c in category \u201eDestination\u201c<\/li>\n\n\n\n<li> \u2026 \u201e2nd Prize\u201c in category \u201eBest Documentary\u201c<\/li>\n\n\n\n<li> \u2026 \u201e2nd Prize\u201c in category \u201eTraveling\u201c<\/li>\n\n\n\n<li> \u201eThe Best Film\u201c in category \u201eEco-Tourism\u201c at International film festival \u201eThe Golden City Gate\u201c, ITB Berlin, Germany<\/li>\n\n\n\n<li> \u201eThe Best Documentary Film\u201c in category: \u201eNature Ecotourism\u201c at \u201eXI. The International Tourism Film Festival On The East Coast Of Europe\u201d, Bulgaria (2015)<\/li>\n\n\n\n<li> \u201eThe Official Selection\u201c in category \u201eTravel Tourism\u201c at International film festival New York Festival World\u2019s Best TV Films in New York, USA- \u201eNominace na Grand Prix CIFFT 2015\u201c za \u201enejlep\u0161\u00ed turisticko-cestovatelsk\u00fd film\u201c \u2013 ocen\u011bno \u010dleny Mezin\u00e1rodn\u00edho v\u00fdboru festival\u016f CIFFT ve V\u00eddni (2015)<\/li>\n\n\n\n<li> 2. cena v kategorii Ecology Biodiversity na Mezin\u00e1rodn\u00edm filmov\u00e9m festivalu ArtTur v Portu, Portugalsko<\/li>\n\n\n\n<li> \u201eSpecial Mention\u201c na Tourfilm 2015 \u2013 Karlovy Vary<\/li>\n\n\n\n<li> \u201eGolden Wave\u201c za \u201eNejlep\u0161\u00ed film v kategorii \u2013 Ekologie\u201c na Silafest 2015, Mezin\u00e1rodn\u00edm filmov\u00e9m festivalu turistick\u00fdch a ekologick\u00fdch film\u016f v Srbsku<\/li>\n\n\n\n<li> 2. m\u00edsto v kategorii \u201eNejlep\u0161\u00ed film do 60 minut\u201c na Mezin\u00e1rodn\u00edm filmov\u00e9m festivalu Zagreb Tourfilm Festival v Chorvatsku<\/li>\n\n\n\n<li> Silver Screen (druh\u00e1 cena) v kategorii \u201eTourism Films\u201c na Mezin\u00e1rodn\u00edm festivalu the US International Film Video Festival Award v Los Angeles, USA<\/li>\n\n\n\n<li> Silver Trophy v kategorii \u201e\u00c9co-Tourisme Voyages Responsables\u201d na Mezin\u00e1rodn\u00edho filmov\u00e9ho festivalu \u201eDeauville Green Awards\u201c v Normandii, Francie<\/li>\n\n\n\n<li> P\u011bt cen z Mezin\u00e1rodn\u00edho filmov\u00e9ho festivalu \u201c Finisterra Arrabida Film Art Tourism Festival\u201c po\u0159\u00e1dan\u00e9m \u010dtvrt\u00fdm rokem v portugalsk\u00e9 Sesimb\u0159e:<\/li>\n\n\n\n<li> \u2026 Zvl\u00e1\u0161tn\u00ed cena za \u201eNejlep\u0161\u00ed kamera\u201c<\/li>\n\n\n\n<li> \u2026 1. m\u00edsto v kategorii \u201e\u010clov\u011bk a \u017eivot\u201c<\/li>\n\n\n\n<li> \u2026 1. m\u00edsto v kategorii \u201eDestinace\u201c<\/li>\n\n\n\n<li> \u2026 2. m\u00edsto v kategorii \u201eNejlep\u0161\u00ed dokument\u201c<\/li>\n\n\n\n<li> \u2026 2. m\u00edsto v kategorii \u201c Cestov\u00e1n\u00ed\u201c<\/li>\n\n\n\n<li> V\u00edt\u011bz kategorie \u201eEco-Tourism\u201c na mezin\u00e1rodn\u00edm filmov\u00e9m festivalu The Golden City Gate v Berl\u00edn\u011b.<\/li>\n\n\n\n<li> Nejlep\u0161\u00ed dokument\u00e1rn\u00ed film v kategorii: \u201eP\u0159\u00edroda a Ekoturistika\u201c na 11. Mezin\u00e1rodn\u00edm filmov\u00e9m festivalu turistick\u00fdch film\u016f v Bulharsku (XI. The International Tourism Film Festival \u201cOn The East Coast Of Europe\u201d (2015)<\/li>\n\n\n\n<li> Postup mezi \u010dty\u0159i nejlep\u0161\u00ed dokumenty v kategorii \u201eTravel Tourism\u201c na mezin\u00e1rodnim filmov\u00e9m festivalu New York Festivals \u2013 2015 World\u2019s Best Television Films v New Yorku, USA<\/li>\n<\/ul>\n\n\n\n<p><\/p>\n\n\n\n<p class=\"has-medium-font-size\"><strong>\u00dat\u011bk na Vanuatu<\/strong> (2014):<\/p>\n\n\n\n<ul class=\"wp-block-list\">\n<li>\u201eNominace na Grand Prix CIFFT 2014\u201c za \u201enejlep\u0161\u00ed turisticko-cestovatelsk\u00fd film\u201c \u2013 ocen\u011bno \u010dleny Mezin\u00e1rodn\u00edho v\u00fdboru festival\u016f CIFFT ve V\u00eddni (2014)<\/li>\n\n\n\n<li> dv\u011b ocen\u011bn\u00ed na mezin\u00e1rodn\u00edm filmov\u00e9m festivalu ArtTur v portugalsk\u00e9m Portu (2014)<\/li>\n\n\n\n<li> \u2026 \u201eNejlep\u0161\u00ed dokument\u00e1rn\u00ed film\u201c<\/li>\n\n\n\n<li> \u2026 \u201e1. cena v kategorii \u201eMo\u0159sk\u00e1 turistika a vodn\u00ed aktivity\u201c<\/li>\n\n\n\n<li> \u201eNejlep\u0161\u00ed dokument\u00e1rn\u00ed film zam\u011b\u0159en\u00fd na ekologickou turistiku\u201c na 21. mezin\u00e1rodn\u00edm dokument\u00e1rn\u00edm filmov\u00e9m festivalu zam\u011b\u0159en\u00e9m na um\u011bn\u00ed, ekologii a turismus v Bukure\u0161ti, Rumunsko (2014)<\/li>\n\n\n\n<li> \u201eB\u00edl\u00e1 ak\u00e1cie\u201c za \u201eNejlep\u0161\u00ed obecnou vn\u00edmavost ve filmu\u201c na mezin\u00e1rodn\u00edm festivalu turistick\u00fdch a ekologick\u00fdch film\u016f SILAFEST v srbsku (2014)<\/li>\n\n\n\n<li> 3. cena v kategorii: Dokumenty \/ Film \/ Video \/ Digit\u00e1ln\u00ed sn\u00edmky\/ Dokumenty na americk\u00e9m mezin\u00e1rodn\u00edm festivalu Film a Video v Kalifornii, USA (2014)<\/li>\n\n\n\n<li> \u201est\u0159\u00edbrn\u00e1 cena\u201c v kategorii \u201eKultura a tradice\u201c na mezin\u00e1rodn\u00edm filmov\u00e9m festivalu zam\u011b\u0159en\u00e9m na turismus, Baku, \u00c1zerbajd\u017e\u00e1n (2014)<\/li>\n\n\n\n<li> 2. m\u00edsto v kategorii \u201eNejlep\u0161\u00ed televizn\u00ed dokument\u00e1rn\u00ed film do 60 minut\u201c na mezin\u00e1rodn\u00edm filmov\u00e9m festivalu \u2013 Zagreb Tourfilm Festival 2014, Chorvatsko (2014)<\/li>\n\n\n\n<li> \u201eNejlep\u0161\u00ed ekologick\u00fd film\u201c v kategorii \u201eP\u0159\u00edroda\u201c na dev\u00e1t\u00e9m filmov\u00e9m festivalu Film Art Tourism Festival ve Var\u0161av\u011b, Polsko (2014)<\/li>\n\n\n\n<li> \u201eVelk\u00e1 cena pro dokument\u00e1rn\u00ed s\u00e9rii Escape to Nature 2009-2014\u201d na dev\u00e1t\u00e9m filmov\u00e9m festivalu Film Art Tourism Festival ve Var\u0161av\u011b, Polsko (2014)<\/li>\n\n\n\n<li> Filmov\u00fd festival zam\u011b\u0159en\u00fd na turismus Finisterra Arr\u00e1bida FilmArt &amp; Tourism Festival v Portugalsku (2014) &#8230; celkem p\u011bt ocen\u011bn\u00ed:<\/li>\n\n\n\n<li> \u2026 \u201eHlavn\u00ed cena Arr\u00e1bida Finesterra\u201c, hlavn\u00ed cena festivalu nap\u0159\u00ed\u010d v\u0161emi kategoriemi<\/li>\n\n\n\n<li> \u2026 1. cena v kategorii \u201eCestov\u00e1n\u00ed\u201c<\/li>\n\n\n\n<li> \u2026 1. cena v kategorii \u201ePl\u00e1\u017e a mo\u0159e\u201c<\/li>\n\n\n\n<li> \u2026 2. cena v kategorii \u201eDokumenty\u201c<\/li>\n\n\n\n<li> \u2026 2. cena v kategorii \u201eP\u0159\u00edroda a divo\u010dina\u201c<\/li>\n<\/ul>\n\n\n\n<p class=\"has-medium-font-size\"><strong>\u00dat\u011bk na Svatou Lucii<\/strong> (2013):<\/p>\n\n\n\n<ul class=\"wp-block-list\">\n<li>\u201eNominace na hlavn\u00ed cenu CIFFT 2013\u201c za \u201enejlep\u0161\u00ed turisticko-cestovatelsk\u00fd film\u201c \u2013 ocen\u011bno \u010dleny Mezin\u00e1rodn\u00edho v\u00fdboru festival\u016f CIFFT ve V\u00eddni (2013)<\/li>\n\n\n\n<li> \u201eNejlep\u0161\u00ed film\u201c v kategorii \u201eP\u0159\u00edroda\u201c na 8. filmov\u00e9m festivalu Film Art Tourism Festival ve Var\u0161av\u011b, Polsko (2013)<\/li>\n\n\n\n<li> 2. cena v kategorii \u201eNejlep\u0161\u00ed televizn\u00ed dokument do 60 minut\u201c na z\u00e1h\u0159ebsk\u00e9m filmov\u00e9m festivalu zam\u011b\u0159en\u00e9m na turismus Zagreb Tourfilm Festival, Z\u00e1h\u0159eb, Chorvatsko (2013)<\/li>\n\n\n\n<li> \u201eModr\u00fd Dunaj\u201c za \u201eNejlep\u0161\u00ed turistickou report\u00e1\u017e\u201c na 5. Nezin\u00e1rodn\u00edm festivalu zam\u011b\u0159en\u00e9m na turismus a ekologii SILAFEST, Srbsko (2013)<\/li>\n\n\n\n<li> 3. cena na nejstar\u0161\u00edm filmov\u00e9m festivalu v\u011bnovan\u00e9m turismu Tourfilm Karlovy Vary 2013 v \u201eKategorii televizn\u00edch dokument\u016f\u201c<\/li>\n\n\n\n<li> Ocen\u011bn\u00ed za cestovatelsk\u00fd dokument\u00e1rn\u00ed film na 20. mezin\u00e1rodn\u00edm filmov\u00e9m festivalu zam\u011b\u0159en\u00e9m na um\u011bn\u00ed, ekologii a turismus v Bukure\u0161ti, Rumunsko (2014)<\/li>\n\n\n\n<li> 1. cena v kategorii \u201eMo\u0159sk\u00e1 turistika a vodn\u00ed aktivity\u201c na \u0161est\u00e9m mezin\u00e1rodn\u00edm filmov\u00e9m festivalu ArtTur v portugalsk\u00e9m Portu (2014)<\/li>\n\n\n\n<li> T\u0159i ocen\u011bn\u00ed na Festivalu zam\u011b\u0159en\u00e9m na turismus Finisterra Arr\u00e1bida FilmArt Tourism Festival, Portugalsko (2013):<\/li>\n\n\n\n<li> \u2026 \u201eNejlep\u0161\u00ed dokument\u201c<\/li>\n\n\n\n<li> \u2026 \u201eNejlep\u0161\u00ed zvuk\u201c<\/li>\n\n\n\n<li> \u2026 2. cena v kategorii \u201eDestinace\u201c<\/li>\n<\/ul>\n\n\n\n<p class=\"has-medium-font-size\"><strong>\u00dat\u011bk na Tahiti a jeho ostrovy<\/strong> (2011):<\/p>\n\n\n\n<ul class=\"wp-block-list\">\n<li>1. cena v kategorii Televizn\u00ed dokumenty na 44. festivalu Tourfilm Karlovy Vary, \u010cesk\u00e1 republika (2011)<\/li>\n\n\n\n<li>1. cena v kategorii \u201eMo\u0159sk\u00e1 turistika a vodn\u00ed aktivity\u201c na 4. Mezin\u00e1rodn\u00edm filmov\u00e9m festivalu zam\u011b\u0159en\u00e9m na turismus Festival ArtTur, v Barcelos, Portugalsko (2011)<\/li>\n\n\n\n<li> \u201eModr\u00fd Dunaj\u201d ocen\u011bn\u00ed za \u201cNejlep\u0161\u00ed turistickou report\u00e1\u017e\u201dna mezin\u00e1rodn\u00edm turistick\u00e9m festivalu SILAFEST 2011, Srbsko (2011)<\/li>\n\n\n\n<li> \u201eNejlep\u0161\u00ed producent\u201d na 15. mezin\u00e1rodn\u00edm filmov\u00e9m festivalu zam\u011b\u0159en\u00e9m na um\u011bn\u00ed, ekologii a turismus v C\u00e2mpulung Muscel a Arge\u015f, Rumunsko (2011)<\/li>\n\n\n\n<li> 1. cena v kategorii Dokument\u00e1rn\u00ed film na XXXI. mezin\u00e1rodn\u00edm filmov\u00e9m festivalu \u201cPodzim ve Voronet\u201d v Gura Humorului, Rumunsko (2011)<\/li>\n\n\n\n<li> \u201eSpeci\u00e1ln\u00ed ocen\u011bn\u00ed poroty\u201c na 15. mezin\u00e1rodn\u00edm podvodn\u00edm filmov\u00e9m festivalu v B\u011blehradu, Srbsko (2011)<\/li>\n\n\n\n<li> \u201eNejlep\u0161\u00ed dokument\u201d v kategorii \u201cPot\u00e1p\u011bn\u00ed\u201d na 1. mezin\u00e1rodn\u00edm filmov\u00e9m festivalu Finisterra Arr\u00e1bida FilmArt Tourism Festival v Portugalsku (2012)<\/li>\n\n\n\n<li> 3. cena v kategorii \u201cNejlep\u0161\u00ed televizn\u00ed dokument\u201d na TOURFILM Festivalu, Z\u00e1h\u0159eb (2012)<\/li>\n<\/ul>\n\n\n\n<p class=\"has-medium-font-size\"><strong>\u00dat\u011bk na Mauricius<\/strong> (2011):<\/p>\n\n\n\n<ul class=\"wp-block-list\">\n<li>\u201eSt\u0159\u00edbrn\u00fd Arara\u201c v kategorii Mo\u0159sk\u00fd turismus na festivalu Tourfilm, Braz\u00edlie (2011)<\/li>\n\n\n\n<li> \u201eNejlep\u0161\u00ed producent\u201d na 15. mezin\u00e1rodn\u00edm filmov\u00e9m festivalu zam\u011b\u0159en\u00e9m na um\u011bn\u00ed, ekologii a turismus v C\u00e2mpulung Muscel a Arge\u015f, Rumunsko (2011)<\/li>\n\n\n\n<li> 3. cena za \u201cNejlep\u0161\u00ed dokument\u00e1rn\u00ed film\u201d na filmov\u00e9m festivalu GO Kamera, \u010cesk\u00e1 republika (2010)<\/li>\n\n\n\n<li> Nominace na \u201cNejlep\u0161\u00ed mezin\u00e1rodn\u00ed dokument\u201d na mezin\u00e1rodn\u00edm filmov\u00e9m festivalu Falstaff, Velk\u00e1 Brit\u00e1nie (2009)<\/li>\n\n\n\n<li> \u201eNejlep\u0161\u00ed podvodn\u00ed film\u201d a speci\u00e1ln\u00ed ocen\u011bn\u00ed poroty za \u201cNejlep\u0161\u00ed podvodn\u00ed fotografie\u201d na 5. festivalu Film Art Tourism Festival, P\u0142ock, Polsko(2010)<\/li>\n\n\n\n<li> 2. cena v kategorii \u201eTelevizn\u00ed filmy\u201c na 42. mezin\u00e1rodn\u00edm filmov\u00e9m festivalu zam\u011b\u0159en\u00e9m na turismus TOURFILM, Karlovy Vary, \u010cesk\u00e1 republika (2009)<\/li>\n<\/ul>\n\n\n\n<p><strong>Angels of the Oceans \u2013 And\u011bl\u00e9 oce\u00e1n\u016f<\/strong> (2015):<\/p>\n\n\n\n<p>\u2013 The Best Award v kategorii Music &amp; Nature Films na mezin\u00e1rodn\u00edm filmov\u00e9m festivalu Wildlife Conservation Film Festival (WCFF) 2015 v New Yorku<\/p>\n\n\n\n<p class=\"has-medium-font-size\"><strong>O lese a vod\u011b<\/strong> (2012):<\/p>\n\n\n\n<ul class=\"wp-block-list\">\n<li>\u201eNejlep\u0161\u00ed film\u201c v kategorii \u201eP\u0159\u00edroda\u201c na 7. festivalu zam\u011b\u0159en\u00e9m na turismus Film Art Tourism Festival, Var\u0161ava, Polsko (2012)<\/li>\n\n\n\n<li> \u201eCena poroty\u201c na 19. ka\u017edoro\u010dn\u00edm n\u00e1rodn\u00edm festivalu zam\u011b\u0159en\u00e9m na turismus Tour Region Film 2012, Karlovy Vary, \u010cesk\u00e1 republika (2012)<\/li>\n\n\n\n<li> 2. cena za poetick\u00fd film v kategorii \u201eEkologie a biodiverzita\u201c na 5. mezin\u00e1rodn\u00edm festivalu turistick\u00fdch film\u016f ArtTur, Barcelos, Portugalsko (2012)<\/li>\n<\/ul>\n\n\n\n<p class=\"has-medium-font-size\"><strong>Podmo\u0159sk\u00e1 Opera<\/strong><\/p>\n\n\n\n<ul class=\"wp-block-list\">\n<li>\u201eNejlep\u0161\u00ed podvodn\u00ed video\u201c na sout\u011b\u017ei podvodn\u00edch vide\u00ed \u201cOSKAR\u201d, Velk\u00e1 Brit\u00e1nie (2009)<\/li>\n<\/ul>\n","protected":false},"excerpt":{"rendered":"<p>Escape to Nature z\u00edskala p\u0159es stovku ocen\u011bn\u00ed na mezin\u00e1rodn\u00edch filmov\u00fdch festivalech v \u010cech\u00e1ch a v zahrani\u010d\u00ed (nap\u0159. USA, Francie, Finsko, Anglie, Braz\u00edlie, N\u011bmecko, \u0158ecko, Polsko, Rakousko, Portugalsko, Chorvatsko, Srbsko, Makedonie, Estonsko, Bulharsko, Rumunsko, Braz\u00edlie, Slovensko, Slovinsko, Turecko, Azerbajd\u017e\u00e1n, a dal\u0161\u00edch) \u00dat\u011bk na Kostariku (2017) \u2013 trilogie (3x 52\u2032) \u00dat\u011bk na [&hellip;]<\/p>\n","protected":false},"author":2,"featured_media":183,"parent":0,"menu_order":0,"comment_status":"closed","ping_status":"closed","template":"","meta":{"jetpack_post_was_ever_published":false,"inspiro_page_layout":"narrow","inspiro_hide_title":false,"footnotes":""},"class_list":["post-33","page","type-page","status-publish","has-post-thumbnail","hentry"],"translation":{"provider":"WPGlobus","version":"3.0.2","language":"cz","enabled_languages":["en","cz"],"languages":{"en":{"title":true,"content":true,"excerpt":false},"cz":{"title":true,"content":true,"excerpt":false}}},"jetpack_sharing_enabled":true,"jetpack_shortlink":"https:\/\/wp.me\/PaSTm9-x","jetpack_likes_enabled":false,"_links":{"self":[{"href":"https:\/\/www.escapetonature.eu\/cz\/wp-json\/wp\/v2\/pages\/33","targetHints":{"allow":["GET"]}}],"collection":[{"href":"https:\/\/www.escapetonature.eu\/cz\/wp-json\/wp\/v2\/pages"}],"about":[{"href":"https:\/\/www.escapetonature.eu\/cz\/wp-json\/wp\/v2\/types\/page"}],"author":[{"embeddable":true,"href":"https:\/\/www.escapetonature.eu\/cz\/wp-json\/wp\/v2\/users\/2"}],"replies":[{"embeddable":true,"href":"https:\/\/www.escapetonature.eu\/cz\/wp-json\/wp\/v2\/comments?post=33"}],"version-history":[{"count":34,"href":"https:\/\/www.escapetonature.eu\/cz\/wp-json\/wp\/v2\/pages\/33\/revisions"}],"predecessor-version":[{"id":4431,"href":"https:\/\/www.escapetonature.eu\/cz\/wp-json\/wp\/v2\/pages\/33\/revisions\/4431"}],"wp:featuredmedia":[{"embeddable":true,"href":"https:\/\/www.escapetonature.eu\/cz\/wp-json\/wp\/v2\/media\/183"}],"wp:attachment":[{"href":"https:\/\/www.escapetonature.eu\/cz\/wp-json\/wp\/v2\/media?parent=33"}],"curies":[{"name":"wp","href":"https:\/\/api.w.org\/{rel}","templated":true}]}}