{"id":32,"date":"2019-03-22T10:58:16","date_gmt":"2019-03-22T09:58:16","guid":{"rendered":"http:\/\/216642.w42.wedos.ws\/?page_id=32"},"modified":"2026-04-14T20:26:45","modified_gmt":"2026-04-14T18:26:45","slug":"escape-to-nature","status":"publish","type":"page","link":"https:\/\/www.escapetonature.eu\/cz\/escape-to-nature\/","title":{"rendered":"Escape to Nature \u00ae"},"content":{"rendered":"\n<p><strong>Escape to Nature (\u00dat\u011bky do p\u0159\u00edrody)<\/strong> \u2013  filmov\u00e1 a fotografick\u00e1 produkce<\/p>\n\n\n\n<p>Stejnojmenn\u00fd projekt se zrodil na konci roku 2008, kdy se Libor Spacek sezn\u00e1mil s Petrou Dole\u017ealovou. Coby profesion\u00e1ln\u00ed fotografov\u00e9, dokumentarist\u00e9, cestovatel\u00e9, pot\u00e1p\u011b\u010di a ochr\u00e1nci p\u0159\u00edrody za\u010dali pracovat jako t\u00fdm, kter\u00fd z\u00edskal b\u011bhem jejich spole\u010dn\u00e9 tvorby p\u0159es stovku ocen\u011bn\u00ed a nominac\u00ed na mezin\u00e1rodn\u00edch filmov\u00fdch festivalech v \u010cesku i v zahrani\u010d\u00ed. \u201eV\u0161e, co um\u00edme, vkl\u00e1d\u00e1me do na\u0161ich film\u016f, fotografi\u00ed a \u010dl\u00e1nk\u016f, kter\u00fdmi v\u00e1m chceme p\u0159ibl\u00ed\u017eit skrytou hloubku p\u0159\u00edrody. Klademe d\u016fraz na kvalitu fotografick\u00fdch a filmov\u00fdch z\u00e1b\u011br\u016f, kde se zam\u011b\u0159ujeme nejen na kr\u00e1su, ale i k\u0159ehkost \u017eivota na na\u0161\u00ed modr\u00e9 planet\u011b. Chceme p\u0159isp\u011bt na\u0161i prac\u00ed k ochran\u011b mo\u0159sk\u00e9ho \u017eivota a zachov\u00e1n\u00ed \u010distoty mo\u0159\u00ed a oce\u00e1n\u016f.&#8221;<\/p>\n\n\n\n<p>V \u00fanoru 2020 Libor zakl\u00e1d\u00e1 spole\u010dnost <strong>&#8220;Escape to Nature B.V.&#8221;<\/strong> v Amsterdamu, Nizozem\u00ed, jako filmovou produkci na v\u00fdrobu audiovizu\u00e1ln\u00edch program\u016f pro televizn\u00ed kan\u00e1ly a reklamn\u00ed \u010dinnost. C\u00edlem tohoto kroku je b\u00fdt bl\u00ed\u017ee zahrani\u010dn\u00edm partner\u016fm, zajistit si lep\u0161\u00ed podm\u00ednky na glob\u00e1ln\u00edm trhu filmov\u00fdch produkc\u00ed a u\u017e\u0161\u00ed spolupr\u00e1ce s nadn\u00e1rodn\u00edmi spole\u010dnostmi. Od zalo\u017een\u00ed spole\u010dnosti v Holandsku Libor aktivn\u011b p\u0159ipravuje dal\u0161\u00ed dlouhodob\u00fd dokument\u00e1rn\u00ed projekt zam\u011b\u0159en\u00fd na ochranu podmo\u0159sk\u00e9ho sv\u011bta, mo\u0159sk\u00fdch kor\u00e1l\u016f a jejich udr\u017eitelnost pro dal\u0161\u00ed generace. Na z\u00e1klad\u011b mnohalet\u00fdch zku\u0161enost\u00ed, kter\u00e9 nasb\u00edral b\u011bhem p\u0159edchoz\u00edch projekt\u016f a cest za pot\u00e1p\u011bn\u00edm po cel\u00e9m sv\u011bt\u011b si nemohl nev\u0161imnout jak\u00fd dopad m\u00e1 civilizace a zm\u011bna klimatu na kvalitu vody a \u017eivota v mo\u0159\u00edch a oce\u00e1nech.<\/p>\n\n\n\n<p>Vznik\u00e1 \u00fapln\u011b nov\u00fd mezin\u00e1rodn\u00ed t\u00fdm Escape to Nature slo\u017een\u00fd z odborn\u00edk\u016f z \u0159ad filma\u0159\u016f, mo\u0159sk\u00fdch biolog\u016f a jachta\u0159\u016f, kte\u0159\u00ed spole\u010dn\u011b str\u00e1v\u00ed n\u011bkolik let na tvorb\u011b nov\u00e9ho projektu, dokument\u00e1rn\u00edho seri\u00e1lu <strong><a rel=\"noreferrer noopener\" href=\"https:\/\/www.escapetonature.eu\/cz\/escape-to-pacific\/\" target=\"_blank\">\u00dat\u011bk do Pacifiku<\/a><\/strong> (Escape to Pacific).<\/p>\n\n\n\n<p>V roce 2021 se spole\u010dnost Escape to Nature B.V. dohodla na dlouhodob\u00e9 spolupr\u00e1ci s nejv\u011bt\u0161\u00edm v\u00fdrobcem katamar\u00e1nu na sv\u011bt\u011b &#8211; <strong><a rel=\"noreferrer noopener\" href=\"https:\/\/www.cata-lagoon.com\/en\/news\/743\/escape-to-nature-the-new-lagoon-partnership\" target=\"_blank\">Lagoon Catamarans<\/a><\/strong> (Francie). Escape to Nature tak z\u00edsk\u00e1v\u00e1 v\u00fdznamn\u00e9ho partnera do nov\u00e9ho projektu.<\/p>\n\n\n\n<p><strong><a rel=\"noreferrer noopener\" href=\"https:\/\/opensea.io\/Escape-to-Nature\" target=\"_blank\">NFTs \u2013 Escape to Nature<\/a><\/strong>: P\u0159ipravujeme ra\u017ebu speci\u00e1ln\u00ed edice NFT (Non-Fungible token &#8211; Nezam\u011bniteln\u00fd token) pro projekt Escape to Pacific. V\u0161e bude v\u010das ozn\u00e1meno a odtajn\u011bno. NFT projektu se budou dra\u017eit na na\u0161em \u00fa\u010dtu OpenSea, prvn\u00edm a nejv\u011bt\u0161\u00edm decentralizovan\u00e9m web3 trhu pro NFT na sv\u011bt\u011b. <\/p>\n\n\n\n<p>\u010clenov\u00e9 mezin\u00e1rodn\u00edho t\u00fdmu Escape to Nature se zam\u011b\u0159uj\u00ed hlavn\u011b na mo\u0159sk\u00e9 \u017eivo\u010dichy, kor\u00e1lov\u00e9 \u00fatesy,  jejich ochranu a monitorov\u00e1n\u00ed v odlehl\u00fdch \u010d\u00e1stech souostrov\u00ed, zejm\u00e9na Pacifiku. B\u011bhem expedic do hor, prales\u016f a jin\u00fdch odlehl\u00fdch kout\u016f planety dok\u00e1\u017eou zachytit jedine\u010dnost krajiny a m\u00edstn\u00edch obyvatel, kter\u00e9 na sv\u00fdch cest\u00e1ch nav\u0161t\u00edv\u00ed a potkaj\u00ed. V\u00fdsledn\u00e9 filmy, fotografie a videa jsou doprov\u00e1zeny p\u0159\u00edb\u011bhy a oko\u0159en\u011bny o z\u00e1kulisn\u00ed zaj\u00edmavosti jejich spole\u010dn\u00e9 pr\u00e1ce.<\/p>\n\n\n\n<p>Uk\u00e1zky z v\u00fdprav publikuj\u00ed nejen na t\u011bchto webov\u00fdch str\u00e1nk\u00e1ch a soci\u00e1ln\u00edch s\u00edt\u00edch, ale i ve spole\u010densk\u00fdch a cestopisn\u00fdch \u010dasopisech, na v\u00fdstav\u00e1ch, p\u0159edn\u00e1\u0161k\u00e1ch nebo workshopech. Z ucelen\u00fdch celk\u016f pak vytv\u00e1\u0159ej\u00ed dokument\u00e1rn\u00ed filmy pro televizn\u00ed vys\u00edl\u00e1n\u00ed v \u010cR i zahrani\u010d\u00ed, kr\u00e1tk\u00e9 filmov\u00e9 videoklipy pro webov\u00e9 prezentace, reklamy, adjustovan\u00e9 velkoform\u00e1tov\u00e9 fotografie, kalend\u00e1\u0159e, knihy a dal\u0161\u00ed.<\/p>\n\n\n\n<p>Na\u0161e filmy jsou vys\u00edl\u00e1ny v <strong>\u010cesk\u00e9 televizi<\/strong> na programu \u010cT2, d\u00e1le na  <strong>Disney+<\/strong> (EU), <strong>TUBI TV<\/strong> (North America), <strong>Apple TV<\/strong>, <strong>MENA<\/strong> region (Arabic-speaking countries), <strong>CCTV China<\/strong>, <strong>RAI Italy<\/strong> (Italian-speaking region), a dal\u0161\u00ed regiony po cel\u00e9m sv\u011bt\u011b.<\/p>\n\n\n\n<p><strong>Specializace:<\/strong> kompletn\u00ed v\u00fdroba dokument\u00e1rn\u00edch film\u016f, videoklip\u016f, reklamn\u00edch spot\u016f, v\u010detn\u011b filmov\u00e1n\u00ed pod vodou nebo z nebe pomoc\u00ed d\u00e1lkov\u011b ovl\u00e1dan\u00fdch dron\u016f.<\/p>\n\n\n\n<p><em>\u201eP\u0159ipravujeme dal\u0161\u00ed cesty, dal\u0161\u00ed \u201a\u00fat\u011bky\u2018 do m\u00edst, kde si nejen m\u00edstn\u00ed p\u0159\u00edroda, ale i domorod\u00ed obyvatel\u00e9 zaslou\u017e\u00ed pozornost, ochranu a podporu. Dokumentujeme sou\u010dasnost i minulost pro lep\u0161\u00ed budoucnost.\u201c<\/em><\/p>\n\n\n\n<p><strong>L\u00edb\u00ed se v\u00e1m filmy a projekty Escape to Nature? Podpo\u0159te n\u00e1s, nebo se osobn\u011b p\u0159idejte k dal\u0161\u00edm na\u0161im v\u00fdprav\u00e1m za dobrodru\u017estv\u00edm.<\/strong><\/p>\n\n\n\n<p>Sta\u0148te se <strong><a href=\"https:\/\/www.escapetonature.eu\/cz\/donations\/\" target=\"_blank\" rel=\"noreferrer noopener\">sponzorem, partnerem, d\u00e1rcem<\/a><\/strong>, nebo se osobn\u011b z\u00fa\u010dastn\u011bte nat\u00e1\u010den\u00ed dal\u0161\u00edho projektu Escape to Pacific (\u00dat\u011bk do Pacifiku) pl\u00e1novan\u00e9ho v exotick\u00fdch destinac\u00edch Tich\u00e9ho oce\u00e1nu.<\/p>\n\n\n\n<p><strong>Trade Mark &#8220;Escape to Nature&#8221;<\/strong> &#8211; \u00da\u0158AD EVROPSK\u00c9 UNIE PRO DU\u0160EVN\u00cd VLASTNICTV\u00cd (<strong>EUIPO<\/strong>) potvrdil dne 28.07.2020 z\u00e1pis pod reg. \u010d\u00edslem: 018216797 n\u00e1zev &#8220;Escape to Nature&#8221; do rejst\u0159\u00edku ochrann\u00fdch zn\u00e1mek Evropsk\u00e9 Unie.<\/p>\n\n\n\n<p><a href=\"https:\/\/www.escapetonature.eu\/cz\/team\/\" target=\"_blank\" rel=\"noreferrer noopener\"><strong>V\u00edce o \u010dlenech t\u00fdmu produkce Escape to Nature<\/strong><\/a>.<\/p>\n\n\n\n<p>Pro dal\u0161\u00ed informace sta\u010d\u00ed poslat <a href=\"mailto:filmmaker.etn@gmail.com\"><strong>e-mail<\/strong><\/a>.<\/p>\n\n\n\n<p><strong>Filmografie:<\/strong><\/p>\n\n\n\n<ul class=\"wp-block-list\">\n<li>\u00dat\u011bk na Kostariku \/ trilogie (3x 52&#8242;)<\/li>\n\n\n\n<li>\u00dat\u011bk na Maledivy (1x 52&#8242;)<\/li>\n\n\n\n<li>\u00dat\u011bk na Papuu-Novou Guineu (1x 52&#8242;)<\/li>\n\n\n\n<li>\u00dat\u011bk na Vanuatu (1x 52&#8242;)<\/li>\n\n\n\n<li>\u00dat\u011bk na Svatou Lucie (1x 52&#8242;)<\/li>\n\n\n\n<li>\u00dat\u011bk na Tahiti a jeho ostrovy (1x 52&#8242;)<\/li>\n\n\n\n<li>\u00dat\u011bk na Mauricius (1x 50&#8242;)<\/li>\n<\/ul>\n\n\n\n<p><strong>Plak\u00e1ty dokon\u010den\u00fdch dokument\u00e1rn\u00edch film\u016f<\/strong><\/p>\n\n\n\n<figure class=\"wp-block-image size-large\"><img fetchpriority=\"high\" decoding=\"async\" width=\"1024\" height=\"585\" src=\"https:\/\/www.escapetonature.eu\/wp-content\/uploads\/2019\/03\/all_fims_w-1024x585.jpg\" alt=\"\" class=\"wp-image-884\" srcset=\"https:\/\/www.escapetonature.eu\/wp-content\/uploads\/2019\/03\/all_fims_w-1024x585.jpg 1024w, https:\/\/www.escapetonature.eu\/wp-content\/uploads\/2019\/03\/all_fims_w-150x86.jpg 150w, https:\/\/www.escapetonature.eu\/wp-content\/uploads\/2019\/03\/all_fims_w-300x171.jpg 300w, https:\/\/www.escapetonature.eu\/wp-content\/uploads\/2019\/03\/all_fims_w-768x438.jpg 768w, https:\/\/www.escapetonature.eu\/wp-content\/uploads\/2019\/03\/all_fims_w-2000x1142.jpg 2000w, https:\/\/www.escapetonature.eu\/wp-content\/uploads\/2019\/03\/all_fims_w-1000x571.jpg 1000w, https:\/\/www.escapetonature.eu\/wp-content\/uploads\/2019\/03\/all_fims_w-1800x1028.jpg 1800w, https:\/\/www.escapetonature.eu\/wp-content\/uploads\/2019\/03\/all_fims_w-600x343.jpg 600w, https:\/\/www.escapetonature.eu\/wp-content\/uploads\/2019\/03\/all_fims_w-981x560.jpg 981w\" sizes=\"(max-width: 1024px) 100vw, 1024px\" \/><\/figure>\n\n\n\n<p><strong>Spolupracovali s n\u00e1mi na filmech: <\/strong><\/p>\n\n\n\n<ul class=\"wp-block-list\">\n<li><strong>Kameramani<\/strong>: Libor Spacek, Jakub \u0160im\u016fnek, Tom\u00e1\u0161 Dole\u017eal, Milo\u0161 Mejla Dole\u017eal<\/li>\n\n\n\n<li><strong>Koment\u00e1\u0159e k film\u016fm<\/strong> psala: Petra Dole\u017ealov\u00e1<\/li>\n\n\n\n<li><strong>St\u0159ih<\/strong> film\u016f sv\u011b\u0159ujeme do rukou Vil\u00e9ma \u0160raila a Vr\u00e1ti Karase.<\/li>\n\n\n\n<li><strong>Zvuk<\/strong> a ve\u0161ker\u00e9 ozvu\u010den\u00ed obstar\u00e1v\u00e1: Ji\u0159\u00ed Klenka a Vla\u010fka Cafourkov\u00e1 ze studia KlenkaSound, dr\u017eitel\u00e9 n\u011bkolika ocen\u011bn\u00ed \u010cesk\u00fd Lev<\/li>\n\n\n\n<li><strong>Hudba<\/strong> k na\u0161im film\u016fm je komponov\u00e1na skv\u011bl\u00fdmi muzikanty a skladately: Michal Pavl\u00ed\u010dek, Ole Johrn Myklebust (Norsko), Ond\u0159ej Toul, Ji\u0159\u00ed \u0160korp\u00edk, Michal Dvo\u0159\u00e1k, Vladivojna la Chia, Varhan Orchestrovi\u010d Bauer<\/li>\n\n\n\n<li>Filmy jsou pravideln\u011b vys\u00edl\u00e1ny na programu \u010cT2 pod nazv\u00e9m \u00dat\u011bky do p\u0159\u00edrody. Prost\u0159ednictv\u00edm distributor\u016f se dost\u00e1v\u00e1me do TV kan\u00e1l\u016f po cel\u00e9m sv\u011bt\u011b.<\/li>\n<\/ul>\n","protected":false},"excerpt":{"rendered":"<p>Escape to Nature (\u00dat\u011bky do p\u0159\u00edrody) \u2013 filmov\u00e1 a fotografick\u00e1 produkce Stejnojmenn\u00fd projekt se zrodil na konci roku 2008, kdy se Libor Spacek sezn\u00e1mil s Petrou Dole\u017ealovou. Coby profesion\u00e1ln\u00ed fotografov\u00e9, dokumentarist\u00e9, cestovatel\u00e9, pot\u00e1p\u011b\u010di a ochr\u00e1nci p\u0159\u00edrody za\u010dali pracovat jako t\u00fdm, kter\u00fd z\u00edskal b\u011bhem jejich spole\u010dn\u00e9 tvorby p\u0159es stovku ocen\u011bn\u00ed a [&hellip;]<\/p>\n","protected":false},"author":2,"featured_media":977,"parent":0,"menu_order":0,"comment_status":"closed","ping_status":"closed","template":"","meta":{"jetpack_post_was_ever_published":false,"inspiro_page_layout":"narrow","inspiro_hide_title":false,"footnotes":""},"class_list":["post-32","page","type-page","status-publish","has-post-thumbnail","hentry"],"translation":{"provider":"WPGlobus","version":"3.0.2","language":"cz","enabled_languages":["en","cz"],"languages":{"en":{"title":true,"content":true,"excerpt":false},"cz":{"title":true,"content":true,"excerpt":false}}},"jetpack_sharing_enabled":true,"jetpack_shortlink":"https:\/\/wp.me\/PaSTm9-w","jetpack_likes_enabled":false,"_links":{"self":[{"href":"https:\/\/www.escapetonature.eu\/cz\/wp-json\/wp\/v2\/pages\/32","targetHints":{"allow":["GET"]}}],"collection":[{"href":"https:\/\/www.escapetonature.eu\/cz\/wp-json\/wp\/v2\/pages"}],"about":[{"href":"https:\/\/www.escapetonature.eu\/cz\/wp-json\/wp\/v2\/types\/page"}],"author":[{"embeddable":true,"href":"https:\/\/www.escapetonature.eu\/cz\/wp-json\/wp\/v2\/users\/2"}],"replies":[{"embeddable":true,"href":"https:\/\/www.escapetonature.eu\/cz\/wp-json\/wp\/v2\/comments?post=32"}],"version-history":[{"count":175,"href":"https:\/\/www.escapetonature.eu\/cz\/wp-json\/wp\/v2\/pages\/32\/revisions"}],"predecessor-version":[{"id":4728,"href":"https:\/\/www.escapetonature.eu\/cz\/wp-json\/wp\/v2\/pages\/32\/revisions\/4728"}],"wp:featuredmedia":[{"embeddable":true,"href":"https:\/\/www.escapetonature.eu\/cz\/wp-json\/wp\/v2\/media\/977"}],"wp:attachment":[{"href":"https:\/\/www.escapetonature.eu\/cz\/wp-json\/wp\/v2\/media?parent=32"}],"curies":[{"name":"wp","href":"https:\/\/api.w.org\/{rel}","templated":true}]}}