{"id":31,"date":"2019-03-22T10:58:16","date_gmt":"2019-03-22T09:58:16","guid":{"rendered":"http:\/\/216642.w42.wedos.ws\/?page_id=31"},"modified":"2021-12-18T00:43:59","modified_gmt":"2021-12-17T23:43:59","slug":"gifts","status":"publish","type":"page","link":"https:\/\/www.escapetonature.eu\/cz\/gifts\/","title":{"rendered":"Fanshop \/ Zna\u010dkov\u00e9 d\u00e1rky"},"content":{"rendered":"\n<p>Tato \u010d\u00e1st webu je speci\u00e1ln\u011b navr\u017eena pro d\u00e1rce, fanou\u0161ky a partnery na\u0161i produkce Escape to Nature a pro ty, kte\u0159\u00ed maj\u00ed z\u00e1jem podpo\u0159it p\u0159ipravovan\u00fd projekt Escape to Pacific. Ka\u017ed\u00fd z v\u00e1s m\u00e1 p\u0159\u00edle\u017eitost z\u00edskat origin\u00e1ln\u00ed d\u00e1rky \/ zbo\u017e\u00ed s logem Escape to Nature.<\/p>\n\n\n\n<div class=\"wp-block-group is-layout-flow wp-block-group-is-layout-flow\"><div class=\"wp-block-group__inner-container\"><\/div><\/div>\n\n\n\n<div class=\"wp-block-group\"><div class=\"wp-block-group__inner-container is-layout-flow wp-block-group-is-layout-flow\">\n<div class=\"wp-block-image\"><figure class=\"alignright size-large is-resized\"><img fetchpriority=\"high\" decoding=\"async\" src=\"https:\/\/www.escapetonature.eu\/wp-content\/uploads\/2019\/12\/Anicka_w-683x1024.jpg\" alt=\"\" class=\"wp-image-1648\" width=\"342\" height=\"512\" srcset=\"https:\/\/www.escapetonature.eu\/wp-content\/uploads\/2019\/12\/Anicka_w-683x1024.jpg 683w, https:\/\/www.escapetonature.eu\/wp-content\/uploads\/2019\/12\/Anicka_w-200x300.jpg 200w, https:\/\/www.escapetonature.eu\/wp-content\/uploads\/2019\/12\/Anicka_w-100x150.jpg 100w, https:\/\/www.escapetonature.eu\/wp-content\/uploads\/2019\/12\/Anicka_w-768x1152.jpg 768w, https:\/\/www.escapetonature.eu\/wp-content\/uploads\/2019\/12\/Anicka_w-1024x1536.jpg 1024w, https:\/\/www.escapetonature.eu\/wp-content\/uploads\/2019\/12\/Anicka_w-1365x2048.jpg 1365w, https:\/\/www.escapetonature.eu\/wp-content\/uploads\/2019\/12\/Anicka_w-1000x1500.jpg 1000w, https:\/\/www.escapetonature.eu\/wp-content\/uploads\/2019\/12\/Anicka_w-1800x2700.jpg 1800w, https:\/\/www.escapetonature.eu\/wp-content\/uploads\/2019\/12\/Anicka_w-600x900.jpg 600w, https:\/\/www.escapetonature.eu\/wp-content\/uploads\/2019\/12\/Anicka_w-373x560.jpg 373w, https:\/\/www.escapetonature.eu\/wp-content\/uploads\/2019\/12\/Anicka_w-scaled.jpg 1707w\" sizes=\"(max-width: 342px) 100vw, 342px\" \/><\/figure><\/div>\n\n\n\n<p><\/p>\n<\/div><\/div>\n\n\n\n<p>Limitovan\u00e1 s\u00e9rie polo tri\u010dek tyrkysov\u00e9 barvy v d\u00e1msk\u00e9m i p\u00e1nsk\u00e9m proveden\u00ed. Dvojit\u00e9 \u0161vy, vy\u0161\u00edvan\u00e9 logo Escape to Nature. Vyrobeno v \u010cesk\u00e9 republice. K dispozici je limitovan\u00e1 edice ve velikostech:<\/p>\n\n\n\n<p>d\u00e1msk\u00e9 velikosti: <strong>XS, S, M, L<\/strong><br>p\u00e1nsk\u00e9 velikosti: <strong>M, L, XL, XXL<\/strong><br>materi\u00e1l: 95% bavlna, 5% elastan<\/p>\n\n\n\n<p>P\u0159\u00edjemn\u00fd materi\u00e1l, elegantn\u00ed a sportovn\u00ed st\u0159ih, vyu\u017eit\u00ed pro voln\u00fd \u010das, golf, jachting i neform\u00e1ln\u00ed sch\u016fzky a akce, pro b\u011b\u017en\u00e9 no\u0161en\u00ed a setk\u00e1n\u00ed s p\u0159\u00e1teli. Vhodn\u00e9 i jako d\u00e1rek.<\/p>\n\n\n\n<p>M\u016f\u017eete si polo triko objednat prost\u0159ednictv\u00edm emailu spole\u010dn\u011b se stoln\u00edm kalend\u00e1\u0159em na rok 2020, nebo p\u0159isp\u011bjte finan\u010dn\u00edm darem na str\u00e1nce &#8220;<a rel=\"noreferrer noopener\" aria-label=\"Dary a sponzorstv\u00ed (otev\u0159e se na nov\u00e9 z\u00e1lo\u017ece)\" href=\"https:\/\/www.escapetonature.eu\/cz\/donations\/\" target=\"_blank\"><strong>Dary a sponzorstv\u00ed<\/strong><\/a>&#8221; a tak podpo\u0159\u00edte n\u00e1\u0161 projekt Escape to Nature. Nezapome\u0148te poslat svou doru\u010dovac\u00ed adresu.<\/p>\n\n\n\n<p><\/p>\n\n\n\n<div class=\"wp-block-media-text alignwide is-stacked-on-mobile\"><figure class=\"wp-block-media-text__media\"><img decoding=\"async\" width=\"1024\" height=\"768\" src=\"https:\/\/www.escapetonature.eu\/wp-content\/uploads\/2020\/04\/IMG_2746oWoo1-1024x768.jpg\" alt=\"\" class=\"wp-image-1908 size-full\" srcset=\"https:\/\/www.escapetonature.eu\/wp-content\/uploads\/2020\/04\/IMG_2746oWoo1-1024x768.jpg 1024w, https:\/\/www.escapetonature.eu\/wp-content\/uploads\/2020\/04\/IMG_2746oWoo1-300x225.jpg 300w, https:\/\/www.escapetonature.eu\/wp-content\/uploads\/2020\/04\/IMG_2746oWoo1-150x113.jpg 150w, https:\/\/www.escapetonature.eu\/wp-content\/uploads\/2020\/04\/IMG_2746oWoo1-768x576.jpg 768w, https:\/\/www.escapetonature.eu\/wp-content\/uploads\/2020\/04\/IMG_2746oWoo1-1536x1152.jpg 1536w, https:\/\/www.escapetonature.eu\/wp-content\/uploads\/2020\/04\/IMG_2746oWoo1-2048x1536.jpg 2048w, https:\/\/www.escapetonature.eu\/wp-content\/uploads\/2020\/04\/IMG_2746oWoo1-2000x1500.jpg 2000w, https:\/\/www.escapetonature.eu\/wp-content\/uploads\/2020\/04\/IMG_2746oWoo1-1000x750.jpg 1000w, https:\/\/www.escapetonature.eu\/wp-content\/uploads\/2020\/04\/IMG_2746oWoo1-1800x1350.jpg 1800w, https:\/\/www.escapetonature.eu\/wp-content\/uploads\/2020\/04\/IMG_2746oWoo1-600x450.jpg 600w, https:\/\/www.escapetonature.eu\/wp-content\/uploads\/2020\/04\/IMG_2746oWoo1-747x560.jpg 747w\" sizes=\"(max-width: 1024px) 100vw, 1024px\" \/><\/figure><div class=\"wp-block-media-text__content\">\n<p><strong><a href=\"https:\/\/www.albatrosmedia.cz\/tituly\/47530305\/doteky-okamziku\/\" target=\"_blank\" rel=\"noreferrer noopener\">Doteky okam\u017eiku<\/a><\/strong> &#8211; V\u00fdpravn\u00fd fotografick\u00fd pocitopis<br>Fotografka, cestovatelka a dokumentaristka Petra Dole\u017ealov\u00e1 p\u0159in\u00e1\u0161\u00ed sb\u00edrku kouzeln\u00fdch okam\u017eik\u016f, lidsk\u00fdch osud\u016f a n\u00e1hodn\u00fdch setk\u00e1n\u00ed na n\u00e1dhern\u00fdch m\u00edstech na\u0161\u00ed planety, zachycen\u00fdch obrazem a slovem. V knize najdete fotografie, osobn\u00ed zpov\u011b\u010f a pocity pro\u017eit\u00e9 b\u011bhem dokon\u010den\u00fdch projekt\u016f ze s\u00e9rie &#8220;\u00dat\u011bky do p\u0159\u00edrody&#8221;.<br><a href=\"https:\/\/youtu.be\/MJ7YVpKKQ6c\" target=\"_blank\" rel=\"noreferrer noopener\"><strong>upout\u00e1vka na knihu<\/strong><\/a><\/p>\n<\/div><\/div>\n\n\n\n<p><\/p>\n\n\n\n<div class=\"wp-block-media-text alignwide has-media-on-the-right is-stacked-on-mobile\"><figure class=\"wp-block-media-text__media\"><img decoding=\"async\" width=\"1024\" height=\"576\" src=\"https:\/\/www.escapetonature.eu\/wp-content\/uploads\/2020\/02\/samolepka_w-1024x576.jpg\" alt=\"\" class=\"wp-image-1695 size-full\" srcset=\"https:\/\/www.escapetonature.eu\/wp-content\/uploads\/2020\/02\/samolepka_w-1024x576.jpg 1024w, https:\/\/www.escapetonature.eu\/wp-content\/uploads\/2020\/02\/samolepka_w-300x169.jpg 300w, https:\/\/www.escapetonature.eu\/wp-content\/uploads\/2020\/02\/samolepka_w-150x84.jpg 150w, https:\/\/www.escapetonature.eu\/wp-content\/uploads\/2020\/02\/samolepka_w-768x432.jpg 768w, https:\/\/www.escapetonature.eu\/wp-content\/uploads\/2020\/02\/samolepka_w-1536x864.jpg 1536w, https:\/\/www.escapetonature.eu\/wp-content\/uploads\/2020\/02\/samolepka_w-2048x1152.jpg 2048w, https:\/\/www.escapetonature.eu\/wp-content\/uploads\/2020\/02\/samolepka_w-2000x1125.jpg 2000w, https:\/\/www.escapetonature.eu\/wp-content\/uploads\/2020\/02\/samolepka_w-1000x562.jpg 1000w, https:\/\/www.escapetonature.eu\/wp-content\/uploads\/2020\/02\/samolepka_w-1800x1012.jpg 1800w, https:\/\/www.escapetonature.eu\/wp-content\/uploads\/2020\/02\/samolepka_w-600x337.jpg 600w, https:\/\/www.escapetonature.eu\/wp-content\/uploads\/2020\/02\/samolepka_w-996x560.jpg 996w\" sizes=\"(max-width: 1024px) 100vw, 1024px\" \/><\/figure><div class=\"wp-block-media-text__content\">\n<p><strong>Samolepky<\/strong><br>Samolepky produkce Escape to Nature vyroben\u00e9 k projektu na ochranu podmo\u0159sk\u00e9ho sv\u011bta a ochrany oce\u00e1n\u016f. Velikost:  \u00d8 10cm<\/p>\n\n\n\n<p>Nat\u00e1\u010den\u00ed projektu Escape to Pacific\/ \u00dat\u011bk do Pacifiku za\u010dne na konci roku 2021.<\/p>\n<\/div><\/div>\n\n\n\n<p><\/p>\n\n\n\n<div class=\"wp-block-media-text alignwide is-stacked-on-mobile\"><figure class=\"wp-block-media-text__media\"><img loading=\"lazy\" decoding=\"async\" width=\"1024\" height=\"646\" src=\"https:\/\/www.escapetonature.eu\/wp-content\/uploads\/2021\/05\/bracelets-1024x646.jpg\" alt=\"\" class=\"wp-image-2796 size-full\" srcset=\"https:\/\/www.escapetonature.eu\/wp-content\/uploads\/2021\/05\/bracelets-1024x646.jpg 1024w, https:\/\/www.escapetonature.eu\/wp-content\/uploads\/2021\/05\/bracelets-300x189.jpg 300w, https:\/\/www.escapetonature.eu\/wp-content\/uploads\/2021\/05\/bracelets-150x95.jpg 150w, https:\/\/www.escapetonature.eu\/wp-content\/uploads\/2021\/05\/bracelets-768x485.jpg 768w, https:\/\/www.escapetonature.eu\/wp-content\/uploads\/2021\/05\/bracelets-1536x969.jpg 1536w, https:\/\/www.escapetonature.eu\/wp-content\/uploads\/2021\/05\/bracelets-2048x1292.jpg 2048w, https:\/\/www.escapetonature.eu\/wp-content\/uploads\/2021\/05\/bracelets-2000x1262.jpg 2000w, https:\/\/www.escapetonature.eu\/wp-content\/uploads\/2021\/05\/bracelets-1000x631.jpg 1000w, https:\/\/www.escapetonature.eu\/wp-content\/uploads\/2021\/05\/bracelets-1800x1136.jpg 1800w, https:\/\/www.escapetonature.eu\/wp-content\/uploads\/2021\/05\/bracelets-888x560.jpg 888w, https:\/\/www.escapetonature.eu\/wp-content\/uploads\/2021\/05\/bracelets-600x379.jpg 600w\" sizes=\"(max-width: 1024px) 100vw, 1024px\" \/><\/figure><div class=\"wp-block-media-text__content\">\n<p><strong>N\u00e1ramky<\/strong><\/p>\n\n\n\n<p>Vlastnoru\u010dn\u011b vyroben\u00e9 n\u00e1ramky s mo\u0159skou \u017eelvi\u010dkou \u010dleny t\u00fdmu Escape to Nature.<\/p>\n<\/div><\/div>\n\n\n\n<p><\/p>\n\n\n\n<figure class=\"wp-block-image size-large\"><img loading=\"lazy\" decoding=\"async\" width=\"1024\" height=\"435\" src=\"https:\/\/www.escapetonature.eu\/wp-content\/uploads\/2019\/12\/kalendar_2w-1024x435.jpg\" alt=\"\" class=\"wp-image-1584\" srcset=\"https:\/\/www.escapetonature.eu\/wp-content\/uploads\/2019\/12\/kalendar_2w-1024x435.jpg 1024w, https:\/\/www.escapetonature.eu\/wp-content\/uploads\/2019\/12\/kalendar_2w-300x127.jpg 300w, https:\/\/www.escapetonature.eu\/wp-content\/uploads\/2019\/12\/kalendar_2w-150x64.jpg 150w, https:\/\/www.escapetonature.eu\/wp-content\/uploads\/2019\/12\/kalendar_2w-768x326.jpg 768w, https:\/\/www.escapetonature.eu\/wp-content\/uploads\/2019\/12\/kalendar_2w-1536x653.jpg 1536w, https:\/\/www.escapetonature.eu\/wp-content\/uploads\/2019\/12\/kalendar_2w-2048x870.jpg 2048w, https:\/\/www.escapetonature.eu\/wp-content\/uploads\/2019\/12\/kalendar_2w-2000x850.jpg 2000w, https:\/\/www.escapetonature.eu\/wp-content\/uploads\/2019\/12\/kalendar_2w-1000x425.jpg 1000w, https:\/\/www.escapetonature.eu\/wp-content\/uploads\/2019\/12\/kalendar_2w-1800x765.jpg 1800w, https:\/\/www.escapetonature.eu\/wp-content\/uploads\/2019\/12\/kalendar_2w-600x255.jpg 600w, https:\/\/www.escapetonature.eu\/wp-content\/uploads\/2019\/12\/kalendar_2w-1318x560.jpg 1318w\" sizes=\"(max-width: 1024px) 100vw, 1024px\" \/><figcaption>Stoln\u00ed kalend\u00e1\u0159 2020<\/figcaption><\/figure>\n","protected":false},"excerpt":{"rendered":"<p>Tato \u010d\u00e1st webu je speci\u00e1ln\u011b navr\u017eena pro d\u00e1rce, fanou\u0161ky a partnery na\u0161i produkce Escape to Nature a pro ty, kte\u0159\u00ed maj\u00ed z\u00e1jem podpo\u0159it p\u0159ipravovan\u00fd projekt Escape to Pacific. Ka\u017ed\u00fd z v\u00e1s m\u00e1 p\u0159\u00edle\u017eitost z\u00edskat origin\u00e1ln\u00ed d\u00e1rky \/ zbo\u017e\u00ed s logem Escape to Nature. Limitovan\u00e1 s\u00e9rie polo tri\u010dek tyrkysov\u00e9 barvy v [&hellip;]<\/p>\n","protected":false},"author":2,"featured_media":1524,"parent":0,"menu_order":0,"comment_status":"closed","ping_status":"closed","template":"","meta":{"jetpack_post_was_ever_published":false,"inspiro_page_layout":"narrow","inspiro_hide_title":false,"footnotes":""},"class_list":["post-31","page","type-page","status-publish","has-post-thumbnail","hentry"],"translation":{"provider":"WPGlobus","version":"3.0.2","language":"cz","enabled_languages":["en","cz"],"languages":{"en":{"title":true,"content":true,"excerpt":false},"cz":{"title":true,"content":true,"excerpt":false}}},"jetpack_sharing_enabled":true,"jetpack_shortlink":"https:\/\/wp.me\/PaSTm9-v","jetpack_likes_enabled":false,"_links":{"self":[{"href":"https:\/\/www.escapetonature.eu\/cz\/wp-json\/wp\/v2\/pages\/31","targetHints":{"allow":["GET"]}}],"collection":[{"href":"https:\/\/www.escapetonature.eu\/cz\/wp-json\/wp\/v2\/pages"}],"about":[{"href":"https:\/\/www.escapetonature.eu\/cz\/wp-json\/wp\/v2\/types\/page"}],"author":[{"embeddable":true,"href":"https:\/\/www.escapetonature.eu\/cz\/wp-json\/wp\/v2\/users\/2"}],"replies":[{"embeddable":true,"href":"https:\/\/www.escapetonature.eu\/cz\/wp-json\/wp\/v2\/comments?post=31"}],"version-history":[{"count":107,"href":"https:\/\/www.escapetonature.eu\/cz\/wp-json\/wp\/v2\/pages\/31\/revisions"}],"predecessor-version":[{"id":3500,"href":"https:\/\/www.escapetonature.eu\/cz\/wp-json\/wp\/v2\/pages\/31\/revisions\/3500"}],"wp:featuredmedia":[{"embeddable":true,"href":"https:\/\/www.escapetonature.eu\/cz\/wp-json\/wp\/v2\/media\/1524"}],"wp:attachment":[{"href":"https:\/\/www.escapetonature.eu\/cz\/wp-json\/wp\/v2\/media?parent=31"}],"curies":[{"name":"wp","href":"https:\/\/api.w.org\/{rel}","templated":true}]}}