{"id":30,"date":"2019-03-22T10:58:16","date_gmt":"2019-03-22T09:58:16","guid":{"rendered":"http:\/\/216642.w42.wedos.ws\/?page_id=30"},"modified":"2023-04-08T13:33:30","modified_gmt":"2023-04-08T11:33:30","slug":"donations","status":"publish","type":"page","link":"https:\/\/www.escapetonature.eu\/cz\/donations\/","title":{"rendered":"Dary a sponzorstv\u00ed"},"content":{"rendered":"\n<p class=\"has-medium-font-size\"><strong>P\u0159isp\u011bjte na podporu dokument\u00e1rn\u00edho seri\u00e1lu \u00dat\u011bk do Pacifiku &#8211; enviroment\u00e1ln\u00ed projekt na ochranu oce\u00e1n\u016f a podmo\u0159sk\u00e9ho sv\u011bta zam\u011b\u0159en\u00fd na v\u00fdzkum a monitorov\u00e1n\u00ed \u017eivo\u010dich\u016f \u017eij\u00edc\u00edch na vzd\u00e1len\u00fdch kor\u00e1lov\u00fdch \u00fatesech Pacifiku.<\/strong><\/p>\n\n\n\n<p><strong>Darujte jakoukoli \u010d\u00e1stku pr\u00e1v\u011b te\u010f kliknut\u00edm na banner n\u00ed\u017ee:<\/strong><\/p>\n\n\n\n<figure class=\"wp-block-image aligncenter size-large is-resized is-style-rounded\"><a href=\"https:\/\/www.bunq.me\/escapetonature\" target=\"_blank\" rel=\"noopener noreferrer\"><img decoding=\"async\" src=\"https:\/\/www.escapetonature.eu\/wp-content\/uploads\/2020\/06\/Donate_Bunq_web-1024x264.png\" alt=\"Klikn\u011bte na banner a ode\u0161lete jakoukoli \u010d\u00e1stku\" class=\"wp-image-2055\" width=\"320\" srcset=\"https:\/\/www.escapetonature.eu\/wp-content\/uploads\/2020\/06\/Donate_Bunq_web-1024x264.png 1024w, https:\/\/www.escapetonature.eu\/wp-content\/uploads\/2020\/06\/Donate_Bunq_web-300x77.png 300w, https:\/\/www.escapetonature.eu\/wp-content\/uploads\/2020\/06\/Donate_Bunq_web-150x39.png 150w, https:\/\/www.escapetonature.eu\/wp-content\/uploads\/2020\/06\/Donate_Bunq_web-768x198.png 768w, https:\/\/www.escapetonature.eu\/wp-content\/uploads\/2020\/06\/Donate_Bunq_web-1000x258.png 1000w, https:\/\/www.escapetonature.eu\/wp-content\/uploads\/2020\/06\/Donate_Bunq_web-600x155.png 600w, https:\/\/www.escapetonature.eu\/wp-content\/uploads\/2020\/06\/Donate_Bunq_web.png 1200w\" sizes=\"(max-width: 1024px) 100vw, 1024px\" \/><\/a><figcaption class=\"wp-element-caption\">Klikn\u011bte na banner a ode\u0161lete jakoukoli \u010d\u00e1stku<\/figcaption><\/figure>\n\n\n\n<p><strong>Nebo bankovn\u00edm p\u0159evodem na \u00fa\u010det:<\/strong><br>IBAN: <strong>NL26 BUNQ 2044 5589 04<\/strong><br>BIC\/SWIFT: BUNQNL2AXXX<br>Adresa banky: Naritaweg 131-133, 1043 BS Amsterdam, The Netherlands<\/p>\n\n\n\n<p><strong>Escape to Nature<\/strong> (\u00dat\u011bk do p\u0159\u00edrody) tvo\u0159\u00ed mezin\u00e1rodn\u00ed t\u00fdm nad\u0161enc\u016f z \u0159ad profesion\u00e1l\u016f a dobrovoln\u00edk\u016f, kter\u00fdm nen\u00ed lhostejn\u00fd osud na\u0161\u00ed planety a usiluj\u00ed o zachov\u00e1n\u00ed a ochranu \u017eivota na zemi, v mo\u0159\u00edch a oce\u00e1nech.<br>Funguje dlouhodob\u011b, aby uk\u00e1zal, jak chr\u00e1nit ohro\u017een\u00e9 ekosyst\u00e9my a voln\u011b \u017eij\u00edc\u00ed \u017eivo\u010dichy po cel\u00e9m sv\u011bt\u011b. Od roku 2008 jsme nato\u010dili n\u011bkolik dokument\u00e1rn\u00edch film\u016f zam\u011b\u0159en\u00fdch na ekoturistiku a p\u0159\u00edrodu, s inovativn\u00edm a c\u00edlen\u00fdm p\u0159\u00edstupem k zachov\u00e1n\u00ed ikonick\u00fdch druh\u016f \u017eivo\u010dich\u016f, ohro\u017een\u00fdch ztr\u00e1tami stanovi\u0161\u0165.<\/p>\n\n\n\n<p><strong>Pro\u010d?<\/strong><br>Nov\u00fd projekt p\u0159ipravovan\u00e9 dokument\u00e1rn\u00ed s\u00e9rie nazvan\u00e9 Escape to Pacific (\u00dat\u011bk do Pacifiku) p\u0159edstavuje v\u00fdznamnou investici. D\u00edky nov\u00e9 technologii virtu\u00e1ln\u00ed relity vznik\u00e1 nov\u00fd model zam\u011b\u0159en\u00ed dokument\u016f s poukazov\u00e1n\u00edm na probl\u00e9my t\u00fdkaj\u00edc\u00ed se zne\u010di\u0161\u0165ov\u00e1n\u00ed mo\u0159\u00ed, oce\u00e1n\u016f, ohro\u017een\u00ed \u017eivo\u010di\u0161n\u00fdch druh\u016f a dopad glob\u00e1ln\u00edho oteplov\u00e1n\u00ed na podmo\u0159sk\u00fd \u017eivot. <\/p>\n\n\n\n<p><br><strong>Zam\u011b\u0159en\u00ed projektu:<\/strong><\/p>\n\n\n\n<ul class=\"wp-block-list\">\n<li>monitorov\u00e1n\u00ed a v\u00fdzkum ohro\u017een\u00ed ekosyst\u00e9m\u016f kor\u00e1lov\u00fdch \u00fates\u016f v&nbsp;d\u016fsledku oteplov\u00e1n\u00ed a zne\u010di\u0161\u0165ov\u00e1n\u00ed mo\u0159\u00ed a oce\u00e1n\u016f;<\/li>\n\n\n\n<li>ochrana voln\u011b \u017eij\u00edc\u00edch \u017eivo\u010dich\u016f;<\/li>\n\n\n\n<li>spolupr\u00e1ce s mo\u0159sk\u00fdmi biology;<\/li>\n\n\n\n<li>pod\u00edlen\u00ed se na v\u00fdzkumech v dan\u00fdch oblastech.<\/li>\n<\/ul>\n\n\n\n<p><strong>Jak?<\/strong><\/p>\n\n\n\n<ul class=\"wp-block-list\">\n<li>zachycen\u00ed \u010dinnosti biolog\u016f a z\u00e1chrann\u00fdch center zam\u011b\u0159en\u00fdch na r\u016fzn\u00e9 druhy voln\u011b \u017eij\u00edc\u00edch \u017eivo\u010dich\u016f;<\/li>\n\n\n\n<li>osobn\u00ed \u00fa\u010dast na v\u011bdeck\u00fdch v\u00fdzkumech a jejich n\u00e1sledn\u00e1 medializace;&nbsp;<\/li>\n\n\n\n<li>spolupr\u00e1ce s m\u00edstn\u00edmi a nadn\u00e1rodn\u00edmi organizacemi na ochranu p\u0159\u00edrody, mo\u0159sk\u00fdch kor\u00e1l\u016f a \u017eivota pod vodou;<\/li>\n\n\n\n<li>prezentace film\u016f a fotografi\u00ed prost\u0159ednictv\u00edm televizn\u00edch m\u00e9di\u00ed, filmov\u00fdch festival\u016f, soci\u00e1ln\u00edch s\u00edt\u00ed;<\/li>\n\n\n\n<li>prezentace fotografi\u00ed, projektu a katamar\u00e1nu prost\u0159ednictv\u00edm virtu\u00e1ln\u00ed reality (VR br\u00fdle Oculus);<\/li>\n\n\n\n<li>podpora nejlep\u0161\u00edch n\u00e1pad\u016f z \u0159ad partner\u016f a z\u00edsk\u00e1v\u00e1n\u00ed nov\u00fdch v\u00fdznamn\u00fdch zdroj\u016f pro nejlep\u0161\u00ed vyu\u017eit\u00ed v dan\u00e9 oblasti.<\/li>\n<\/ul>\n\n\n\n<p><strong>Kde?<\/strong><br>Na z\u00e1klad\u011b p\u0159edchoz\u00edch zku\u0161enost\u00ed z ji\u017e dokon\u010den\u00fdch film\u016f nato\u010den\u00fdch v&nbsp;Pacifiku a jedn\u00e1n\u00ed s m\u00edstn\u00edmi st\u00e1tn\u00edmi institucemi i soukrom\u00fdmi partnery z Tichomo\u0159\u00ed se p\u0159ipravujeme na dal\u0161\u00ed nat\u00e1\u010den\u00ed v&nbsp;n\u00e1sleduj\u00edc\u00edch destinac\u00edch:<\/p>\n\n\n\n<ul class=\"wp-block-list\">\n<li><strong>Papua-Nov\u00e1 Guinea<\/strong><\/li>\n\n\n\n<li><strong>\u0160alamounovy ostrovy<\/strong><\/li>\n\n\n\n<li><strong>Vanuatu<\/strong><\/li>\n\n\n\n<li><strong>Nov\u00e1 Kaledonie<\/strong><\/li>\n\n\n\n<li><strong>Fid\u017ei<\/strong><br> \u2026 a dal\u0161\u00ed ostrovy Tich\u00e9ho Oce\u00e1nu<\/li>\n<\/ul>\n\n\n\n<p><strong>\u201eZaznamen\u00e1v\u00e1me minulost pro budoucnost.\u201c<\/strong><\/p>\n\n\n\n<p>Pokud se rozhodnete podpo\u0159it n\u00e1\u0161 projekt, osobn\u011b se z\u00fa\u010dastnit na\u0161eho nat\u00e1\u010den\u00ed b\u011bhem n\u011bkter\u00e9 z expedic, nebo t\u0159eba jen v\u011bnovat finan\u010dn\u00ed \u010d\u00e1stku \u010di dar na podporu dal\u0161\u00edho z projekt\u016f Escape to Nature, va\u0161e jm\u00e9no, n\u00e1zev spole\u010dnosti nebo produkt se zobraz\u00ed nejen na na\u0161\u00ed webov\u00e9 str\u00e1nce, ale tak\u00e9 jako pod\u011bkov\u00e1n\u00ed v titulc\u00edch na\u0161ich dokument\u00e1rn\u00edch film\u016f a videoklip\u016f. <br> V\u00e1\u0161 p\u0159\u00edsp\u011bvek n\u00e1m pom\u016f\u017ee vytvo\u0159it unik\u00e1tn\u00ed z\u00e1b\u011bry pro dokument\u00e1rn\u00ed filmy zam\u011b\u0159en\u00e9 na informace o ochran\u011b biologick\u00e9 rozmanitosti.  P\u0159isp\u011bjete tak k pov\u011bdom\u00ed o tom, \u017ee sv\u011bt m\u016f\u017ee b\u00fdt bezpe\u010dn\u011bj\u0161\u00edm m\u00edstem pro budouc\u00ed generace.<\/p>\n\n\n\n<p>Ve spolupr\u00e1ci s v\u011bdci, mo\u0159sk\u00fdmi biology, nadn\u00e1rodn\u00edmi organizacemi na ochranu \u017eivo\u010dich\u016f v mo\u0159\u00edch a oce\u00e1nech a v sou\u010dinnosti se sv\u011btov\u00fdmi univerzitami oslovujeme potenci\u00e1ln\u00ed z\u00e1jemce o tento glob\u00e1ln\u00ed projekt se \u017e\u00e1dost\u00ed o podporu formou finan\u010dn\u00edch dar\u016f, crowdfundingu a sponzoringu.<\/p>\n\n\n\n<p><strong>Pozv\u00e1n\u00ed do virtu\u00e1ln\u00ed reality<\/strong> &#8211; v\u0161ichni, kdo n\u00e1s podpo\u0159\u00ed, obdr\u017e\u00ed pozv\u00e1n\u00ed s odkazem do sv\u011bta virtu\u00e1ln\u00ed reality Escape to Nature. Projd\u011bte si ostrov, prohl\u00e9dn\u011bte si expedi\u010dn\u00ed katamar\u00e1n, fotogalerii a videa prost\u0159ednictv\u00edm br\u00fdl\u00ed pro virtu\u00e1ln\u00ed realitu.  D\u00e1rc\u016fm, sponzor\u016fm a partner\u016fm nab\u00edz\u00edme um\u00edst\u011bn\u00ed pod\u011bkov\u00e1n\u00ed do titulk\u016f filmu <em>(od data poskytnut\u00e9ho daru v n\u00e1sledn\u011b dokon\u010den\u00e9m filmu)<\/em>. <\/p>\n\n\n\n<p>Sou\u010d\u00e1st\u00ed t\u00fdmu Escape to Nature se stanou studenti mo\u0159sk\u00e9 biologie, dobrovoln\u00edci a partne\u0159i, kte\u0159\u00ed budou m\u00edt mo\u017enost str\u00e1vit s na\u0161im t\u00fdmem n\u011bkolik dn\u016f na katamar\u00e1nu a zapojit se tak do projektu.<\/p>\n\n\n\n<p>Ka\u017ed\u00e9mu, kdo n\u00e1s podpo\u0159\u00ed a po\u0161le finan\u010dn\u00ed p\u0159\u00edsp\u011bvek na projekt Escape to Nature, od n\u00e1s obdr\u017e\u00ed speci\u00e1ln\u00ed \u201eD\u00e1rcovsk\u00fd certifik\u00e1t\u201c s pod\u011bkov\u00e1n\u00edm a podepsan\u00fd autory projektu.<\/p>\n\n\n\n\t\t<div id=\"wppdfemb-frame-container-4281\" style=\"-webkit-overflow-scrolling:auto;\">\n\t\t\t<iframe src=\"https:\/\/www.escapetonature.eu\/cz\/?pdfID=4281&#038;url=https:\/\/www.escapetonature.eu\/wp-content\/uploads\/2023\/04\/Promo_E2N_VR.pdf&#038;index=1\"\n\t\t\t\tid=\"wppdf-emb-iframe-4281\"\n\t\t\t\tdata-pdf-index=\"1\"\n\t\t\t\tclass=\"pdfembed-iframe nonfullscreen\"\n\t\t\t\tstyle=\"border:none;width:100%;max-width:100%;min-height:1000px\"\n\t\t\t\tscrolling=\"yes\">\n\t\t\t<\/iframe>\n\t\t<\/div>\n\n\t\t\n<p class=\"wp-block-pdfemb-pdf-embedder-viewer\"><\/p>\n","protected":false},"excerpt":{"rendered":"<p>P\u0159isp\u011bjte na podporu dokument\u00e1rn\u00edho seri\u00e1lu \u00dat\u011bk do Pacifiku &#8211; enviroment\u00e1ln\u00ed projekt na ochranu oce\u00e1n\u016f a podmo\u0159sk\u00e9ho sv\u011bta zam\u011b\u0159en\u00fd na v\u00fdzkum a monitorov\u00e1n\u00ed \u017eivo\u010dich\u016f \u017eij\u00edc\u00edch na vzd\u00e1len\u00fdch kor\u00e1lov\u00fdch \u00fatesech Pacifiku. Darujte jakoukoli \u010d\u00e1stku pr\u00e1v\u011b te\u010f kliknut\u00edm na banner n\u00ed\u017ee: Nebo bankovn\u00edm p\u0159evodem na \u00fa\u010det:IBAN: NL26 BUNQ 2044 5589 04BIC\/SWIFT: BUNQNL2AXXXAdresa banky: [&hellip;]<\/p>\n","protected":false},"author":2,"featured_media":4168,"parent":0,"menu_order":0,"comment_status":"closed","ping_status":"closed","template":"","meta":{"inspiro_page_layout":"narrow","inspiro_hide_title":false,"footnotes":""},"class_list":["post-30","page","type-page","status-publish","has-post-thumbnail","hentry"],"translation":{"provider":"WPGlobus","version":"3.0.2","language":"cz","enabled_languages":["en","cz"],"languages":{"en":{"title":true,"content":true,"excerpt":false},"cz":{"title":true,"content":true,"excerpt":false}}},"jetpack_sharing_enabled":true,"jetpack_shortlink":"https:\/\/wp.me\/PaSTm9-u","jetpack_likes_enabled":false,"_links":{"self":[{"href":"https:\/\/www.escapetonature.eu\/cz\/wp-json\/wp\/v2\/pages\/30","targetHints":{"allow":["GET"]}}],"collection":[{"href":"https:\/\/www.escapetonature.eu\/cz\/wp-json\/wp\/v2\/pages"}],"about":[{"href":"https:\/\/www.escapetonature.eu\/cz\/wp-json\/wp\/v2\/types\/page"}],"author":[{"embeddable":true,"href":"https:\/\/www.escapetonature.eu\/cz\/wp-json\/wp\/v2\/users\/2"}],"replies":[{"embeddable":true,"href":"https:\/\/www.escapetonature.eu\/cz\/wp-json\/wp\/v2\/comments?post=30"}],"version-history":[{"count":174,"href":"https:\/\/www.escapetonature.eu\/cz\/wp-json\/wp\/v2\/pages\/30\/revisions"}],"predecessor-version":[{"id":4291,"href":"https:\/\/www.escapetonature.eu\/cz\/wp-json\/wp\/v2\/pages\/30\/revisions\/4291"}],"wp:featuredmedia":[{"embeddable":true,"href":"https:\/\/www.escapetonature.eu\/cz\/wp-json\/wp\/v2\/media\/4168"}],"wp:attachment":[{"href":"https:\/\/www.escapetonature.eu\/cz\/wp-json\/wp\/v2\/media?parent=30"}],"curies":[{"name":"wp","href":"https:\/\/api.w.org\/{rel}","templated":true}]}}