{"id":28,"date":"2019-03-22T10:58:16","date_gmt":"2019-03-22T09:58:16","guid":{"rendered":"http:\/\/216642.w42.wedos.ws\/?page_id=28"},"modified":"2019-06-18T22:32:51","modified_gmt":"2019-06-18T20:32:51","slug":"projects","status":"publish","type":"page","link":"https:\/\/www.escapetonature.eu\/cz\/projects\/","title":{"rendered":"Projekty"},"content":{"rendered":"\n<p><a href=\"https:\/\/www.escapetonature.eu\/cz\/escape-to-pacific\/\">\u00dat\u011bk do Pacifiku<\/a><br><a href=\"https:\/\/www.escapetonature.eu\/cz\/escape-to-costa-rica\/\">\u00dat\u011bk na Kostariku<\/a><br><a href=\"https:\/\/www.escapetonature.eu\/cz\/escape-to-maldives\/\">\u00dat\u011bk na Maledivy<\/a><br><a href=\"https:\/\/www.escapetonature.eu\/cz\/escape-to-papua-new-guinea\/\">\u00dat\u011bk na Papuu-Novou Guineu<\/a><br><a href=\"https:\/\/www.escapetonature.eu\/cz\/escape-to-vanuatu\/\">\u00dat\u011bk na Vanuatu<\/a><br><a href=\"https:\/\/www.escapetonature.eu\/cz\/escape-to-saint-lucia\/\">\u00dat\u011bk na Svatou Lucii<\/a><br><a href=\"https:\/\/www.escapetonature.eu\/cz\/escape-to-tahiti-and-her-islands\/\">\u00dat\u011bk na Tahiti a jeho ostrovy<\/a><br><a href=\"https:\/\/www.escapetonature.eu\/cz\/escape-to-mauritius\/\">\u00dat\u011bk na Mauricius<\/a><\/p>\n","protected":false},"excerpt":{"rendered":"<p>\u00dat\u011bk do Pacifiku\u00dat\u011bk na Kostariku\u00dat\u011bk na Maledivy\u00dat\u011bk na Papuu-Novou Guineu\u00dat\u011bk na Vanuatu\u00dat\u011bk na Svatou Lucii\u00dat\u011bk na Tahiti a jeho ostrovy\u00dat\u011bk na Mauricius<\/p>\n","protected":false},"author":2,"featured_media":1334,"parent":0,"menu_order":0,"comment_status":"closed","ping_status":"closed","template":"","meta":{"jetpack_post_was_ever_published":false,"inspiro_page_layout":"narrow","inspiro_hide_title":false,"footnotes":""},"class_list":["post-28","page","type-page","status-publish","has-post-thumbnail","hentry"],"translation":{"provider":"WPGlobus","version":"3.0.2","language":"cz","enabled_languages":["en","cz"],"languages":{"en":{"title":true,"content":true,"excerpt":false},"cz":{"title":true,"content":true,"excerpt":false}}},"jetpack_sharing_enabled":true,"jetpack_shortlink":"https:\/\/wp.me\/PaSTm9-s","jetpack_likes_enabled":false,"_links":{"self":[{"href":"https:\/\/www.escapetonature.eu\/cz\/wp-json\/wp\/v2\/pages\/28","targetHints":{"allow":["GET"]}}],"collection":[{"href":"https:\/\/www.escapetonature.eu\/cz\/wp-json\/wp\/v2\/pages"}],"about":[{"href":"https:\/\/www.escapetonature.eu\/cz\/wp-json\/wp\/v2\/types\/page"}],"author":[{"embeddable":true,"href":"https:\/\/www.escapetonature.eu\/cz\/wp-json\/wp\/v2\/users\/2"}],"replies":[{"embeddable":true,"href":"https:\/\/www.escapetonature.eu\/cz\/wp-json\/wp\/v2\/comments?post=28"}],"version-history":[{"count":7,"href":"https:\/\/www.escapetonature.eu\/cz\/wp-json\/wp\/v2\/pages\/28\/revisions"}],"predecessor-version":[{"id":1219,"href":"https:\/\/www.escapetonature.eu\/cz\/wp-json\/wp\/v2\/pages\/28\/revisions\/1219"}],"wp:featuredmedia":[{"embeddable":true,"href":"https:\/\/www.escapetonature.eu\/cz\/wp-json\/wp\/v2\/media\/1334"}],"wp:attachment":[{"href":"https:\/\/www.escapetonature.eu\/cz\/wp-json\/wp\/v2\/media?parent=28"}],"curies":[{"name":"wp","href":"https:\/\/api.w.org\/{rel}","templated":true}]}}