{"id":24,"date":"2019-03-22T10:58:16","date_gmt":"2019-03-22T09:58:16","guid":{"rendered":"http:\/\/216642.w42.wedos.ws\/?page_id=24"},"modified":"2023-03-22T09:20:59","modified_gmt":"2023-03-22T08:20:59","slug":"about-us","status":"publish","type":"page","link":"https:\/\/www.escapetonature.eu\/cz\/about-us\/","title":{"rendered":"O n\u00e1s"},"content":{"rendered":"\n<p><a href=\"https:\/\/www.escapetonature.eu\/cz\/escape-to-nature\/\" target=\"_blank\" rel=\"noreferrer noopener\">Escape to Nature<\/a><br><a href=\"https:\/\/www.escapetonature.eu\/cz\/team\/\" target=\"_blank\" rel=\"noreferrer noopener\">T\u00fdm<\/a><br><a href=\"https:\/\/www.escapetonature.eu\/cz\/awards\/\" target=\"_blank\" rel=\"noreferrer noopener\">Ocen\u011bn\u00ed<\/a><br><a href=\"https:\/\/www.escapetonature.eu\/cz\/partners\/\" target=\"_blank\" rel=\"noreferrer noopener\">Partne\u0159i<\/a><br><a href=\"https:\/\/www.escapetonature.eu\/cz\/media\/\" target=\"_blank\" rel=\"noreferrer noopener\">M\u00e9dia<\/a><br><a href=\"https:\/\/www.escapetonature.eu\/cz\/libor-spacek\/\" target=\"_blank\" rel=\"noreferrer noopener\">Libor Spacek (Lio)<\/a><br><a rel=\"noreferrer noopener\" href=\"https:\/\/www.escapetonature.eu\/cz\/catamaran\/\" target=\"_blank\">Katamar\u00e1n Lagoon 55<\/a><\/p>\n","protected":false},"excerpt":{"rendered":"<p>Escape to NatureT\u00fdmOcen\u011bn\u00edPartne\u0159iM\u00e9diaLibor Spacek (Lio)Katamar\u00e1n Lagoon 55<\/p>\n","protected":false},"author":2,"featured_media":0,"parent":0,"menu_order":0,"comment_status":"closed","ping_status":"closed","template":"","meta":{"jetpack_post_was_ever_published":false,"inspiro_page_layout":"narrow","inspiro_hide_title":false,"footnotes":""},"class_list":["post-24","page","type-page","status-publish","hentry"],"translation":{"provider":"WPGlobus","version":"3.0.2","language":"cz","enabled_languages":["en","cz"],"languages":{"en":{"title":true,"content":true,"excerpt":false},"cz":{"title":true,"content":true,"excerpt":false}}},"jetpack_sharing_enabled":true,"jetpack_shortlink":"https:\/\/wp.me\/PaSTm9-o","jetpack_likes_enabled":false,"_links":{"self":[{"href":"https:\/\/www.escapetonature.eu\/cz\/wp-json\/wp\/v2\/pages\/24","targetHints":{"allow":["GET"]}}],"collection":[{"href":"https:\/\/www.escapetonature.eu\/cz\/wp-json\/wp\/v2\/pages"}],"about":[{"href":"https:\/\/www.escapetonature.eu\/cz\/wp-json\/wp\/v2\/types\/page"}],"author":[{"embeddable":true,"href":"https:\/\/www.escapetonature.eu\/cz\/wp-json\/wp\/v2\/users\/2"}],"replies":[{"embeddable":true,"href":"https:\/\/www.escapetonature.eu\/cz\/wp-json\/wp\/v2\/comments?post=24"}],"version-history":[{"count":21,"href":"https:\/\/www.escapetonature.eu\/cz\/wp-json\/wp\/v2\/pages\/24\/revisions"}],"predecessor-version":[{"id":4176,"href":"https:\/\/www.escapetonature.eu\/cz\/wp-json\/wp\/v2\/pages\/24\/revisions\/4176"}],"wp:attachment":[{"href":"https:\/\/www.escapetonature.eu\/cz\/wp-json\/wp\/v2\/media?parent=24"}],"curies":[{"name":"wp","href":"https:\/\/api.w.org\/{rel}","templated":true}]}}