{"id":1961,"date":"2020-05-22T19:12:11","date_gmt":"2020-05-22T17:12:11","guid":{"rendered":"https:\/\/www.escapetonature.eu\/?page_id=1961"},"modified":"2023-03-24T10:28:07","modified_gmt":"2023-03-24T09:28:07","slug":"bonds","status":"publish","type":"page","link":"https:\/\/www.escapetonature.eu\/cz\/bonds\/","title":{"rendered":"Emise Dluhopis\u016f"},"content":{"rendered":"\n<p><strong>Jak ochr\u00e1n\u00edme \u00faspory p\u0159ed inflac\u00ed? Nejprve investujte do na\u0161eho projektu prost\u0159ednictv\u00edm dluhopis\u016f denominovan\u00fdch v eurech. Zadruh\u00e9, kupte si nezapomenuteln\u00fd z\u00e1\u017eitek s na\u0161im t\u00fdmem na palub\u011b katamar\u00e1nu. <\/strong>Ka\u017ed\u00fd v\u00ed, \u017ee inflace se nevyh\u00fdb\u00e1 \u017e\u00e1dn\u00e9 m\u011bn\u011b, ale EUR je na tom podstan\u011b l\u00e9pe, ne\u017e CZK.<\/p>\n\n\n\n<p><strong>Investi\u010dn\u00ed p\u0159\u00edle\u017eitost &amp; Pobyt na palub\u011b katamar\u00e1nu &#8211; <\/strong>nab\u00edz\u00edme dluhopisy vydan\u00e9 na pokryt\u00ed n\u00e1klad\u016f unik\u00e1tn\u00edho projektu <strong><a rel=\"noreferrer noopener\" href=\"https:\/\/www.escapetonature.eu\/cz\/escape-to-pacific\/\" target=\"_blank\">\u00dat\u011bk do Pacifiku<\/a><\/strong> (Escape to Pacific). M\u00e1te p\u0159\u00edle\u017eitost podpo\u0159it smyslupln\u00fd projekt zam\u011b\u0159en\u00fd na ochranu mo\u0159sk\u00fdch \u017eivo\u010dich\u016f, kor\u00e1lov\u00fdch \u00fates\u016f a v\u00fdzkum mo\u0159sk\u00fdch biolog\u016f. <a rel=\"noreferrer noopener\" href=\"https:\/\/www.escapetonature.eu\/cz\/team\/\" target=\"_blank\"><strong>Mezin\u00e1rodn\u00ed t\u00fdm<\/strong><\/a> bude sledovat dopady zm\u011bn klimatu a oteplov\u00e1n\u00ed oce\u00e1n\u016f na kvalitu podmo\u0159sk\u00e9ho sv\u011bta. Poj\u010fte se osobn\u011b pod\u00edlet na nat\u00e1\u010den\u00ed, str\u00e1vit s t\u00fdmem n\u011bkolik dn\u016f na katamar\u00e1nu a p\u0159itom m\u00edt stabiln\u00ed v\u00fdnos v eurech po dobu n\u011bkolika let. Sta\u0148te se z\u00e1rove\u0148 investorem, partnerem projektu a \u010dlenem t\u00fdmu Escape to Nature. <strong>Ka\u017ed\u00fd vlastn\u00edk alespo\u0148 jednoho dluhopisu dostane slevu ve v\u00fd\u0161i 20% z t\u00fddenn\u00edho pobytu<\/strong> <strong><a rel=\"noreferrer noopener\" href=\"https:\/\/www.escapetonature.eu\/cz\/catamaran\/\" target=\"_blank\">na katamar\u00e1nu<\/a><\/strong>. <\/p>\n\n\n\n<p><strong><a href=\"https:\/\/www.escapetonature.eu\/cz\/catamaran\/\" target=\"_blank\" rel=\"noreferrer noopener\">Jedine\u010dn\u00fd z\u00e1\u017eitek<\/a><\/strong> &#8211; va\u0161e \u00fa\u010dast na nat\u00e1\u010den\u00ed dokument\u00e1rn\u00ed s\u00e9rie s t\u00fdmem profesion\u00e1ln\u00edch filma\u0159\u016f a mo\u0159sk\u00fdch biolog\u016f, pobyt v jedn\u00e9 z luxusn\u011b vybaven\u00fdch kajut na katamar\u00e1nu Lagoon 55 a osobn\u00ed z\u00e1\u017eitek z nat\u00e1\u010den\u00ed nov\u00e9ho seri\u00e1lu na nej\u00fa\u017easn\u011bj\u0161\u00edch m\u00edstech na\u0161i planety bude nezapomenuteln\u00fdm dobrodru\u017estv\u00edm ka\u017ed\u00e9ho \u00fa\u010dastn\u00edka projektu.<\/p>\n\n\n\n<figure class=\"wp-block-image size-large\"><img fetchpriority=\"high\" decoding=\"async\" width=\"1024\" height=\"739\" src=\"https:\/\/www.escapetonature.eu\/wp-content\/uploads\/2020\/07\/Dluhopisy_AJ_CJ-1024x739.jpg\" alt=\"\" class=\"wp-image-2279\" srcset=\"https:\/\/www.escapetonature.eu\/wp-content\/uploads\/2020\/07\/Dluhopisy_AJ_CJ-1024x739.jpg 1024w, https:\/\/www.escapetonature.eu\/wp-content\/uploads\/2020\/07\/Dluhopisy_AJ_CJ-300x217.jpg 300w, https:\/\/www.escapetonature.eu\/wp-content\/uploads\/2020\/07\/Dluhopisy_AJ_CJ-150x108.jpg 150w, https:\/\/www.escapetonature.eu\/wp-content\/uploads\/2020\/07\/Dluhopisy_AJ_CJ-768x554.jpg 768w, https:\/\/www.escapetonature.eu\/wp-content\/uploads\/2020\/07\/Dluhopisy_AJ_CJ-1536x1109.jpg 1536w, https:\/\/www.escapetonature.eu\/wp-content\/uploads\/2020\/07\/Dluhopisy_AJ_CJ-2048x1478.jpg 2048w, https:\/\/www.escapetonature.eu\/wp-content\/uploads\/2020\/07\/Dluhopisy_AJ_CJ-2000x1444.jpg 2000w, https:\/\/www.escapetonature.eu\/wp-content\/uploads\/2020\/07\/Dluhopisy_AJ_CJ-1000x722.jpg 1000w, https:\/\/www.escapetonature.eu\/wp-content\/uploads\/2020\/07\/Dluhopisy_AJ_CJ-1800x1299.jpg 1800w, https:\/\/www.escapetonature.eu\/wp-content\/uploads\/2020\/07\/Dluhopisy_AJ_CJ-776x560.jpg 776w, https:\/\/www.escapetonature.eu\/wp-content\/uploads\/2020\/07\/Dluhopisy_AJ_CJ-600x433.jpg 600w\" sizes=\"(max-width: 1024px) 100vw, 1024px\" \/><\/figure>\n\n\n\n<p>Vyd\u00e1v\u00e1me p\u011btilet\u00e9 dluhopisy pro n\u00e1\u0161 projekt \u00dat\u011bk do Pacifiku ve dvou term\u00ednech. Prvn\u00ed emise dluhopis\u016f (40 ks) byla zaregistrovan\u00e1 v \u010dervenci 2020. Druh\u00e1 emise dluhopis\u016f je napl\u00e1novan\u00e1 na l\u00e9to 2022. Dluhopisy jsou registrovan\u00e9 u \u010cesk\u00e9 n\u00e1rodn\u00ed banky a v Centr\u00e1ln\u00edm depozit\u00e1\u0159i cenn\u00fdch pap\u00edr\u016f v Praze (CDCP).<\/p>\n\n\n\n<p><strong>N\u00e1zev prvn\u00ed emise dluhopis\u016f: Escape to Nature 5.00 \/ 2025 I.<\/strong><\/p>\n\n\n\n<p>Emitent: Escape to Nature B.V.<br>ID: 77358880<br>LEI: 315700CNTDK3S4V8ZE10<br>se s\u00eddlem Herengracht 420, 1017BZ Amsterdam, Nizozem\u00ed; zapsan\u00e1 v obchodn\u00edm rejst\u0159\u00edku veden\u00e9m obchodn\u00ed komorou (KvK) v Amsterdamu, Nizozem\u00ed; RSIN: 860982844; KvK: 77358880<\/p>\n\n\n\n<p>ISIN (\u010cNB): CZ0000001268<br>\u010c\u00edslo bankovn\u00edho \u00fa\u010dtu emitenta: IBAN NL26 BUNQ 2044 5589 04; BIC\/SWIFT: BUNQNL2AXXX<br>Jmenovit\u00e1 hodnota Dluhopisu: EUR 10,000 (deset tis\u00edc euro)<br>Forma Dluhopis\u016f: Cenn\u00e9 pap\u00edry na \u0159ad<br>Podoba Dluhopis\u016f: Listinn\u00e9 cenn\u00e9 pap\u00edry<br>Emisn\u00ed kurz: 100% jmenovit\u00e9 hodnoty Dluhopis\u016f k Datu emise<br>Minim\u00e1ln\u00ed investice: 1 (jeden) Dluhopis<br>Datum emise: 1. \u010dervenec 2020<br>Emisn\u00ed lh\u016fta: Emisn\u00ed lh\u016fta pro upisov\u00e1n\u00ed Dluhopis\u016f za\u010d\u00edn\u00e1 b\u011b\u017eet dnem 1. 7. 2020 a skon\u010d\u00ed dnem 30. 6. 2021 s mo\u017enost\u00ed prodlou\u017een\u00ed<br>Dodate\u010dn\u00e1 emisn\u00ed lh\u016fta: Lze uplatnit<br>P\u0159edpokl\u00e1dan\u00fd objem emise: 400,000 EUR (\u010dty\u0159i sta tis\u00edc euro)<br>Maxim\u00e1ln\u00ed objem emise: 400,000 EUR (\u010dty\u0159i sta tis\u00edc euro)<br>\u010c\u00edslov\u00e1n\u00ed Dluhopis\u016f: 001 a\u017e 040<br>V\u00fdnos: Pevn\u00e1 sazba 5.0% ro\u010dn\u011b (per annum)<br>Datum po\u010d\u00e1tku prvn\u00edho v\u00fdnosov\u00e9ho obdob\u00ed: 1. 7. 2020<br>Den vzniku n\u00e1roku na v\u00fdplatu v\u00fdnosu: Ro\u010dn\u011b, v\u017edy k 30. 6. ka\u017ed\u00e9ho roku a\u017e do splatnosti Dluhopisu<br>Rozhodn\u00fd den pro v\u00fdplatu v\u00fdnosu: V\u017edy k 30. 6.<br>Den p\u0159ed\u010dasn\u00e9 splatnosti: K term\u00ednu splatnosti v\u00fdnosu<br>Den kone\u010dn\u00e9 splatnosti: 30. 6. 2025<br>Rozhodn\u00fd den pro splacen\u00ed jmenovit\u00e9 hodnoty: 30. 6. 2025<br>Emise: Emise zastupiteln\u00fdch Dluhopis\u016f vyd\u00e1van\u00fdch podle t\u011bchto Emisn\u00edch podm\u00ednek<br>Dluhopisy: Jednotliv\u00e9 Dluhopisy vyd\u00e1van\u00e9 v r\u00e1mci Emise<br>Administr\u00e1tor: Emitent<br>Ur\u010den\u00e1 provozovna: Herengracht 420, 1017BZ Amsterdam, Nizozem\u00ed; e-mail: spacekphotos@gmail.com; tel.: +420 725 838 238<br>Webov\u00e9 str\u00e1nky: www.escapetonature.eu<\/p>\n\n\n\n<p>\u00da\u010del emise: Prost\u0159edky z\u00edskan\u00e9 vyd\u00e1n\u00edm Dluhopis\u016f pou\u017eije Emitent k financov\u00e1n\u00ed n\u00e1kupu nov\u00e9ho katamar\u00e1nu Lagoon a kryt\u00ed nezbytn\u00fdch n\u00e1klad\u016f spojen\u00fdch se zah\u00e1jen\u00edm projektu Emitenta v p\u0159\u00ed\u0161t\u00edch p\u011bti letech.<br>Emitent na z\u00e1klad\u011b partnerstv\u00ed s v\u00fdrobcem Lagoon Catamarans (Francie) a Altumare (ofici\u00e1ln\u00ed z\u00e1stupce pro \u010cR a Slovensko) koupil speci\u00e1ln\u011b vybaven\u00fd katamar\u00e1n Lagoon pro n\u011bkolikalet\u00fd filmov\u00fd projekt \u00dat\u011bk do Pacifiku. Emitent postupn\u011b pl\u00e1nuje a prov\u00e1d\u00ed v\u0161echny nezbytn\u00e9 kroky k zah\u00e1jen\u00ed tohoto projektu s plavbou z australsk\u00e9ho p\u0159\u00edstavu Brisbane (nebo Cairns) do Port Moresby, hlavn\u00edho p\u0159\u00edstavu Papua-Nov\u00e1 Guinea. Katamar\u00e1n bude vybaven pro n\u00e1ro\u010dn\u00e9 pot\u0159eby filmov\u00e1n\u00ed pod vodou a nad vodou, pro dlouhodobou pr\u00e1ci a pobyt v\u0161ech \u010dlen\u016f t\u00fdmu po dobu n\u011bkolika t\u00fddn\u016f, ani\u017e by bylo nutn\u00e9 absolvovat \u010dast\u00e9 n\u00e1vraty do civilizace (p\u0159\u00edstav\u016f).<br>C\u00edlem projektu je nato\u010dit exkluzivn\u00ed obsah, p\u0159ibli\u017en\u011b 15 hodin dokument\u00e1rn\u00edch film\u016f, z divok\u00fdch tichomo\u0159sk\u00fdch souostrov\u00ed. Tyto filmy budou ur\u010deny k distribuci na televizn\u00ed kan\u00e1ly a v kinech po cel\u00e9m sv\u011bt\u011b. Mezin\u00e1rodn\u00ed t\u00fdm bude plout z Evropy p\u0159es Atlantik, Karibik a Panamsk\u00fdm pr\u016fplavem do Pacifiku, kde bude filmovat a prov\u00e1d\u011bt v\u00fdzkum na Galap\u00e1g\u00e1ch, Francouzsk\u00e9 Polyn\u00e9sii, a dal\u0161\u00edch ostrovech. P\u011bt let bude p\u016fsobit v oblasti Pacifiku zvan\u00e9 Melan\u00e9sie, kter\u00e1 zahrnuje souostrov\u00ed Papua-Nov\u00e1 Guinea, \u0160alamounovy ostrovy, Vanuatu, Nov\u00e1 Kaledonie a Fid\u017ei.<br>Emitent nav\u00e1zal spolupr\u00e1ci s profesion\u00e1ln\u00edmi biology a v\u011bdci z tichomo\u0159sk\u00e9ho regionu a roz\u0161i\u0159uje z\u00e1jem o projekt mezi v\u011bdci po cel\u00e9m sv\u011bt\u011b. Z\u00e1rove\u0148 p\u0159edpokl\u00e1d\u00e1, \u017ee projekt p\u0159il\u00e1k\u00e1 v\u00fdznamn\u00e9 partnery a dobrovoln\u00edky, pro kter\u00e9 se tento projekt stane posl\u00e1n\u00edm. Emitent propaguje projekt ve sv\u011bt\u011b tak, aby se za\u0159adil mezi nejl\u00e9pe propagovan\u00e9 ud\u00e1losti, kter\u00e9 p\u0159isp\u011bj\u00ed k z\u00e1chran\u011b a sledov\u00e1n\u00ed podmo\u0159sk\u00e9ho sv\u011bta na nedot\u010den\u00fdch m\u00edstech na\u0161\u00ed planety. Materi\u00e1l z d\u00edl\u010d\u00edch \u010d\u00e1st\u00ed nat\u00e1\u010den\u00ed projektu \u00dat\u011bk do Pacifiku bude pr\u016fb\u011b\u017en\u011b sd\u00edlen prost\u0159ednictv\u00edm soci\u00e1ln\u00edch s\u00edt\u00ed (Facebook, YouTube, LinkedIn, Twitter, Instagram) a webov\u00fdch str\u00e1nek. Dal\u0161\u00ed celosv\u011btov\u00e1 propagace bude zaji\u0161t\u011bna ve spolupr\u00e1ci s partnery projektu, jako je v\u00fdrobce katamar\u00e1nu Lagoon, dodavatelem pot\u00e1p\u011b\u010dsk\u00e9ho vybaven\u00ed Mares, dodavatel vybaven\u00ed Canon, nebo dal\u0161\u00edho pot\u0159ebn\u00e9ho vybaven\u00ed pro nat\u00e1\u010den\u00ed nebo pobyt na katamar\u00e1nu.<\/p>\n\n\n\n<figure class=\"wp-block-image size-large\"><img decoding=\"async\" width=\"1024\" height=\"647\" src=\"https:\/\/www.escapetonature.eu\/wp-content\/uploads\/2021\/07\/N7A0874ooooo_www-1024x647.jpg\" alt=\"\" class=\"wp-image-3005\" srcset=\"https:\/\/www.escapetonature.eu\/wp-content\/uploads\/2021\/07\/N7A0874ooooo_www-1024x647.jpg 1024w, https:\/\/www.escapetonature.eu\/wp-content\/uploads\/2021\/07\/N7A0874ooooo_www-300x190.jpg 300w, https:\/\/www.escapetonature.eu\/wp-content\/uploads\/2021\/07\/N7A0874ooooo_www-150x95.jpg 150w, https:\/\/www.escapetonature.eu\/wp-content\/uploads\/2021\/07\/N7A0874ooooo_www-768x485.jpg 768w, https:\/\/www.escapetonature.eu\/wp-content\/uploads\/2021\/07\/N7A0874ooooo_www-1536x970.jpg 1536w, https:\/\/www.escapetonature.eu\/wp-content\/uploads\/2021\/07\/N7A0874ooooo_www-2048x1294.jpg 2048w, https:\/\/www.escapetonature.eu\/wp-content\/uploads\/2021\/07\/N7A0874ooooo_www-2000x1263.jpg 2000w, https:\/\/www.escapetonature.eu\/wp-content\/uploads\/2021\/07\/N7A0874ooooo_www-1000x632.jpg 1000w, https:\/\/www.escapetonature.eu\/wp-content\/uploads\/2021\/07\/N7A0874ooooo_www-1800x1137.jpg 1800w, https:\/\/www.escapetonature.eu\/wp-content\/uploads\/2021\/07\/N7A0874ooooo_www-886x560.jpg 886w, https:\/\/www.escapetonature.eu\/wp-content\/uploads\/2021\/07\/N7A0874ooooo_www-600x379.jpg 600w\" sizes=\"(max-width: 1024px) 100vw, 1024px\" \/><figcaption class=\"wp-element-caption\">Lagoon 55 Catamaran<\/figcaption><\/figure>\n\n\n\n<p>Z\u00e1ruka investic do dluhopis\u016f Escape to Nature B.V. &#8211; aktiva spole\u010dnosti: katamar\u00e1n Lagoon; pojistn\u00e1 smlouva pro katamar\u00e1n na v\u0161echna rizika (All-Risk) s Yacht-Pool; autorsk\u00e1 pr\u00e1va a p\u0159\u00edjmy z prodeje autorsk\u00fdch pr\u00e1v vytvo\u0159en\u00e9 s\u00e9rie dokument\u016f Escape to Pacific.<\/p>\n\n\n\n<p>D\u016fle\u017eit\u00e9 upozorn\u011bn\u00ed pro partnery a investory:<br>N\u00e1\u0161 projekt nen\u00ed a nebude ohro\u017een v p\u0159\u00edpad\u011b pokra\u010dov\u00e1n\u00ed onemocn\u011bn\u00ed koronavirem (Covid-19), proto\u017ee n\u00e1\u0161 t\u00fdm se bude pohybovat izolovan\u011b od civilizace na palub\u011b na\u0161eho vlastn\u00edho katamar\u00e1nu. Katamar\u00e1n bude vybaven tak, \u017ee nebudeme z\u00e1visl\u00ed na kotven\u00ed v p\u0159\u00edstavech. Za\u0159\u00edzen\u00ed na katamar\u00e1nu budou vyr\u00e1b\u011bt na\u0161i vlastn\u00ed energii pomoc\u00ed sol\u00e1rn\u00edch panel\u016f a gener\u00e1tor\u016f. Budeme eliminovat \u010dast\u00e9 zast\u00e1vky v p\u0159\u00edstavech, abychom dopl\u0148ovali n\u00e1dr\u017ee na vodu. Z mo\u0159sk\u00e9 vody budeme vyr\u00e1b\u011bt \u010distou, \u010derstvou pitnou vodu. Syst\u00e9m odsolov\u00e1n\u00ed vody pou\u017e\u00edv\u00e1 k \u00faprav\u011b prakticky jak\u00e9hokoli zdroje mo\u0159sk\u00e9 vody na \u010derstvou a nez\u00e1vadnou vodu, kterou lze pou\u017e\u00edt k pit\u00ed, koup\u00e1n\u00ed, p\u0159\u00edprav\u011b j\u00eddla, umyt\u00ed paluby a exteri\u00e9ru a mnoha dal\u0161\u00edm \u00fa\u010del\u016fm.<\/p>\n\n\n\n<p>Vyd\u00e1n\u00ed dluhopis\u016f a pr\u00e1vn\u00edch dokument\u016f pr\u00e1vn\u011b obstarala:<br>SCHEJBAL &amp; PARTNERS s.r.o.<br>advok\u00e1tn\u00ed kancel\u00e1\u0159<\/p>\n\n\n\n\t\t<div id=\"wppdfemb-frame-container-3074\" style=\"-webkit-overflow-scrolling:auto;\">\n\t\t\t<iframe src=\"https:\/\/www.escapetonature.eu\/cz\/?pdfID=3074&#038;url=https:\/\/www.escapetonature.eu\/wp-content\/uploads\/2021\/07\/BONDS_Escape_to_Nature_I.pdf&#038;toolbar=top&#038;index=1\"\n\t\t\t\tid=\"wppdf-emb-iframe-3074\"\n\t\t\t\tdata-pdf-index=\"1\"\n\t\t\t\tclass=\"pdfembed-iframe nonfullscreen\"\n\t\t\t\tstyle=\"border:none;width:100%;max-width:100%;min-height:1000px\"\n\t\t\t\tscrolling=\"yes\">\n\t\t\t<\/iframe>\n\t\t<\/div>\n\n\t\t\n<p class=\"wp-block-pdfemb-pdf-embedder-viewer\"><\/p>\n","protected":false},"excerpt":{"rendered":"<p>Jak ochr\u00e1n\u00edme \u00faspory p\u0159ed inflac\u00ed? Nejprve investujte do na\u0161eho projektu prost\u0159ednictv\u00edm dluhopis\u016f denominovan\u00fdch v eurech. Zadruh\u00e9, kupte si nezapomenuteln\u00fd z\u00e1\u017eitek s na\u0161im t\u00fdmem na palub\u011b katamar\u00e1nu. Ka\u017ed\u00fd v\u00ed, \u017ee inflace se nevyh\u00fdb\u00e1 \u017e\u00e1dn\u00e9 m\u011bn\u011b, ale EUR je na tom podstan\u011b l\u00e9pe, ne\u017e CZK. Investi\u010dn\u00ed p\u0159\u00edle\u017eitost &amp; Pobyt na palub\u011b katamar\u00e1nu [&hellip;]<\/p>\n","protected":false},"author":2,"featured_media":2264,"parent":0,"menu_order":0,"comment_status":"closed","ping_status":"closed","template":"","meta":{"jetpack_post_was_ever_published":false,"inspiro_page_layout":"narrow","inspiro_hide_title":false,"footnotes":""},"class_list":["post-1961","page","type-page","status-publish","has-post-thumbnail","hentry"],"translation":{"provider":"WPGlobus","version":"3.0.2","language":"cz","enabled_languages":["en","cz"],"languages":{"en":{"title":true,"content":true,"excerpt":false},"cz":{"title":true,"content":true,"excerpt":false}}},"jetpack_sharing_enabled":true,"jetpack_shortlink":"https:\/\/wp.me\/PaSTm9-vD","jetpack_likes_enabled":false,"_links":{"self":[{"href":"https:\/\/www.escapetonature.eu\/cz\/wp-json\/wp\/v2\/pages\/1961","targetHints":{"allow":["GET"]}}],"collection":[{"href":"https:\/\/www.escapetonature.eu\/cz\/wp-json\/wp\/v2\/pages"}],"about":[{"href":"https:\/\/www.escapetonature.eu\/cz\/wp-json\/wp\/v2\/types\/page"}],"author":[{"embeddable":true,"href":"https:\/\/www.escapetonature.eu\/cz\/wp-json\/wp\/v2\/users\/2"}],"replies":[{"embeddable":true,"href":"https:\/\/www.escapetonature.eu\/cz\/wp-json\/wp\/v2\/comments?post=1961"}],"version-history":[{"count":217,"href":"https:\/\/www.escapetonature.eu\/cz\/wp-json\/wp\/v2\/pages\/1961\/revisions"}],"predecessor-version":[{"id":4226,"href":"https:\/\/www.escapetonature.eu\/cz\/wp-json\/wp\/v2\/pages\/1961\/revisions\/4226"}],"wp:featuredmedia":[{"embeddable":true,"href":"https:\/\/www.escapetonature.eu\/cz\/wp-json\/wp\/v2\/media\/2264"}],"wp:attachment":[{"href":"https:\/\/www.escapetonature.eu\/cz\/wp-json\/wp\/v2\/media?parent=1961"}],"curies":[{"name":"wp","href":"https:\/\/api.w.org\/{rel}","templated":true}]}}