{"id":1242,"date":"2019-04-17T20:01:08","date_gmt":"2019-04-17T18:01:08","guid":{"rendered":"https:\/\/www.escapetonature.eu\/?page_id=1242"},"modified":"2023-10-15T07:50:17","modified_gmt":"2023-10-15T05:50:17","slug":"libor-spacek","status":"publish","type":"page","link":"https:\/\/www.escapetonature.eu\/cz\/libor-spacek\/","title":{"rendered":"Libor Spacek (Lio)"},"content":{"rendered":"\n<div class=\"wp-block-media-text alignwide has-media-on-the-right is-stacked-on-mobile\"><div class=\"wp-block-media-text__content\">\n<p class=\"has-large-font-size\"><\/p>\n<\/div><figure class=\"wp-block-media-text__media\"><img fetchpriority=\"high\" decoding=\"async\" width=\"1024\" height=\"544\" src=\"https:\/\/www.escapetonature.eu\/wp-content\/uploads\/2021\/12\/Lio-Spacek-White-1024x544.png\" alt=\"\" class=\"wp-image-3489 size-full\" srcset=\"https:\/\/www.escapetonature.eu\/wp-content\/uploads\/2021\/12\/Lio-Spacek-White-1024x544.png 1024w, https:\/\/www.escapetonature.eu\/wp-content\/uploads\/2021\/12\/Lio-Spacek-White-300x159.png 300w, https:\/\/www.escapetonature.eu\/wp-content\/uploads\/2021\/12\/Lio-Spacek-White-150x80.png 150w, https:\/\/www.escapetonature.eu\/wp-content\/uploads\/2021\/12\/Lio-Spacek-White-768x408.png 768w, https:\/\/www.escapetonature.eu\/wp-content\/uploads\/2021\/12\/Lio-Spacek-White-1536x817.png 1536w, https:\/\/www.escapetonature.eu\/wp-content\/uploads\/2021\/12\/Lio-Spacek-White-2048x1089.png 2048w, https:\/\/www.escapetonature.eu\/wp-content\/uploads\/2021\/12\/Lio-Spacek-White-2000x1063.png 2000w, https:\/\/www.escapetonature.eu\/wp-content\/uploads\/2021\/12\/Lio-Spacek-White-1000x532.png 1000w, https:\/\/www.escapetonature.eu\/wp-content\/uploads\/2021\/12\/Lio-Spacek-White-1800x957.png 1800w, https:\/\/www.escapetonature.eu\/wp-content\/uploads\/2021\/12\/Lio-Spacek-White-1053x560.png 1053w, https:\/\/www.escapetonature.eu\/wp-content\/uploads\/2021\/12\/Lio-Spacek-White-600x319.png 600w\" sizes=\"(max-width: 1024px) 100vw, 1024px\" \/><\/figure><\/div>\n\n\n\n<div class=\"wp-block-media-text alignwide is-stacked-on-mobile\"><figure class=\"wp-block-media-text__media\"><img decoding=\"async\" width=\"1024\" height=\"768\" src=\"https:\/\/www.escapetonature.eu\/wp-content\/uploads\/2021\/09\/Lio_CanonR5-1024x768.jpg\" alt=\"\" class=\"wp-image-3294 size-full\" srcset=\"https:\/\/www.escapetonature.eu\/wp-content\/uploads\/2021\/09\/Lio_CanonR5-1024x768.jpg 1024w, https:\/\/www.escapetonature.eu\/wp-content\/uploads\/2021\/09\/Lio_CanonR5-300x225.jpg 300w, https:\/\/www.escapetonature.eu\/wp-content\/uploads\/2021\/09\/Lio_CanonR5-150x113.jpg 150w, https:\/\/www.escapetonature.eu\/wp-content\/uploads\/2021\/09\/Lio_CanonR5-768x576.jpg 768w, https:\/\/www.escapetonature.eu\/wp-content\/uploads\/2021\/09\/Lio_CanonR5-1536x1152.jpg 1536w, https:\/\/www.escapetonature.eu\/wp-content\/uploads\/2021\/09\/Lio_CanonR5-2048x1536.jpg 2048w, https:\/\/www.escapetonature.eu\/wp-content\/uploads\/2021\/09\/Lio_CanonR5-2000x1500.jpg 2000w, https:\/\/www.escapetonature.eu\/wp-content\/uploads\/2021\/09\/Lio_CanonR5-1000x750.jpg 1000w, https:\/\/www.escapetonature.eu\/wp-content\/uploads\/2021\/09\/Lio_CanonR5-1800x1350.jpg 1800w, https:\/\/www.escapetonature.eu\/wp-content\/uploads\/2021\/09\/Lio_CanonR5-747x560.jpg 747w, https:\/\/www.escapetonature.eu\/wp-content\/uploads\/2021\/09\/Lio_CanonR5-600x450.jpg 600w\" sizes=\"(max-width: 1024px) 100vw, 1024px\" \/><\/figure><div class=\"wp-block-media-text__content\">\n<p class=\"has-medium-font-size\"><strong>Zakladatel filmov\u00e9 a fotografick\u00e9 produkce Escape to Nature<\/strong><\/p>\n\n\n\n<p>Lio je profesion\u00e1ln\u00ed fotograf od konce 90. let a postupn\u011b se stal i vynikaj\u00edc\u00edm kameramanem. Jako instruktor pot\u00e1p\u011bn\u00ed z\u00edskal mnoho zku\u0161enost\u00ed s fotografov\u00e1n\u00edm a nat\u00e1\u010den\u00edm pod vodou. Jednou z jeho dal\u0161\u00edch dovednost\u00ed je nat\u00e1\u010den\u00ed pomoc\u00ed d\u00e1lkov\u011b ovl\u00e1dan\u00e9ho dronu. Je autorem celosv\u011btov\u011b zn\u00e1m\u00e9 kolekce \u010dernob\u00edl\u00fdch fotografi\u00ed \u201eUnderwater Fine Art Nudes\u201c. V roce 2008 se stal spoluzakladatelem oce\u0148ovan\u00e9ho projektu \u00dat\u011bk do p\u0159\u00edrody (Escape to Nature), kter\u00fd produkuje dokument\u00e1rn\u00ed filmy na ochranu oce\u00e1n\u016f, mo\u0159sk\u00fdch kor\u00e1l\u016f a a podmo\u0159sk\u00e9ho sv\u011bta.<\/p>\n<\/div><\/div>\n\n\n\n<p><\/p>\n\n\n\n<p>Lio, tak\u00e9 jako ochr\u00e1nce p\u0159\u00edrody, kter\u00fd se zaj\u00edm\u00e1 o nat\u00e1\u010den\u00ed voln\u011b \u017eij\u00edc\u00edch zv\u00ed\u0159at v p\u0159\u00edrod\u011b, hlavn\u011b \u017eivota v oce\u00e1nech a mo\u0159\u00edch, zasv\u011btil cestov\u00e1n\u00ed cel\u00fd sv\u016fj \u017eivot. Zaj\u00edmaj\u00ed ho projekty zam\u011b\u0159en\u00e9 na monitorov\u00e1n\u00ed, v\u00fdzkum a ochranu podmo\u0159sk\u00e9ho sv\u011bta, mo\u0159sk\u00fdch kor\u00e1l\u016f. B\u011bhem sv\u00fdch expedic se setk\u00e1v\u00e1 s domorod\u00fdmi kmeny a nat\u00e1\u010d\u00ed jejich ritu\u00e1ly. Lio nav\u00edc \u00fazce spolupracuje s mo\u0159sk\u00fdmi biology a v\u011bdci, kte\u0159\u00ed se zab\u00fdvaj\u00ed ot\u00e1zkami souvisej\u00edc\u00edmi s glob\u00e1ln\u00edm oteplov\u00e1n\u00edm, zne\u010di\u0161t\u011bn\u00edm mo\u0159\u00ed a oce\u00e1n\u016f a \u00fabytkem vz\u00e1cn\u00fdch \u017eivo\u010di\u0161n\u00fdch druh\u016f. R\u00e1d tr\u00e1v\u00ed \u010das na palub\u011b katamar\u00e1nu Lagoon nejen kv\u016fli sv\u00e9 pr\u00e1ci, ale i odpo\u010dinku. Jako kapit\u00e1n jachty a vedouc\u00ed v\u00fdprav je v\u017edy otev\u0159en\u00fd nov\u00fdm v\u00fdzv\u00e1m.&nbsp;<\/p>\n\n\n\n<p>V roce 2008 Libor potkal Petru Dole\u017ealovou, fotografku a novin\u00e1\u0159ku, se kterou spole\u010dn\u011b vytvo\u0159il dokument\u00e1rn\u00ed s\u00e9rii  \u00dat\u011bk do p\u0159\u00edrody\/Escape to Nature. Pod n\u00e1zvem projektu vznikly dokument\u00e1rn\u00ed filmy z exotick\u00fdch m\u00edst, odlehl\u00fdch ostrov\u016f a nep\u0159\u00edstupn\u00fdch m\u00edst na\u0161i planety. V r\u00e1mci projektu \u00dat\u011bk do p\u0159\u00edrody nato\u010dili Libor a Petra dev\u011bt hodinov\u00fdch dokument\u016f zam\u011b\u0159en\u00fdch na udr\u017eiteln\u00e9 cestov\u00e1n\u00ed a ochranu p\u0159\u00edrody, kter\u00e9 z\u00edskaly p\u0159es sto ocen\u011bn\u00ed a nominac\u00ed na mezin\u00e1rodn\u00edch filmov\u00fdch festivalech po cel\u00e9m sv\u011bt\u011b. D\u00edly z tohoto cyklu jsou nav\u00edc pravideln\u011b vys\u00edl\u00e1ny v \u010cesk\u00e9 televizi na programu \u010cT2 a distribuov\u00e1ny do zahrani\u010dn\u00edch TV kan\u00e1l\u016f.<\/p>\n\n\n\n<p><\/p>\n\n\n\n<p>&#8220;<strong>Escape to Nature B.V<\/strong>.&#8221; \u2013 Na z\u00e1klad\u011b n\u011bkolikalet\u00fdch zku\u0161enost\u00ed a \u00fasp\u011bch\u016f s filmy produkovan\u00fdmi pod zna\u010dkou Escape to Nature zalo\u017eil Libor v \u00fanoru 2020 v nizozemsk\u00e9m Amsterdamu filmovou a fotografickou spole\u010dnost Escape to Nature B.V.. V\u0161echny n\u00e1sleduj\u00edc\u00ed projekty jsou produkov\u00e1ny pod touto nizozemskou spole\u010dnost\u00ed.<\/p>\n\n\n\n<p>Chyst\u00e1 se nov\u00fd unik\u00e1tn\u00ed projekt, vytvo\u0159en\u00ed patn\u00e1cti hodinov\u00fdch dokument\u00e1rn\u00edch sn\u00edmk\u016f pro televizn\u00ed kan\u00e1ly a celove\u010dern\u00edho filmu pro distribuci do kin. \u201eB\u011bhem t\u00e9to doby bude m\u00edt t\u00fdm Escape to Nature z\u00e1kladnu na katamar\u00e1nu Lagoon, kter\u00fd se moment\u00e1ln\u011b vyr\u00e1b\u00ed podle na\u0161ich po\u017eadavk\u016f a vybaven\u00ed. Chceme b\u00fdt nez\u00e1visl\u00fd na&nbsp;civilizaci. Budeme tak v\u00edce operativn\u00ed v neprozkouman\u00fdch \u010d\u00e1stech Pacifiku,\u201c vysv\u011btluje Libor sv\u00e9 pl\u00e1ny.<\/p>\n\n\n\n<p>Na z\u00e1klad\u011b t\u011bchto obchodn\u00edch krok\u016f a vlastn\u00edch zku\u0161enost\u00ed z p\u0159edchoz\u00edch projekt\u016f se Lio vyd\u00e1 se sv\u00fdm nov\u00fdm mezin\u00e1rodn\u00edm t\u00fdmem filma\u0159\u016f a mo\u0159sk\u00fdch biolog\u016f na n\u011bkolikaletou plavbu na expedi\u010dn\u00edm katamar\u00e1nu <a rel=\"noreferrer noopener\" href=\"https:\/\/www.escapetonature.eu\/cz\/catamaran\/\" target=\"_blank\"><strong>Lagoon 55<\/strong><\/a>. V\u00fdsledkem bude nov\u00fd dokument\u00e1rn\u00ed seri\u00e1l <a rel=\"noreferrer noopener\" href=\"https:\/\/www.escapetonature.eu\/cz\/escape-to-pacific\/\" target=\"_blank\"><strong>Escape to Pacific<\/strong><\/a>. Tento projekt zahajuje novou spolupr\u00e1ci s glob\u00e1ln\u00edmi neziskov\u00fdmi organizacemi, m\u00edstn\u00edmi ochr\u00e1nci p\u0159\u00edrody a dobrovoln\u00edky z cel\u00e9ho sv\u011bta. P\u0159ipravovan\u00e1 15d\u00edln\u00e1 s\u00e9rie, filmov\u00fd projekt Escape to Pacific, za\u010dne plavbou z Francie p\u0159es Atlantik do Karibiku, p\u0159es Panamsk\u00fd pr\u016fplav do Pacifiku.<\/p>\n\n\n\n<p>\u201eV sou\u010dasn\u00e9 dob\u011b oslovujeme partnery, sponzory a z\u00e1jemce o podporu i spolupr\u00e1ci na tomto unik\u00e1tn\u00edm projektu zam\u011b\u0159en\u00fdm na ochranu p\u0159\u00edrody a podmo\u0159sk\u00e9ho sv\u011bta. Chyst\u00e1me \u0161estiletou plavbu po vzd\u00e1len\u00fdch ostrovech a \u00fatesech Ji\u017en\u00edho Pacifiku. Proto\u017ee kdy\u017e ne te\u010f, tak kdy?\u201c<\/p>\n\n\n\n<p>Nat\u00e1\u010den\u00ed projektu Escape to Pacific\/\u00dat\u011bk do Pacifiku za\u010dne b\u011bhem roku 2024.<br><\/p>\n\n\n\n<p><strong>Filmografie:<\/strong><\/p>\n\n\n\n<p><\/p>\n\n\n\n<div class=\"wp-block-media-text alignwide is-stacked-on-mobile\"><figure class=\"wp-block-media-text__media\"><img decoding=\"async\" width=\"1000\" height=\"899\" src=\"https:\/\/www.escapetonature.eu\/wp-content\/uploads\/2020\/06\/IMDb.jpg\" alt=\"\" class=\"wp-image-2265 size-full\" srcset=\"https:\/\/www.escapetonature.eu\/wp-content\/uploads\/2020\/06\/IMDb.jpg 1000w, https:\/\/www.escapetonature.eu\/wp-content\/uploads\/2020\/06\/IMDb-300x270.jpg 300w, https:\/\/www.escapetonature.eu\/wp-content\/uploads\/2020\/06\/IMDb-150x135.jpg 150w, https:\/\/www.escapetonature.eu\/wp-content\/uploads\/2020\/06\/IMDb-768x690.jpg 768w, https:\/\/www.escapetonature.eu\/wp-content\/uploads\/2020\/06\/IMDb-600x539.jpg 600w, https:\/\/www.escapetonature.eu\/wp-content\/uploads\/2020\/06\/IMDb-623x560.jpg 623w\" sizes=\"(max-width: 1000px) 100vw, 1000px\" \/><\/figure><div class=\"wp-block-media-text__content\">\n<ul class=\"wp-block-list\">\n<li>\u00dat\u011bk na Kostariky \/ trilogie (3x 52\u2032)<\/li>\n\n\n\n<li>\u00dat\u011bk na Maledivy (1x 52\u2032)<\/li>\n\n\n\n<li>\u00dat\u011bk na Papuu-Novou Guineu (1x 52\u2032)<\/li>\n\n\n\n<li>\u00dat\u011bk na Vanuatu (1x 52\u2032)<\/li>\n\n\n\n<li>\u00dat\u011bk na Svat\u00e9 Lucie (1x 52\u2032)<\/li>\n\n\n\n<li>\u00dat\u011bk na Tahiti a jeho ostrovy (1x 52\u2032)<\/li>\n\n\n\n<li>\u00dat\u011bk na Mauricius (1x 50\u2032)<\/li>\n<\/ul>\n<\/div><\/div>\n\n\n\n<p><\/p>\n\n\n\n<p><strong>Fotografick\u00e9 slu\u017eby:<\/strong><\/p>\n\n\n\n<div class=\"wp-block-media-text alignwide has-media-on-the-right is-stacked-on-mobile\"><div class=\"wp-block-media-text__content\">\n<p>Zachy\u0165te podstatu sv\u00e9 vize prost\u0159ednictv\u00edm na\u0161ich v\u00fdjime\u010dn\u011b profesion\u00e1ln\u00edmi fotografick\u00fdmi servisem. A\u0165 u\u017e hled\u00e1te vysoce kvalitn\u00ed fotografie pro vylep\u0161en\u00ed sv\u00e9ho portfolia, hled\u00e1te \u00fa\u017easn\u00e9 portr\u00e9ty, m\u00f3dn\u00ed sn\u00edmky, um\u011bleck\u00e9 fotografie nebo po\u017eadujete z\u00e1b\u011bry pro reklamu, katalogy nebo osobn\u00ed pou\u017eit\u00ed, m\u00e1me pro v\u00e1s \u0159e\u0161en\u00ed. N\u00e1\u0161 t\u00fdm zku\u0161en\u00fdch fotograf\u016f se v\u011bnuje poskytov\u00e1n\u00ed vynikaj\u00edc\u00edch v\u00fdsledk\u016f, kter\u00e9 p\u0159ed\u010d\u00ed va\u0161e o\u010dek\u00e1v\u00e1n\u00ed.<\/p>\n\n\n\n<p>To, co n\u00e1s odli\u0161uje, je n\u00e1\u0161 z\u00e1vazek poskytovat nejen v\u00fdjime\u010dn\u00e9 fotografie, ale tak\u00e9 diskr\u00e9tn\u00ed a profesion\u00e1ln\u00ed z\u00e1\u017eitek. Ch\u00e1peme d\u016fle\u017eitost zachov\u00e1n\u00ed d\u016fv\u011brnosti a zaji\u0161t\u011bn\u00ed p\u0159\u00edjemn\u00e9ho prost\u0159ed\u00ed b\u011bhem cel\u00e9ho procesu. Na\u0161\u00edm c\u00edlem je vytvo\u0159it bezprobl\u00e9mov\u00e9 a p\u0159\u00edjemn\u00e9 fotografov\u00e1n\u00ed, kter\u00e9 umo\u017en\u00ed, aby prosv\u00edtala va\u0161e prav\u00e1 podstata.<\/p>\n\n\n\n<p>Krom\u011b na\u0161ich vynikaj\u00edc\u00edch fotografick\u00fdch slu\u017eeb nab\u00edz\u00edme tak\u00e9 komplexn\u00ed mo\u017enosti n\u00e1sledn\u00e9ho zpracov\u00e1n\u00ed a \u00faprav. N\u00e1\u0161 zku\u0161en\u00fd edita\u010dn\u00ed t\u00fdm s v\u00e1mi bude \u00fazce spolupracovat, aby zajistil, \u017ee fin\u00e1ln\u00ed sn\u00edmky budou dokonale odpov\u00eddat va\u0161\u00ed vizi. A\u0165 u\u017e po\u017eadujete \u00fapravy pro tisk, web nebo platformy soci\u00e1ln\u00edch m\u00e9di\u00ed, garantujeme pe\u010dliv\u011b p\u0159ipraven\u00e9 a optimalizovan\u00e9 fotografie, kter\u00e9 zaujmou va\u0161e publikum.<\/p>\n\n\n\n<p>V\u00fdb\u011brem na\u0161ich profesion\u00e1ln\u00edch fotografick\u00fdch slu\u017eeb m\u016f\u017eete o\u010dek\u00e1vat:<\/p>\n\n\n\n<p>\u0160pi\u010dkov\u00e9 fotografick\u00e9 znalosti: N\u00e1\u0161 t\u00fdm zku\u0161en\u00fdch fotograf\u016f m\u00e1 bystr\u00fd smysl pro detail a v\u00e1\u0161e\u0148 pro zachycen\u00ed okam\u017eik\u016f, kter\u00e9 vypr\u00e1v\u011bj\u00ed v\u00e1\u0161 jedine\u010dn\u00fd p\u0159\u00edb\u011bh.<\/p>\n\n\n\n<p>R\u016fznorod\u00e9 fotografick\u00e9 styly: Od tradi\u010dn\u00edch portr\u00e9t\u016f po nejmodern\u011bj\u0161\u00ed m\u00f3dn\u00ed sn\u00edmky a podmaniv\u00e9 v\u00fdtvarn\u00e9 um\u011bn\u00ed, m\u00e1me v\u0161estrannost, abychom vyhov\u011bli va\u0161im specifick\u00fdm pot\u0159eb\u00e1m a preferenc\u00edm. Nab\u00edz\u00edme zku\u0161enosti s fotografov\u00e1n\u00edm pod vodou, interi\u00e9rech i exteri\u00e9rech, nebo prost\u0159ednictv\u00edm dr\u00f3n\u016f.<\/p>\n\n\n\n<p>Diskr\u00e9tn\u00ed a profesion\u00e1ln\u00ed slu\u017eby: B\u011bhem cel\u00e9ho fotografov\u00e1n\u00ed up\u0159ednost\u0148ujeme va\u0161e pohodl\u00ed a soukrom\u00ed, abychom zajistili bezprobl\u00e9mov\u00fd a p\u0159\u00edjemn\u00fd z\u00e1\u017eitek.<\/p>\n\n\n\n<p>V\u00fdjime\u010dn\u00e9 n\u00e1sledn\u00e9 zpracov\u00e1n\u00ed a \u00fapravy: N\u00e1\u0161 t\u00fdm pro \u00fapravy vyu\u017e\u00edv\u00e1 nejmodern\u011bj\u0161\u00ed software k o\u017eiven\u00ed va\u0161ich sn\u00edmk\u016f, p\u0159i\u010dem\u017e pe\u010dliv\u011b upravuje barvy, kontrast a kompozici, abyste dos\u00e1hli po\u017eadovan\u00e9ho \u00fa\u010dinku.<\/p>\n\n\n\n<p>Doru\u010den\u00ed na m\u00edru va\u0161im pot\u0159eb\u00e1m: A\u0165 u\u017e po\u017eadujete tisky ve vysok\u00e9m rozli\u0161en\u00ed, obr\u00e1zky p\u0159ipraven\u00e9 na web nebo optimalizaci pro soci\u00e1ln\u00ed s\u00edt\u011b, poskytneme v\u00e1m fin\u00e1ln\u00ed fotografie ve form\u00e1tu, kter\u00fd nejl\u00e9pe vyhovuje va\u0161im po\u017eadavk\u016fm.<\/p>\n\n\n\n<p>Investujte do profesion\u00e1ln\u00ed fotografie, kter\u00e1 p\u0159edvede v\u00e1\u0161 jedine\u010dn\u00fd styl a upout\u00e1 pozornost va\u0161eho publika. Kontaktujte n\u00e1s je\u0161t\u011b dnes, prodiskutujte sv\u00e9 fotografick\u00e9 pot\u0159eby a zarezervujte si sch\u016fzku s na\u0161\u00edm talentovan\u00fdm t\u00fdmem. Spole\u010dn\u011b vytvo\u0159\u00edme poutav\u00e9 z\u00e1b\u011bry, kter\u00e9 pozvednou va\u0161e portfolio, pos\u00edl\u00ed va\u0161i zna\u010dku nebo spln\u00ed jak\u00e9koli dal\u0161\u00ed kreativn\u00ed touhy, kter\u00e9 m\u00e1te.<\/p>\n\n\n\n<p>T\u011b\u0161\u00edme se na spolupr\u00e1ci s v\u00e1mi a na realizaci va\u0161\u00ed vize.<\/p>\n<\/div><figure class=\"wp-block-media-text__media\"><img loading=\"lazy\" decoding=\"async\" width=\"813\" height=\"1024\" src=\"https:\/\/www.escapetonature.eu\/wp-content\/uploads\/2023\/07\/LioSpacek_portfolio-813x1024.jpg\" alt=\"\" class=\"wp-image-4327 size-full\" srcset=\"https:\/\/www.escapetonature.eu\/wp-content\/uploads\/2023\/07\/LioSpacek_portfolio-813x1024.jpg 813w, https:\/\/www.escapetonature.eu\/wp-content\/uploads\/2023\/07\/LioSpacek_portfolio-238x300.jpg 238w, https:\/\/www.escapetonature.eu\/wp-content\/uploads\/2023\/07\/LioSpacek_portfolio-119x150.jpg 119w, https:\/\/www.escapetonature.eu\/wp-content\/uploads\/2023\/07\/LioSpacek_portfolio-768x968.jpg 768w, https:\/\/www.escapetonature.eu\/wp-content\/uploads\/2023\/07\/LioSpacek_portfolio-1219x1536.jpg 1219w, https:\/\/www.escapetonature.eu\/wp-content\/uploads\/2023\/07\/LioSpacek_portfolio-1626x2048.jpg 1626w, https:\/\/www.escapetonature.eu\/wp-content\/uploads\/2023\/07\/LioSpacek_portfolio-2000x2520.jpg 2000w, https:\/\/www.escapetonature.eu\/wp-content\/uploads\/2023\/07\/LioSpacek_portfolio-1000x1260.jpg 1000w, https:\/\/www.escapetonature.eu\/wp-content\/uploads\/2023\/07\/LioSpacek_portfolio-1800x2268.jpg 1800w, https:\/\/www.escapetonature.eu\/wp-content\/uploads\/2023\/07\/LioSpacek_portfolio-445x560.jpg 445w, https:\/\/www.escapetonature.eu\/wp-content\/uploads\/2023\/07\/LioSpacek_portfolio-600x756.jpg 600w, https:\/\/www.escapetonature.eu\/wp-content\/uploads\/2023\/07\/LioSpacek_portfolio-scaled.jpg 2032w\" sizes=\"(max-width: 813px) 100vw, 813px\" \/><\/figure><\/div>\n\n\n\n<p><strong>Libor p\u016fsob\u00ed jako jeden z \u010dlen\u016f poroty na mezin\u00e1rodn\u00edch filmov\u00fdch festivalech:<\/strong><\/p>\n\n\n\n<ul class=\"wp-block-list\">\n<li><a href=\"https:\/\/zagreb-tourfilm.com\/\" data-type=\"link\" data-id=\"https:\/\/zagreb-tourfilm.com\/\">The 12th Zagreb Tourfilm Festival<\/a> v Chorvatsku v roce 2023<\/li>\n\n\n\n<li><a rel=\"noreferrer noopener\" href=\"http:\/\/The Cannes Corporate Media &amp; TV Awards in Cannes 2021\" target=\"_blank\">The Cannes Corporate Media &amp; TV Awards<\/a> v Cannes v roce 2021<\/li>\n\n\n\n<li><a rel=\"noreferrer noopener\" href=\"http:\/\/www.filmfestawards.com\/judges.asp\" target=\"_blank\">The US International Film &amp; Video Festival<\/a> v Los Angeles, USA v roce 2020<\/li>\n\n\n\n<li><a href=\"http:\/\/www.filmfestawards.com\/judges.asp\" target=\"_blank\" rel=\"noreferrer noopener\">The US International Film &amp; Video Festival<\/a> v Los Angeles, USA v roce 2019<\/li>\n\n\n\n<li><a href=\"http:\/\/zagreb-tourfilm.com\/jury-2019\/\" target=\"_blank\" rel=\"noreferrer noopener\">The 8th ZAGREB TOURFILM FESTIVAL<\/a> v Chorvatsku v roce 2019<\/li>\n<\/ul>\n\n\n\n<p><\/p>\n","protected":false},"excerpt":{"rendered":"<p>Zakladatel filmov\u00e9 a fotografick\u00e9 produkce Escape to Nature Lio je profesion\u00e1ln\u00ed fotograf od konce 90. let a postupn\u011b se stal i vynikaj\u00edc\u00edm kameramanem. Jako instruktor pot\u00e1p\u011bn\u00ed z\u00edskal mnoho zku\u0161enost\u00ed s fotografov\u00e1n\u00edm a nat\u00e1\u010den\u00edm pod vodou. Jednou z jeho dal\u0161\u00edch dovednost\u00ed je nat\u00e1\u010den\u00ed pomoc\u00ed d\u00e1lkov\u011b ovl\u00e1dan\u00e9ho dronu. Je autorem celosv\u011btov\u011b zn\u00e1m\u00e9 [&hellip;]<\/p>\n","protected":false},"author":2,"featured_media":490,"parent":0,"menu_order":0,"comment_status":"closed","ping_status":"closed","template":"","meta":{"jetpack_post_was_ever_published":false,"inspiro_page_layout":"narrow","inspiro_hide_title":false,"footnotes":""},"class_list":["post-1242","page","type-page","status-publish","has-post-thumbnail","hentry"],"translation":{"provider":"WPGlobus","version":"3.0.2","language":"cz","enabled_languages":["en","cz"],"languages":{"en":{"title":true,"content":true,"excerpt":false},"cz":{"title":true,"content":true,"excerpt":false}}},"jetpack_sharing_enabled":true,"jetpack_shortlink":"https:\/\/wp.me\/PaSTm9-k2","jetpack_likes_enabled":false,"_links":{"self":[{"href":"https:\/\/www.escapetonature.eu\/cz\/wp-json\/wp\/v2\/pages\/1242","targetHints":{"allow":["GET"]}}],"collection":[{"href":"https:\/\/www.escapetonature.eu\/cz\/wp-json\/wp\/v2\/pages"}],"about":[{"href":"https:\/\/www.escapetonature.eu\/cz\/wp-json\/wp\/v2\/types\/page"}],"author":[{"embeddable":true,"href":"https:\/\/www.escapetonature.eu\/cz\/wp-json\/wp\/v2\/users\/2"}],"replies":[{"embeddable":true,"href":"https:\/\/www.escapetonature.eu\/cz\/wp-json\/wp\/v2\/comments?post=1242"}],"version-history":[{"count":146,"href":"https:\/\/www.escapetonature.eu\/cz\/wp-json\/wp\/v2\/pages\/1242\/revisions"}],"predecessor-version":[{"id":4382,"href":"https:\/\/www.escapetonature.eu\/cz\/wp-json\/wp\/v2\/pages\/1242\/revisions\/4382"}],"wp:featuredmedia":[{"embeddable":true,"href":"https:\/\/www.escapetonature.eu\/cz\/wp-json\/wp\/v2\/media\/490"}],"wp:attachment":[{"href":"https:\/\/www.escapetonature.eu\/cz\/wp-json\/wp\/v2\/media?parent=1242"}],"curies":[{"name":"wp","href":"https:\/\/api.w.org\/{rel}","templated":true}]}}